{"id":9565,"date":"2024-04-12T09:44:14","date_gmt":"2024-04-12T09:44:14","guid":{"rendered":"https:\/\/www.aeplima.pt\/aeplima\/equipa-de-desenvolvimento-digital-edd-copy\/"},"modified":"2025-07-23T19:27:09","modified_gmt":"2025-07-23T19:27:09","slug":"padde","status":"publish","type":"page","link":"https:\/\/www.aeplima.pt\/aeplima\/padde\/","title":{"rendered":"PADDE &#8211; Plano de A\u00e7\u00e3o para o Desenvolvimento Digital das Escolas"},"content":{"rendered":"\n<p class=\"has-text-align-center\">A Equipa de Desenvolvimento Digital do Agrupamento \u00e9 respons\u00e1vel pela elabora\u00e7\u00e3o do&nbsp;Plano de A\u00e7\u00e3o para o Desenvolvimento Digital da Escola<strong> (PADDE)<\/strong>, que visa identificar, para as dimens\u00f5es <strong>Organizacional, Tecnol\u00f3gica e Digital e Pedag\u00f3gica<\/strong>, as atividades a desenvolver, especificando os objetivos de cada uma, os seus respons\u00e1veis, os envolvidos, a calendariza\u00e7\u00e3o, a sua periodicidade e os resultados\/evid\u00eancias esperados no \u00e2mbito da aplica\u00e7\u00e3o de ciclo de garantia da qualidade. Trata-se de um documento aberto a atualiza\u00e7\u00f5es, <strong>estando atualmente em vigor o do bi\u00e9nio 2023\/2025<\/strong>.<\/p>\n\n\n\n<div class=\"wp-block-file\"><a id=\"wp-block-file--media-10522e70-4760-46b1-9eaf-4875a58cb68d\" href=\"https:\/\/www.aeplima.pt\/aeplima\/wp-content\/uploads\/2023\/04\/PADDE-AEPL.pdf\">PADDE AEPL 2021-2023 (Documento em revis\u00e3o)<\/a><a href=\"https:\/\/www.aeplima.pt\/aeplima\/wp-content\/uploads\/2023\/04\/PADDE-AEPL.pdf\" class=\"wp-block-file__button wp-element-button\" download aria-describedby=\"wp-block-file--media-10522e70-4760-46b1-9eaf-4875a58cb68d\">Descarregar<\/a><\/div>\n\n\n\n<div class=\"wp-block-file\"><a id=\"wp-block-file--media-05d2bb73-9aaf-4d5d-b7cb-7605f6ebf8dc\" href=\"https:\/\/www.aeplima.pt\/aeplima\/wp-content\/uploads\/2023\/04\/Relatorio-PADDE-01-2023.pdf\">Relat\u00f3rio PADDE &#8211; 01-2023<\/a><a href=\"https:\/\/www.aeplima.pt\/aeplima\/wp-content\/uploads\/2023\/04\/Relatorio-PADDE-01-2023.pdf\" class=\"wp-block-file__button wp-element-button\" download aria-describedby=\"wp-block-file--media-05d2bb73-9aaf-4d5d-b7cb-7605f6ebf8dc\">Descarregar<\/a><\/div>\n\n\n\n<div class=\"wp-block-file\"><a id=\"wp-block-file--media-8ffd92a0-c7f7-4363-90a0-a8fcdeae128c\" href=\"https:\/\/www.aeplima.pt\/aeplima\/wp-content\/uploads\/2023\/05\/Relatorio-PADDE-04-2023.pdf\">Relat\u00f3rio PADDE &#8211; 04-2023<\/a><a href=\"https:\/\/www.aeplima.pt\/aeplima\/wp-content\/uploads\/2023\/05\/Relatorio-PADDE-04-2023.pdf\" class=\"wp-block-file__button wp-element-button\" download aria-describedby=\"wp-block-file--media-8ffd92a0-c7f7-4363-90a0-a8fcdeae128c\">Descarregar<\/a><\/div>\n\n\n\n<div class=\"wp-block-file\"><a id=\"wp-block-file--media-7e61394d-c433-41a9-ac89-ce5e2fe96b07\" href=\"https:\/\/www.aeplima.pt\/aeplima\/wp-content\/uploads\/2024\/03\/School_report-SELFIE-julho-de-2023.pdf\">SELFIE &#8211; School_report &#8211; julho 2023<\/a><a href=\"https:\/\/www.aeplima.pt\/aeplima\/wp-content\/uploads\/2024\/03\/School_report-SELFIE-julho-de-2023.pdf\" class=\"wp-block-file__button wp-element-button\" download aria-describedby=\"wp-block-file--media-7e61394d-c433-41a9-ac89-ce5e2fe96b07\">Descarregar<\/a><\/div>\n\n\n\n<div class=\"wp-block-file\"><a id=\"wp-block-file--media-3b37707e-0573-4038-b995-135b64a86c30\" href=\"https:\/\/www.aeplima.pt\/aeplima\/wp-content\/uploads\/2024\/04\/PADDE-AEPL-2023-2025.pdf\">PADDE-AEPL-2023-2025<\/a><a href=\"https:\/\/www.aeplima.pt\/aeplima\/wp-content\/uploads\/2024\/04\/PADDE-AEPL-2023-2025.pdf\" class=\"wp-block-file__button wp-element-button\" download aria-describedby=\"wp-block-file--media-3b37707e-0573-4038-b995-135b64a86c30\">Descarregar<\/a><\/div>\n\n\n\n<div class=\"wp-block-file\"><a id=\"wp-block-file--media-1429a449-ebcd-44de-9193-881d9ffe702c\" href=\"https:\/\/www.aeplima.pt\/aeplima\/wp-content\/uploads\/2025\/06\/SELFIE-School_report-junho-2025.pdf\">SELFIE &#8211; School_report &#8211; junho 2025<\/a><a href=\"https:\/\/www.aeplima.pt\/aeplima\/wp-content\/uploads\/2025\/06\/SELFIE-School_report-junho-2025.pdf\" class=\"wp-block-file__button wp-element-button\" download aria-describedby=\"wp-block-file--media-1429a449-ebcd-44de-9193-881d9ffe702c\">Descarregar<\/a><\/div>\n\n\n\n<div data-wp-interactive=\"core\/file\" class=\"wp-block-file\"><object data-wp-bind--hidden=\"!state.hasPdfPreview\" hidden class=\"wp-block-file__embed\" data=\"https:\/\/www.aeplima.pt\/aeplima\/wp-content\/uploads\/2025\/07\/PADDE-AEPL-2025-2027.pdf\" type=\"application\/pdf\" style=\"width:100%;height:600px\" aria-label=\"Incorpora\u00e7\u00e3o de PADDE-AEPL-2025-2027.\"><\/object><a id=\"wp-block-file--media-094f2fa5-d387-417a-9aaa-f32a41444c52\" href=\"https:\/\/www.aeplima.pt\/aeplima\/wp-content\/uploads\/2025\/07\/PADDE-AEPL-2025-2027.pdf\">PADDE-AEPL-2025-2027<\/a><a href=\"https:\/\/www.aeplima.pt\/aeplima\/wp-content\/uploads\/2025\/07\/PADDE-AEPL-2025-2027.pdf\" class=\"wp-block-file__button wp-element-button\" download aria-describedby=\"wp-block-file--media-094f2fa5-d387-417a-9aaa-f32a41444c52\">Descarregar<\/a><\/div>\n","protected":false},"excerpt":{"rendered":"<p>A Equipa de Desenvolvimento Digital do Agrupamento \u00e9 respons\u00e1vel pela elabora\u00e7\u00e3o do&nbsp;Plano de A\u00e7\u00e3o para o Desenvolvimento Digital da Escola (PADDE), que visa identificar, para as dimens\u00f5es Organizacional, Tecnol\u00f3gica e Digital e Pedag\u00f3gica, as atividades a desenvolver, especificando os objetivos de cada uma, os seus respons\u00e1veis, os envolvidos, a calendariza\u00e7\u00e3o, a sua periodicidade e os [&hellip;]<\/p>\n","protected":false},"author":1,"featured_media":0,"parent":0,"menu_order":0,"comment_status":"closed","ping_status":"closed","template":"","meta":{"footnotes":""},"class_list":["post-9565","page","type-page","status-publish","hentry"],"_links":{"self":[{"href":"https:\/\/www.aeplima.pt\/aeplima\/wp-json\/wp\/v2\/pages\/9565","targetHints":{"allow":["GET"]}}],"collection":[{"href":"https:\/\/www.aeplima.pt\/aeplima\/wp-json\/wp\/v2\/pages"}],"about":[{"href":"https:\/\/www.aeplima.pt\/aeplima\/wp-json\/wp\/v2\/types\/page"}],"author":[{"embeddable":true,"href":"https:\/\/www.aeplima.pt\/aeplima\/wp-json\/wp\/v2\/users\/1"}],"replies":[{"embeddable":true,"href":"https:\/\/www.aeplima.pt\/aeplima\/wp-json\/wp\/v2\/comments?post=9565"}],"version-history":[{"count":5,"href":"https:\/\/www.aeplima.pt\/aeplima\/wp-json\/wp\/v2\/pages\/9565\/revisions"}],"predecessor-version":[{"id":14061,"href":"https:\/\/www.aeplima.pt\/aeplima\/wp-json\/wp\/v2\/pages\/9565\/revisions\/14061"}],"wp:attachment":[{"href":"https:\/\/www.aeplima.pt\/aeplima\/wp-json\/wp\/v2\/media?parent=9565"}],"curies":[{"name":"wp","href":"https:\/\/api.w.org\/{rel}","templated":true}]}}