{"id":9561,"date":"2024-04-12T09:42:50","date_gmt":"2024-04-12T09:42:50","guid":{"rendered":"https:\/\/www.aeplima.pt\/aeplima\/?page_id=9561"},"modified":"2024-04-12T09:42:52","modified_gmt":"2024-04-12T09:42:52","slug":"pua-politica-de-utilizacao-aceitavel","status":"publish","type":"page","link":"https:\/\/www.aeplima.pt\/aeplima\/pua-politica-de-utilizacao-aceitavel\/","title":{"rendered":"PUA &#8211; Pol\u00edtica de Utiliza\u00e7\u00e3o Aceit\u00e1vel"},"content":{"rendered":"\n<p>Servi\u00e7os, recursos electr\u00f3nicos e infraestrutura de comunica\u00e7\u00f5es<\/p>\n\n\n\n<div data-wp-interactive=\"core\/file\" class=\"wp-block-file\"><object data-wp-bind--hidden=\"!state.hasPdfPreview\" hidden class=\"wp-block-file__embed\" data=\"https:\/\/www.aeplima.pt\/aeplima\/wp-content\/uploads\/2024\/04\/PUA-70748.pdf\" type=\"application\/pdf\" style=\"width:100%;height:600px\" aria-label=\"Incorpora\u00e7\u00e3o de PUA.\"><\/object><a id=\"wp-block-file--media-7a704640-e777-4ce9-a24e-e91a80f383a0\" href=\"https:\/\/www.aeplima.pt\/aeplima\/wp-content\/uploads\/2024\/04\/PUA-70748.pdf\">PUA<\/a><\/div>\n","protected":false},"excerpt":{"rendered":"<p>Servi\u00e7os, recursos electr\u00f3nicos e infraestrutura de comunica\u00e7\u00f5es<\/p>\n","protected":false},"author":1,"featured_media":0,"parent":0,"menu_order":0,"comment_status":"closed","ping_status":"closed","template":"","meta":{"footnotes":""},"class_list":["post-9561","page","type-page","status-publish","hentry"],"_links":{"self":[{"href":"https:\/\/www.aeplima.pt\/aeplima\/wp-json\/wp\/v2\/pages\/9561","targetHints":{"allow":["GET"]}}],"collection":[{"href":"https:\/\/www.aeplima.pt\/aeplima\/wp-json\/wp\/v2\/pages"}],"about":[{"href":"https:\/\/www.aeplima.pt\/aeplima\/wp-json\/wp\/v2\/types\/page"}],"author":[{"embeddable":true,"href":"https:\/\/www.aeplima.pt\/aeplima\/wp-json\/wp\/v2\/users\/1"}],"replies":[{"embeddable":true,"href":"https:\/\/www.aeplima.pt\/aeplima\/wp-json\/wp\/v2\/comments?post=9561"}],"version-history":[{"count":1,"href":"https:\/\/www.aeplima.pt\/aeplima\/wp-json\/wp\/v2\/pages\/9561\/revisions"}],"predecessor-version":[{"id":9563,"href":"https:\/\/www.aeplima.pt\/aeplima\/wp-json\/wp\/v2\/pages\/9561\/revisions\/9563"}],"wp:attachment":[{"href":"https:\/\/www.aeplima.pt\/aeplima\/wp-json\/wp\/v2\/media?parent=9561"}],"curies":[{"name":"wp","href":"https:\/\/api.w.org\/{rel}","templated":true}]}}