{"id":7644,"date":"2023-11-07T16:25:14","date_gmt":"2023-11-07T16:25:14","guid":{"rendered":"https:\/\/www.aeplima.pt\/aeplima\/?page_id=7644"},"modified":"2024-04-10T11:07:49","modified_gmt":"2024-04-10T11:07:49","slug":"horta-pedagogica-espl","status":"publish","type":"page","link":"https:\/\/www.aeplima.pt\/aeplima\/horta-pedagogica-espl\/","title":{"rendered":"Ervas Arom\u00e1ticas e Medicinais"},"content":{"rendered":"\n<p>Durante o <strong>2\u00ba per\u00edodo<\/strong>, em algumas das aulas de Ci\u00eancias Naturais, os alunos das turmas 9\u00baA e 9\u00baC continuaram a monitorizar o desenvolvimento das ervas arom\u00e1ticas, j\u00e1 semeadas no 1\u00ba per\u00edodo.<\/p>\n\n\n\n<p>Houve lugar \u00e0 planta\u00e7\u00e3o de salsa e \u00e0 sementeira de ervilhas para a<strong> <em>Horta Pedag\u00f3gica<\/em><\/strong>, seguinte passo a desenvolver. Apesar de alguns contratempos (muitas n\u00e3o germinaram), a vontade continuou e novas sementeiras e planta\u00e7\u00f5es deram lugar ao crescimento agora vis\u00edvel. As ervas arom\u00e1ticas encontram-se junto da cantina da escola e poder\u00e3o ser utilizadas no tempero das refei\u00e7\u00f5es.<\/p>\n\n\n\n<p>Estas atividades proporcionaram momentos de conviv\u00eancia e de coopera\u00e7\u00e3o entre os alunos e a professora,\u00a0 fomentando-se valores de autonomia, partilha e entreajuda, com a motiva\u00e7\u00e3o sempre presente.<\/p>\n\n\n\n<figure class=\"wp-block-gallery has-nested-images columns-default is-cropped wp-block-gallery-1 is-layout-flex wp-block-gallery-is-layout-flex\">\n<figure class=\"wp-block-image size-large\"><img loading=\"lazy\" decoding=\"async\" width=\"768\" height=\"1024\" data-id=\"9533\" src=\"https:\/\/www.aeplima.pt\/aeplima\/wp-content\/uploads\/2024\/04\/8-semear-ervilhas-768x1024-1.jpg\" alt=\"\" class=\"wp-image-9533\" srcset=\"https:\/\/www.aeplima.pt\/aeplima\/wp-content\/uploads\/2024\/04\/8-semear-ervilhas-768x1024-1.jpg 768w, https:\/\/www.aeplima.pt\/aeplima\/wp-content\/uploads\/2024\/04\/8-semear-ervilhas-768x1024-1-225x300.jpg 225w\" sizes=\"auto, (max-width: 768px) 100vw, 768px\" \/><\/figure>\n\n\n\n<figure class=\"wp-block-image size-large\"><img loading=\"lazy\" decoding=\"async\" width=\"768\" height=\"1024\" data-id=\"9534\" src=\"https:\/\/www.aeplima.pt\/aeplima\/wp-content\/uploads\/2024\/04\/7-salsa-estrutura-madeira-768x1024-1.jpg\" alt=\"\" class=\"wp-image-9534\" srcset=\"https:\/\/www.aeplima.pt\/aeplima\/wp-content\/uploads\/2024\/04\/7-salsa-estrutura-madeira-768x1024-1.jpg 768w, https:\/\/www.aeplima.pt\/aeplima\/wp-content\/uploads\/2024\/04\/7-salsa-estrutura-madeira-768x1024-1-225x300.jpg 225w\" sizes=\"auto, (max-width: 768px) 100vw, 768px\" \/><\/figure>\n\n\n\n<figure class=\"wp-block-image size-large\"><img loading=\"lazy\" decoding=\"async\" width=\"768\" height=\"1024\" data-id=\"9537\" src=\"https:\/\/www.aeplima.pt\/aeplima\/wp-content\/uploads\/2024\/04\/6-regar-ervilhas_1-768x1024-1.jpg\" alt=\"\" class=\"wp-image-9537\" srcset=\"https:\/\/www.aeplima.pt\/aeplima\/wp-content\/uploads\/2024\/04\/6-regar-ervilhas_1-768x1024-1.jpg 768w, https:\/\/www.aeplima.pt\/aeplima\/wp-content\/uploads\/2024\/04\/6-regar-ervilhas_1-768x1024-1-225x300.jpg 225w\" sizes=\"auto, (max-width: 768px) 100vw, 768px\" \/><\/figure>\n\n\n\n<figure class=\"wp-block-image size-large\"><img loading=\"lazy\" decoding=\"async\" width=\"768\" height=\"1024\" data-id=\"9540\" src=\"https:\/\/www.aeplima.pt\/aeplima\/wp-content\/uploads\/2024\/04\/5-plantacao-salsa-768x1024-1.jpg\" alt=\"\" class=\"wp-image-9540\" srcset=\"https:\/\/www.aeplima.pt\/aeplima\/wp-content\/uploads\/2024\/04\/5-plantacao-salsa-768x1024-1.jpg 768w, https:\/\/www.aeplima.pt\/aeplima\/wp-content\/uploads\/2024\/04\/5-plantacao-salsa-768x1024-1-225x300.jpg 225w\" sizes=\"auto, (max-width: 768px) 100vw, 768px\" \/><\/figure>\n\n\n\n<figure class=\"wp-block-image size-large\"><img loading=\"lazy\" decoding=\"async\" width=\"1024\" height=\"1002\" data-id=\"9535\" src=\"https:\/\/www.aeplima.pt\/aeplima\/wp-content\/uploads\/2024\/04\/4-estrutura-madeira-com-ervas-1024x1002-1.jpg\" alt=\"\" class=\"wp-image-9535\" srcset=\"https:\/\/www.aeplima.pt\/aeplima\/wp-content\/uploads\/2024\/04\/4-estrutura-madeira-com-ervas-1024x1002-1.jpg 1024w, https:\/\/www.aeplima.pt\/aeplima\/wp-content\/uploads\/2024\/04\/4-estrutura-madeira-com-ervas-1024x1002-1-300x294.jpg 300w, https:\/\/www.aeplima.pt\/aeplima\/wp-content\/uploads\/2024\/04\/4-estrutura-madeira-com-ervas-1024x1002-1-768x752.jpg 768w\" sizes=\"auto, (max-width: 1024px) 100vw, 1024px\" \/><\/figure>\n\n\n\n<figure class=\"wp-block-image size-large\"><img loading=\"lazy\" decoding=\"async\" width=\"768\" height=\"1024\" data-id=\"9536\" src=\"https:\/\/www.aeplima.pt\/aeplima\/wp-content\/uploads\/2024\/04\/3-ervas-laboratorio_1-768x1024-1.jpg\" alt=\"\" class=\"wp-image-9536\" srcset=\"https:\/\/www.aeplima.pt\/aeplima\/wp-content\/uploads\/2024\/04\/3-ervas-laboratorio_1-768x1024-1.jpg 768w, https:\/\/www.aeplima.pt\/aeplima\/wp-content\/uploads\/2024\/04\/3-ervas-laboratorio_1-768x1024-1-225x300.jpg 225w\" sizes=\"auto, (max-width: 768px) 100vw, 768px\" \/><\/figure>\n\n\n\n<figure class=\"wp-block-image size-large\"><img loading=\"lazy\" decoding=\"async\" width=\"768\" height=\"1024\" data-id=\"9539\" src=\"https:\/\/www.aeplima.pt\/aeplima\/wp-content\/uploads\/2024\/04\/2crescimento-salsa-1-768x1024-1.jpg\" alt=\"\" class=\"wp-image-9539\" srcset=\"https:\/\/www.aeplima.pt\/aeplima\/wp-content\/uploads\/2024\/04\/2crescimento-salsa-1-768x1024-1.jpg 768w, https:\/\/www.aeplima.pt\/aeplima\/wp-content\/uploads\/2024\/04\/2crescimento-salsa-1-768x1024-1-225x300.jpg 225w\" sizes=\"auto, (max-width: 768px) 100vw, 768px\" \/><\/figure>\n\n\n\n<figure class=\"wp-block-image size-large\"><img loading=\"lazy\" decoding=\"async\" width=\"768\" height=\"1024\" data-id=\"9538\" src=\"https:\/\/www.aeplima.pt\/aeplima\/wp-content\/uploads\/2024\/04\/1alunos-colocar-ervas-768x1024-1.jpg\" alt=\"\" class=\"wp-image-9538\" srcset=\"https:\/\/www.aeplima.pt\/aeplima\/wp-content\/uploads\/2024\/04\/1alunos-colocar-ervas-768x1024-1.jpg 768w, https:\/\/www.aeplima.pt\/aeplima\/wp-content\/uploads\/2024\/04\/1alunos-colocar-ervas-768x1024-1-225x300.jpg 225w\" sizes=\"auto, (max-width: 768px) 100vw, 768px\" \/><\/figure>\n<\/figure>\n\n\n\n<p><strong>1\u00ba PER\u00cdODO-<\/strong> Os alunos do <strong>9\u00baA, 9\u00baB e 9\u00baC <\/strong>da ESPL, juntamente com a sua professora de Ci\u00eancias Naturais,\u00a0Marisa\u00a0Ribeiro, come\u00e7am a \u201cmeter as m\u00e3os na terra\u201d! A sementeira de ervas arom\u00e1ticas j\u00e1 iniciou com salsa e cebolinho.<\/p>\n\n\n\n<p>Aguarda-se germina\u00e7\u00e3o e crescimento das sementes e futuras planta\u00e7\u00f5es! Assim, poder\u00e1 haver um pequeno contributo para os temperos da comida da cantina!<\/p>\n\n\n\n<p>Este ano esta atividade ser\u00e1 inclu\u00edda no Projeto \u201cHorta Pedag\u00f3gica\u201d, tamb\u00e9m em colabora\u00e7\u00e3o com o Projeto ECO Escola Secund\u00e1ria.<\/p>\n\n\n\n<figure class=\"wp-block-gallery has-nested-images columns-default is-cropped wp-block-gallery-2 is-layout-flex wp-block-gallery-is-layout-flex\">\n<figure class=\"wp-block-image size-large\"><img loading=\"lazy\" decoding=\"async\" width=\"768\" height=\"1024\" data-id=\"7645\" src=\"https:\/\/www.aeplima.pt\/aeplima\/wp-content\/uploads\/2023\/11\/foto-1-768x1024.jpg\" alt=\"\" class=\"wp-image-7645\" srcset=\"https:\/\/www.aeplima.pt\/aeplima\/wp-content\/uploads\/2023\/11\/foto-1-768x1024.jpg 768w, https:\/\/www.aeplima.pt\/aeplima\/wp-content\/uploads\/2023\/11\/foto-1-225x300.jpg 225w, https:\/\/www.aeplima.pt\/aeplima\/wp-content\/uploads\/2023\/11\/foto-1-1152x1536.jpg 1152w, https:\/\/www.aeplima.pt\/aeplima\/wp-content\/uploads\/2023\/11\/foto-1-1536x2048.jpg 1536w, https:\/\/www.aeplima.pt\/aeplima\/wp-content\/uploads\/2023\/11\/foto-1-scaled.jpg 1920w\" sizes=\"auto, (max-width: 768px) 100vw, 768px\" \/><\/figure>\n\n\n\n<figure class=\"wp-block-image size-large\"><img loading=\"lazy\" decoding=\"async\" width=\"768\" height=\"1024\" data-id=\"7648\" src=\"https:\/\/www.aeplima.pt\/aeplima\/wp-content\/uploads\/2023\/11\/foto-2-768x1024.jpg\" alt=\"\" class=\"wp-image-7648\" srcset=\"https:\/\/www.aeplima.pt\/aeplima\/wp-content\/uploads\/2023\/11\/foto-2-768x1024.jpg 768w, https:\/\/www.aeplima.pt\/aeplima\/wp-content\/uploads\/2023\/11\/foto-2-225x300.jpg 225w, https:\/\/www.aeplima.pt\/aeplima\/wp-content\/uploads\/2023\/11\/foto-2-1152x1536.jpg 1152w, https:\/\/www.aeplima.pt\/aeplima\/wp-content\/uploads\/2023\/11\/foto-2-1536x2048.jpg 1536w, https:\/\/www.aeplima.pt\/aeplima\/wp-content\/uploads\/2023\/11\/foto-2-scaled.jpg 1920w\" sizes=\"auto, (max-width: 768px) 100vw, 768px\" \/><\/figure>\n\n\n\n<figure class=\"wp-block-image size-large\"><img loading=\"lazy\" decoding=\"async\" width=\"768\" height=\"1024\" data-id=\"7646\" src=\"https:\/\/www.aeplima.pt\/aeplima\/wp-content\/uploads\/2023\/11\/foto-2b-768x1024.jpg\" alt=\"\" class=\"wp-image-7646\" srcset=\"https:\/\/www.aeplima.pt\/aeplima\/wp-content\/uploads\/2023\/11\/foto-2b-768x1024.jpg 768w, https:\/\/www.aeplima.pt\/aeplima\/wp-content\/uploads\/2023\/11\/foto-2b-225x300.jpg 225w, https:\/\/www.aeplima.pt\/aeplima\/wp-content\/uploads\/2023\/11\/foto-2b-1152x1536.jpg 1152w, https:\/\/www.aeplima.pt\/aeplima\/wp-content\/uploads\/2023\/11\/foto-2b-1536x2048.jpg 1536w, https:\/\/www.aeplima.pt\/aeplima\/wp-content\/uploads\/2023\/11\/foto-2b-scaled.jpg 1920w\" sizes=\"auto, (max-width: 768px) 100vw, 768px\" \/><\/figure>\n\n\n\n<figure class=\"wp-block-image size-large\"><img loading=\"lazy\" decoding=\"async\" width=\"768\" height=\"1024\" data-id=\"7647\" src=\"https:\/\/www.aeplima.pt\/aeplima\/wp-content\/uploads\/2023\/11\/Fotos3-768x1024.jpg\" alt=\"\" class=\"wp-image-7647\" srcset=\"https:\/\/www.aeplima.pt\/aeplima\/wp-content\/uploads\/2023\/11\/Fotos3-768x1024.jpg 768w, https:\/\/www.aeplima.pt\/aeplima\/wp-content\/uploads\/2023\/11\/Fotos3-225x300.jpg 225w, https:\/\/www.aeplima.pt\/aeplima\/wp-content\/uploads\/2023\/11\/Fotos3-1152x1536.jpg 1152w, https:\/\/www.aeplima.pt\/aeplima\/wp-content\/uploads\/2023\/11\/Fotos3-1536x2048.jpg 1536w, https:\/\/www.aeplima.pt\/aeplima\/wp-content\/uploads\/2023\/11\/Fotos3-scaled.jpg 1920w\" sizes=\"auto, (max-width: 768px) 100vw, 768px\" \/><\/figure>\n<\/figure>\n","protected":false},"excerpt":{"rendered":"<p>Durante o 2\u00ba per\u00edodo, em algumas das aulas de Ci\u00eancias Naturais, os alunos das turmas 9\u00baA e 9\u00baC continuaram a monitorizar o desenvolvimento das ervas arom\u00e1ticas, j\u00e1 semeadas no 1\u00ba per\u00edodo. Houve lugar \u00e0 planta\u00e7\u00e3o de salsa e \u00e0 sementeira de ervilhas para a Horta Pedag\u00f3gica, seguinte passo a desenvolver. Apesar de alguns contratempos (muitas [&hellip;]<\/p>\n","protected":false},"author":4,"featured_media":0,"parent":0,"menu_order":0,"comment_status":"closed","ping_status":"closed","template":"","meta":{"footnotes":""},"class_list":["post-7644","page","type-page","status-publish","hentry"],"_links":{"self":[{"href":"https:\/\/www.aeplima.pt\/aeplima\/wp-json\/wp\/v2\/pages\/7644","targetHints":{"allow":["GET"]}}],"collection":[{"href":"https:\/\/www.aeplima.pt\/aeplima\/wp-json\/wp\/v2\/pages"}],"about":[{"href":"https:\/\/www.aeplima.pt\/aeplima\/wp-json\/wp\/v2\/types\/page"}],"author":[{"embeddable":true,"href":"https:\/\/www.aeplima.pt\/aeplima\/wp-json\/wp\/v2\/users\/4"}],"replies":[{"embeddable":true,"href":"https:\/\/www.aeplima.pt\/aeplima\/wp-json\/wp\/v2\/comments?post=7644"}],"version-history":[{"count":3,"href":"https:\/\/www.aeplima.pt\/aeplima\/wp-json\/wp\/v2\/pages\/7644\/revisions"}],"predecessor-version":[{"id":9541,"href":"https:\/\/www.aeplima.pt\/aeplima\/wp-json\/wp\/v2\/pages\/7644\/revisions\/9541"}],"wp:attachment":[{"href":"https:\/\/www.aeplima.pt\/aeplima\/wp-json\/wp\/v2\/media?parent=7644"}],"curies":[{"name":"wp","href":"https:\/\/api.w.org\/{rel}","templated":true}]}}