{"id":7574,"date":"2023-11-06T11:06:54","date_gmt":"2023-11-06T11:06:54","guid":{"rendered":"https:\/\/www.aeplima.pt\/aeplima\/?page_id=7574"},"modified":"2024-02-05T15:49:37","modified_gmt":"2024-02-05T15:49:37","slug":"laboratorio-de-matematica","status":"publish","type":"page","link":"https:\/\/www.aeplima.pt\/aeplima\/laboratorio-de-matematica\/","title":{"rendered":"Laborat\u00f3rio de Matem\u00e1tica"},"content":{"rendered":"\n<p>O <strong>Laborat\u00f3rio de Matem\u00e1tica<\/strong> \u00e9 um espa\u00e7o que pretende promover atividades educativas, l\u00fadicas e recreativas na escola, dinamizado pela \u00e1rea disciplinar de Matem\u00e1tica.<\/p>\n\n\n\n<p>No <strong>espa\u00e7o f\u00edsico do Laborat\u00f3rio de Matem\u00e1tica, na sala D1 05<\/strong> (ESPL), \u00e9 poss\u00edvel jogar, resolver puzzles e enigmas, esclarecer d\u00favidas e estudar. Pretende-se promover e incentivar os alunos a participarem em concursos e campeonatos de matem\u00e1tica, a realizar na escola e a n\u00edvel nacional. Haver\u00e1 a dinamiza\u00e7\u00e3o de palestras, de teatros, entre outras atividades.<\/p>\n\n\n\n<p>Este projeto tem como principais objetivos:<\/p>\n\n\n\n<p>\u00b7 despertar o gosto pela matem\u00e1tica;<\/p>\n\n\n\n<p>\u00b7 valorizar a matem\u00e1tica no quotidiano;<\/p>\n\n\n\n<p>\u00b7 estimular a concentra\u00e7\u00e3o e a visualiza\u00e7\u00e3o;<\/p>\n\n\n\n<p>\u00b7 fomentar o \u201cpensar primeiro\u201d e o \u201cpesar de op\u00e7\u00f5es\u201d;<\/p>\n\n\n\n<p>\u00b7 desenvolver o pensamento abstrato;<\/p>\n\n\n\n<p>\u00b7 fortalecer o racioc\u00ednio l\u00f3gico e dedutivo;<\/p>\n\n\n\n<p>\u00b7 aperfei\u00e7oar a capacidade de resolver problemas;<\/p>\n\n\n\n<p>\u00b7 promover o pensamento computacional;<\/p>\n\n\n\n<p>\u00b7 incutir atitudes de persist\u00eancia, autoconfian\u00e7a e responsabilidade.<\/p>\n\n\n\n<p>O espa\u00e7o est\u00e1 aberto a toda a comunidade educativa e n\u00e3o carece de inscri\u00e7\u00e3o pr\u00e9via.<\/p>\n\n\n\n<div data-wp-interactive=\"core\/file\" class=\"wp-block-file\"><object data-wp-bind--hidden=\"!state.hasPdfPreview\" hidden class=\"wp-block-file__embed\" data=\"https:\/\/www.aeplima.pt\/aeplima\/wp-content\/uploads\/2023\/11\/2-cartaz-laboratoriomat.pdf\" type=\"application\/pdf\" style=\"width:100%;height:600px\" aria-label=\"Incorpora\u00e7\u00e3o de 2-cartaz-laboratoriomat.\"><\/object><a id=\"wp-block-file--media-03fc58fa-32df-4df7-bb6c-816ba7b3d59a\" href=\"https:\/\/www.aeplima.pt\/aeplima\/wp-content\/uploads\/2023\/11\/2-cartaz-laboratoriomat.pdf\">2-cartaz-laboratoriomat<\/a><a href=\"https:\/\/www.aeplima.pt\/aeplima\/wp-content\/uploads\/2023\/11\/2-cartaz-laboratoriomat.pdf\" class=\"wp-block-file__button wp-element-button\" download aria-describedby=\"wp-block-file--media-03fc58fa-32df-4df7-bb6c-816ba7b3d59a\">Descarregar<\/a><\/div>\n\n\n\n<p><\/p>\n","protected":false},"excerpt":{"rendered":"<p>O Laborat\u00f3rio de Matem\u00e1tica \u00e9 um espa\u00e7o que pretende promover atividades educativas, l\u00fadicas e recreativas na escola, dinamizado pela \u00e1rea disciplinar de Matem\u00e1tica. No espa\u00e7o f\u00edsico do Laborat\u00f3rio de Matem\u00e1tica, na sala D1 05 (ESPL), \u00e9 poss\u00edvel jogar, resolver puzzles e enigmas, esclarecer d\u00favidas e estudar. Pretende-se promover e incentivar os alunos a participarem em [&hellip;]<\/p>\n","protected":false},"author":4,"featured_media":0,"parent":0,"menu_order":0,"comment_status":"closed","ping_status":"closed","template":"","meta":{"footnotes":""},"class_list":["post-7574","page","type-page","status-publish","hentry"],"_links":{"self":[{"href":"https:\/\/www.aeplima.pt\/aeplima\/wp-json\/wp\/v2\/pages\/7574","targetHints":{"allow":["GET"]}}],"collection":[{"href":"https:\/\/www.aeplima.pt\/aeplima\/wp-json\/wp\/v2\/pages"}],"about":[{"href":"https:\/\/www.aeplima.pt\/aeplima\/wp-json\/wp\/v2\/types\/page"}],"author":[{"embeddable":true,"href":"https:\/\/www.aeplima.pt\/aeplima\/wp-json\/wp\/v2\/users\/4"}],"replies":[{"embeddable":true,"href":"https:\/\/www.aeplima.pt\/aeplima\/wp-json\/wp\/v2\/comments?post=7574"}],"version-history":[{"count":8,"href":"https:\/\/www.aeplima.pt\/aeplima\/wp-json\/wp\/v2\/pages\/7574\/revisions"}],"predecessor-version":[{"id":8610,"href":"https:\/\/www.aeplima.pt\/aeplima\/wp-json\/wp\/v2\/pages\/7574\/revisions\/8610"}],"wp:attachment":[{"href":"https:\/\/www.aeplima.pt\/aeplima\/wp-json\/wp\/v2\/media?parent=7574"}],"curies":[{"name":"wp","href":"https:\/\/api.w.org\/{rel}","templated":true}]}}