{"id":7561,"date":"2023-11-03T15:59:46","date_gmt":"2023-11-03T15:59:46","guid":{"rendered":"https:\/\/www.aeplima.pt\/aeplima\/?page_id=7561"},"modified":"2023-11-03T16:00:28","modified_gmt":"2023-11-03T16:00:28","slug":"rede-de-escolas-para-a-educacao-intercultural-reei","status":"publish","type":"page","link":"https:\/\/www.aeplima.pt\/aeplima\/rede-de-escolas-para-a-educacao-intercultural-reei\/","title":{"rendered":"Rede de Escolas para a Educa\u00e7\u00e3o Intercultural (REEI)"},"content":{"rendered":"<div class=\"wp-block-image\">\n<figure class=\"aligncenter size-full\"><img loading=\"lazy\" decoding=\"async\" width=\"520\" height=\"302\" src=\"https:\/\/www.aeplima.pt\/aeplima\/wp-content\/uploads\/2023\/11\/cropped-article-1.png\" alt=\"\" class=\"wp-image-7545\" srcset=\"https:\/\/www.aeplima.pt\/aeplima\/wp-content\/uploads\/2023\/11\/cropped-article-1.png 520w, https:\/\/www.aeplima.pt\/aeplima\/wp-content\/uploads\/2023\/11\/cropped-article-1-300x174.png 300w\" sizes=\"auto, (max-width: 520px) 100vw, 520px\" \/><\/figure>\n<\/div>\n\n\n<p>A REEI \u00e9 um programa nacional de estabelecimentos de educa\u00e7\u00e3o e ensino, p\u00fablico e particular, comprometido com os princ\u00edpios e valores da educa\u00e7\u00e3o intercultural, com a valoriza\u00e7\u00e3o da diversidade e com o sucesso escolar de todas as crian\u00e7as e jovens do pr\u00e9-escolar ao ensino secund\u00e1rio .&nbsp;<\/p>\n\n\n\n<p>A REEI \u00e9 uma iniciativa da ACM, IP, promovida conjuntamente com a Dire\u00e7\u00e3o-Geral da Educa\u00e7\u00e3o (DGE) do Minist\u00e9rio da Educa\u00e7\u00e3o e Ci\u00eancia (MEC) e a Funda\u00e7\u00e3o Aga Khan Portugal.&nbsp;<\/p>\n\n\n\n<p>Mais informa\u00e7\u00f5es em <a href=\"https:\/\/www.dge.mec.pt\/rede-de-escolas-para-educacao-intercultural\">https:\/\/www.dge.mec.pt\/rede-de-escolas-para-educacao-intercultural<\/a><\/p>\n","protected":false},"excerpt":{"rendered":"<p>A REEI \u00e9 um programa nacional de estabelecimentos de educa\u00e7\u00e3o e ensino, p\u00fablico e particular, comprometido com os princ\u00edpios e valores da educa\u00e7\u00e3o intercultural, com a valoriza\u00e7\u00e3o da diversidade e com o sucesso escolar de todas as crian\u00e7as e jovens do pr\u00e9-escolar ao ensino secund\u00e1rio .&nbsp; A REEI \u00e9 uma iniciativa da ACM, IP, promovida [&hellip;]<\/p>\n","protected":false},"author":1,"featured_media":0,"parent":0,"menu_order":0,"comment_status":"closed","ping_status":"closed","template":"","meta":{"footnotes":""},"class_list":["post-7561","page","type-page","status-publish","hentry"],"_links":{"self":[{"href":"https:\/\/www.aeplima.pt\/aeplima\/wp-json\/wp\/v2\/pages\/7561","targetHints":{"allow":["GET"]}}],"collection":[{"href":"https:\/\/www.aeplima.pt\/aeplima\/wp-json\/wp\/v2\/pages"}],"about":[{"href":"https:\/\/www.aeplima.pt\/aeplima\/wp-json\/wp\/v2\/types\/page"}],"author":[{"embeddable":true,"href":"https:\/\/www.aeplima.pt\/aeplima\/wp-json\/wp\/v2\/users\/1"}],"replies":[{"embeddable":true,"href":"https:\/\/www.aeplima.pt\/aeplima\/wp-json\/wp\/v2\/comments?post=7561"}],"version-history":[{"count":4,"href":"https:\/\/www.aeplima.pt\/aeplima\/wp-json\/wp\/v2\/pages\/7561\/revisions"}],"predecessor-version":[{"id":7565,"href":"https:\/\/www.aeplima.pt\/aeplima\/wp-json\/wp\/v2\/pages\/7561\/revisions\/7565"}],"wp:attachment":[{"href":"https:\/\/www.aeplima.pt\/aeplima\/wp-json\/wp\/v2\/media?parent=7561"}],"curies":[{"name":"wp","href":"https:\/\/api.w.org\/{rel}","templated":true}]}}