{"id":6298,"date":"2023-05-22T15:48:38","date_gmt":"2023-05-22T15:48:38","guid":{"rendered":"https:\/\/www.aeplima.pt\/aeplima\/?page_id=6298"},"modified":"2024-10-19T16:04:54","modified_gmt":"2024-10-19T16:04:54","slug":"equipa-de-desenvolvimento-digital-edd","status":"publish","type":"page","link":"https:\/\/www.aeplima.pt\/aeplima\/equipa-de-desenvolvimento-digital-edd\/","title":{"rendered":"Equipa de Desenvolvimento Digital (EDD)"},"content":{"rendered":"\n<p class=\"has-text-align-center\">A Resolu\u00e7\u00e3o do Conselho de Ministros n.\u00ba 30\/ 2020, de 21 de abril prev\u00ea a integra\u00e7\u00e3o transversal das tecnologias nas diferentes \u00e1reas curriculares dos Ensinos B\u00e1sico e Secund\u00e1rio, visando a melhoria cont\u00ednua da qualidade das aprendizagens e a inova\u00e7\u00e3o e desenvolvimento do sistema educativo.<\/p>\n\n\n\n<p class=\"has-text-align-center\">A Equipa de Desenvolvimento Digital (EDD) \u00e9 composta por 7 docentes e 1 assistente t\u00e9cnico, com as seguintes fun\u00e7\u00f5es e \u00e1reas de atua\u00e7\u00e3o:<\/p>\n\n\n<div class=\"wp-block-image\">\n<figure class=\"aligncenter size-full\"><img loading=\"lazy\" decoding=\"async\" width=\"877\" height=\"345\" src=\"https:\/\/www.aeplima.pt\/aeplima\/wp-content\/uploads\/2024\/10\/Captura-de-ecra-2024-10-19-170337.jpg\" alt=\"\" class=\"wp-image-11269\" srcset=\"https:\/\/www.aeplima.pt\/aeplima\/wp-content\/uploads\/2024\/10\/Captura-de-ecra-2024-10-19-170337.jpg 877w, https:\/\/www.aeplima.pt\/aeplima\/wp-content\/uploads\/2024\/10\/Captura-de-ecra-2024-10-19-170337-300x118.jpg 300w, https:\/\/www.aeplima.pt\/aeplima\/wp-content\/uploads\/2024\/10\/Captura-de-ecra-2024-10-19-170337-768x302.jpg 768w\" sizes=\"auto, (max-width: 877px) 100vw, 877px\" \/><\/figure>\n<\/div>","protected":false},"excerpt":{"rendered":"<p>A Resolu\u00e7\u00e3o do Conselho de Ministros n.\u00ba 30\/ 2020, de 21 de abril prev\u00ea a integra\u00e7\u00e3o transversal das tecnologias nas diferentes \u00e1reas curriculares dos Ensinos B\u00e1sico e Secund\u00e1rio, visando a melhoria cont\u00ednua da qualidade das aprendizagens e a inova\u00e7\u00e3o e desenvolvimento do sistema educativo. A Equipa de Desenvolvimento Digital (EDD) \u00e9 composta por 7 docentes [&hellip;]<\/p>\n","protected":false},"author":1,"featured_media":0,"parent":0,"menu_order":0,"comment_status":"closed","ping_status":"closed","template":"","meta":{"footnotes":""},"class_list":["post-6298","page","type-page","status-publish","hentry"],"_links":{"self":[{"href":"https:\/\/www.aeplima.pt\/aeplima\/wp-json\/wp\/v2\/pages\/6298","targetHints":{"allow":["GET"]}}],"collection":[{"href":"https:\/\/www.aeplima.pt\/aeplima\/wp-json\/wp\/v2\/pages"}],"about":[{"href":"https:\/\/www.aeplima.pt\/aeplima\/wp-json\/wp\/v2\/types\/page"}],"author":[{"embeddable":true,"href":"https:\/\/www.aeplima.pt\/aeplima\/wp-json\/wp\/v2\/users\/1"}],"replies":[{"embeddable":true,"href":"https:\/\/www.aeplima.pt\/aeplima\/wp-json\/wp\/v2\/comments?post=6298"}],"version-history":[{"count":9,"href":"https:\/\/www.aeplima.pt\/aeplima\/wp-json\/wp\/v2\/pages\/6298\/revisions"}],"predecessor-version":[{"id":11270,"href":"https:\/\/www.aeplima.pt\/aeplima\/wp-json\/wp\/v2\/pages\/6298\/revisions\/11270"}],"wp:attachment":[{"href":"https:\/\/www.aeplima.pt\/aeplima\/wp-json\/wp\/v2\/media?parent=6298"}],"curies":[{"name":"wp","href":"https:\/\/api.w.org\/{rel}","templated":true}]}}