{"id":6151,"date":"2023-05-11T16:31:49","date_gmt":"2023-05-11T16:31:49","guid":{"rendered":"https:\/\/www.aeplima.pt\/aeplima\/?page_id=6151"},"modified":"2025-06-02T15:20:24","modified_gmt":"2025-06-02T15:20:24","slug":"politica-de-privacidade-e-protecao-de-dados-pessoais-do-aepl","status":"publish","type":"page","link":"https:\/\/www.aeplima.pt\/aeplima\/politica-de-privacidade-e-protecao-de-dados-pessoais-do-aepl\/","title":{"rendered":"Pol\u00edtica de Privacidade e Prote\u00e7\u00e3o de Dados Pessoais do AEPL"},"content":{"rendered":"\n<div data-wp-interactive=\"core\/file\" class=\"wp-block-file\"><object data-wp-bind--hidden=\"!state.hasPdfPreview\" hidden class=\"wp-block-file__embed\" data=\"https:\/\/www.aeplima.pt\/aeplima\/wp-content\/uploads\/2025\/06\/Politica-de-Privacidade-e-Protecao-de-Dados-Pessoais-do-AEPL-final.pdf\" type=\"application\/pdf\" style=\"width:100%;height:600px\" aria-label=\"Incorpora\u00e7\u00e3o de Pol\u00edtica de Privacidade e Prote\u00e7\u00e3o de Dados Pessoais do AEPL.\"><\/object><a id=\"wp-block-file--media-ff0c7dfa-884d-4854-978a-e9a0c37afb12\" href=\"https:\/\/www.aeplima.pt\/aeplima\/wp-content\/uploads\/2025\/06\/Politica-de-Privacidade-e-Protecao-de-Dados-Pessoais-do-AEPL-final.pdf\">Pol\u00edtica de Privacidade e Prote\u00e7\u00e3o de Dados Pessoais do AEPL<\/a><a href=\"https:\/\/www.aeplima.pt\/aeplima\/wp-content\/uploads\/2025\/06\/Politica-de-Privacidade-e-Protecao-de-Dados-Pessoais-do-AEPL-final.pdf\" class=\"wp-block-file__button wp-element-button\" download aria-describedby=\"wp-block-file--media-ff0c7dfa-884d-4854-978a-e9a0c37afb12\">Descarregar<\/a><\/div>\n","protected":false},"excerpt":{"rendered":"","protected":false},"author":1,"featured_media":0,"parent":0,"menu_order":0,"comment_status":"closed","ping_status":"closed","template":"","meta":{"footnotes":""},"class_list":["post-6151","page","type-page","status-publish","hentry"],"_links":{"self":[{"href":"https:\/\/www.aeplima.pt\/aeplima\/wp-json\/wp\/v2\/pages\/6151","targetHints":{"allow":["GET"]}}],"collection":[{"href":"https:\/\/www.aeplima.pt\/aeplima\/wp-json\/wp\/v2\/pages"}],"about":[{"href":"https:\/\/www.aeplima.pt\/aeplima\/wp-json\/wp\/v2\/types\/page"}],"author":[{"embeddable":true,"href":"https:\/\/www.aeplima.pt\/aeplima\/wp-json\/wp\/v2\/users\/1"}],"replies":[{"embeddable":true,"href":"https:\/\/www.aeplima.pt\/aeplima\/wp-json\/wp\/v2\/comments?post=6151"}],"version-history":[{"count":2,"href":"https:\/\/www.aeplima.pt\/aeplima\/wp-json\/wp\/v2\/pages\/6151\/revisions"}],"predecessor-version":[{"id":13793,"href":"https:\/\/www.aeplima.pt\/aeplima\/wp-json\/wp\/v2\/pages\/6151\/revisions\/13793"}],"wp:attachment":[{"href":"https:\/\/www.aeplima.pt\/aeplima\/wp-json\/wp\/v2\/media?parent=6151"}],"curies":[{"name":"wp","href":"https:\/\/api.w.org\/{rel}","templated":true}]}}