{"id":4674,"date":"2023-04-17T15:30:42","date_gmt":"2023-04-17T15:30:42","guid":{"rendered":"https:\/\/www.aeplima.pt\/aeplima\/?page_id=4674"},"modified":"2023-04-17T15:30:59","modified_gmt":"2023-04-17T15:30:59","slug":"gabinete-de-informacao-e-apoio-ao-aluno-giaa","status":"publish","type":"page","link":"https:\/\/www.aeplima.pt\/aeplima\/gabinete-de-informacao-e-apoio-ao-aluno-giaa\/","title":{"rendered":"Gabinete de Informa\u00e7\u00e3o e Apoio ao Aluno (GIAA)"},"content":{"rendered":"\n<p class=\"has-text-align-center\">O Gabinete de Informa\u00e7\u00e3o e Apoio ao Aluno (GIAA), da responsabilidade da UCC e da Equipa PES (Projeto de Educa\u00e7\u00e3o para a Sa\u00fade) dos agrupamentos escolares, \u00e9 um espa\u00e7o de informa\u00e7\u00e3o e apoio no \u00e2mbito da educa\u00e7\u00e3o para a sa\u00fade, com o objetivo geral de promover a sa\u00fade integral dos jovens nas v\u00e1rias dimens\u00f5es do bem-estar f\u00edsico, mental e social.<\/p>\n\n\n\n<p class=\"has-text-align-center\">Funciona nas escolas sede dos Agrupamentos Ant\u00f3nio Feij\u00f3, Arcozelo, Freixo e Escolas de Ponte de Lima e na Escola Profissional de Agricultura e Desenvolvimento Rural de Ponte de Lima.<\/p>\n\n\n\n<div data-wp-interactive=\"core\/file\" class=\"wp-block-file\"><object data-wp-bind--hidden=\"!state.hasPdfPreview\" hidden class=\"wp-block-file__embed\" data=\"https:\/\/www.aeplima.pt\/aeplima\/wp-content\/uploads\/2023\/04\/GIAA.pdf\" type=\"application\/pdf\" style=\"width:100%;height:600px\" aria-label=\"Incorpora\u00e7\u00e3o de GIAA.\"><\/object><a id=\"wp-block-file--media-268da0d8-4bba-4281-a808-3343c8cde50e\" href=\"https:\/\/www.aeplima.pt\/aeplima\/wp-content\/uploads\/2023\/04\/GIAA.pdf\">GIAA<\/a><a href=\"https:\/\/www.aeplima.pt\/aeplima\/wp-content\/uploads\/2023\/04\/GIAA.pdf\" class=\"wp-block-file__button wp-element-button\" download aria-describedby=\"wp-block-file--media-268da0d8-4bba-4281-a808-3343c8cde50e\">Descarregar<\/a><\/div>\n","protected":false},"excerpt":{"rendered":"<p>O Gabinete de Informa\u00e7\u00e3o e Apoio ao Aluno (GIAA), da responsabilidade da UCC e da Equipa PES (Projeto de Educa\u00e7\u00e3o para a Sa\u00fade) dos agrupamentos escolares, \u00e9 um espa\u00e7o de informa\u00e7\u00e3o e apoio no \u00e2mbito da educa\u00e7\u00e3o para a sa\u00fade, com o objetivo geral de promover a sa\u00fade integral dos jovens nas v\u00e1rias dimens\u00f5es do [&hellip;]<\/p>\n","protected":false},"author":1,"featured_media":0,"parent":0,"menu_order":0,"comment_status":"closed","ping_status":"closed","template":"","meta":{"footnotes":""},"class_list":["post-4674","page","type-page","status-publish","hentry"],"_links":{"self":[{"href":"https:\/\/www.aeplima.pt\/aeplima\/wp-json\/wp\/v2\/pages\/4674","targetHints":{"allow":["GET"]}}],"collection":[{"href":"https:\/\/www.aeplima.pt\/aeplima\/wp-json\/wp\/v2\/pages"}],"about":[{"href":"https:\/\/www.aeplima.pt\/aeplima\/wp-json\/wp\/v2\/types\/page"}],"author":[{"embeddable":true,"href":"https:\/\/www.aeplima.pt\/aeplima\/wp-json\/wp\/v2\/users\/1"}],"replies":[{"embeddable":true,"href":"https:\/\/www.aeplima.pt\/aeplima\/wp-json\/wp\/v2\/comments?post=4674"}],"version-history":[{"count":1,"href":"https:\/\/www.aeplima.pt\/aeplima\/wp-json\/wp\/v2\/pages\/4674\/revisions"}],"predecessor-version":[{"id":4676,"href":"https:\/\/www.aeplima.pt\/aeplima\/wp-json\/wp\/v2\/pages\/4674\/revisions\/4676"}],"wp:attachment":[{"href":"https:\/\/www.aeplima.pt\/aeplima\/wp-json\/wp\/v2\/media?parent=4674"}],"curies":[{"name":"wp","href":"https:\/\/api.w.org\/{rel}","templated":true}]}}