{"id":4592,"date":"2023-04-17T10:06:01","date_gmt":"2023-04-17T10:06:01","guid":{"rendered":"https:\/\/www.aeplima.pt\/aeplima\/?page_id=4592"},"modified":"2023-04-17T15:16:57","modified_gmt":"2023-04-17T15:16:57","slug":"acesso-ao-ensino-superior","status":"publish","type":"page","link":"https:\/\/www.aeplima.pt\/aeplima\/acesso-ao-ensino-superior\/","title":{"rendered":"Acesso ao Ensino Superior"},"content":{"rendered":"\n<p class=\"has-text-align-center\"><a href=\"https:\/\/www.dges.gov.pt\/pt\/pagina\/informacao-geral-publico\" target=\"_blank\" rel=\"noreferrer noopener\"><strong>DGES &#8211;<\/strong> <strong>Informa\u00e7\u00e3o Geral &#8211; Concurso Nacional de Acesso<\/strong><\/a><\/p>\n\n\n\n<p class=\"has-text-align-center\"><\/p>\n\n\n\n<p class=\"has-text-align-center\"><strong>Pr\u00e9-requisitos exigidos para a candidatura \u00e0 matr\u00edcula e inscri\u00e7\u00e3o no ensino superior:<\/strong><\/p>\n\n\n\n<div data-wp-interactive=\"core\/file\" class=\"wp-block-file\"><object data-wp-bind--hidden=\"!state.hasPdfPreview\" hidden class=\"wp-block-file__embed\" data=\"https:\/\/www.aeplima.pt\/aeplima\/wp-content\/uploads\/2023\/04\/Pre_requisitos_2023-Acesso-Ensino-Superior.pdf\" type=\"application\/pdf\" style=\"width:100%;height:600px\" aria-label=\"Incorpora\u00e7\u00e3o de Pre_requisitos_2023-Acesso-Ensino-Superior.\"><\/object><a id=\"wp-block-file--media-81ad943a-a63d-4fd1-8c21-3b0ab7ae04be\" href=\"https:\/\/www.aeplima.pt\/aeplima\/wp-content\/uploads\/2023\/04\/Pre_requisitos_2023-Acesso-Ensino-Superior.pdf\">Pre_requisitos_2023-Acesso-Ensino-Superior<\/a><a href=\"https:\/\/www.aeplima.pt\/aeplima\/wp-content\/uploads\/2023\/04\/Pre_requisitos_2023-Acesso-Ensino-Superior.pdf\" class=\"wp-block-file__button wp-element-button\" download aria-describedby=\"wp-block-file--media-81ad943a-a63d-4fd1-8c21-3b0ab7ae04be\">Descarregar<\/a><\/div>\n","protected":false},"excerpt":{"rendered":"<p>DGES &#8211; Informa\u00e7\u00e3o Geral &#8211; Concurso Nacional de Acesso Pr\u00e9-requisitos exigidos para a candidatura \u00e0 matr\u00edcula e inscri\u00e7\u00e3o no ensino superior:<\/p>\n","protected":false},"author":1,"featured_media":0,"parent":0,"menu_order":0,"comment_status":"closed","ping_status":"closed","template":"","meta":{"footnotes":""},"class_list":["post-4592","page","type-page","status-publish","hentry"],"_links":{"self":[{"href":"https:\/\/www.aeplima.pt\/aeplima\/wp-json\/wp\/v2\/pages\/4592","targetHints":{"allow":["GET"]}}],"collection":[{"href":"https:\/\/www.aeplima.pt\/aeplima\/wp-json\/wp\/v2\/pages"}],"about":[{"href":"https:\/\/www.aeplima.pt\/aeplima\/wp-json\/wp\/v2\/types\/page"}],"author":[{"embeddable":true,"href":"https:\/\/www.aeplima.pt\/aeplima\/wp-json\/wp\/v2\/users\/1"}],"replies":[{"embeddable":true,"href":"https:\/\/www.aeplima.pt\/aeplima\/wp-json\/wp\/v2\/comments?post=4592"}],"version-history":[{"count":3,"href":"https:\/\/www.aeplima.pt\/aeplima\/wp-json\/wp\/v2\/pages\/4592\/revisions"}],"predecessor-version":[{"id":4673,"href":"https:\/\/www.aeplima.pt\/aeplima\/wp-json\/wp\/v2\/pages\/4592\/revisions\/4673"}],"wp:attachment":[{"href":"https:\/\/www.aeplima.pt\/aeplima\/wp-json\/wp\/v2\/media?parent=4592"}],"curies":[{"name":"wp","href":"https:\/\/api.w.org\/{rel}","templated":true}]}}