{"id":395,"date":"2023-02-28T12:15:50","date_gmt":"2023-02-28T12:15:50","guid":{"rendered":"https:\/\/www.aeplima.pt\/aeplima\/?page_id=395"},"modified":"2024-10-31T12:37:54","modified_gmt":"2024-10-31T12:37:54","slug":"politica-de-classificacao-e-avaliacao","status":"publish","type":"page","link":"https:\/\/www.aeplima.pt\/aeplima\/documentos\/politica-de-classificacao-e-avaliacao\/","title":{"rendered":"Pol\u00edtica de Classifica\u00e7\u00e3o e Avalia\u00e7\u00e3o"},"content":{"rendered":"\n<div data-wp-interactive=\"core\/file\" class=\"wp-block-file\"><object data-wp-bind--hidden=\"!state.hasPdfPreview\" hidden class=\"wp-block-file__embed\" data=\"https:\/\/www.aeplima.pt\/aeplima\/wp-content\/uploads\/2024\/10\/Politica-de-classificacao-e-de-avaliacao-do-AEPL.pdf\" type=\"application\/pdf\" style=\"width:100%;height:600px\" aria-label=\"Incorpora\u00e7\u00e3o de Pol\u00edtica de classifica\u00e7\u00e3o e de avalia\u00e7\u00e3o do AEPL.\"><\/object><a id=\"wp-block-file--media-424fed0a-55f5-4f61-b5e4-facc0887508a\" href=\"https:\/\/www.aeplima.pt\/aeplima\/wp-content\/uploads\/2024\/10\/Politica-de-classificacao-e-de-avaliacao-do-AEPL.pdf\">Pol\u00edtica de classifica\u00e7\u00e3o e de avalia\u00e7\u00e3o do AEPL<\/a><\/div>\n","protected":false},"excerpt":{"rendered":"","protected":false},"author":1,"featured_media":0,"parent":116,"menu_order":0,"comment_status":"closed","ping_status":"closed","template":"","meta":{"footnotes":""},"class_list":["post-395","page","type-page","status-publish","hentry"],"_links":{"self":[{"href":"https:\/\/www.aeplima.pt\/aeplima\/wp-json\/wp\/v2\/pages\/395","targetHints":{"allow":["GET"]}}],"collection":[{"href":"https:\/\/www.aeplima.pt\/aeplima\/wp-json\/wp\/v2\/pages"}],"about":[{"href":"https:\/\/www.aeplima.pt\/aeplima\/wp-json\/wp\/v2\/types\/page"}],"author":[{"embeddable":true,"href":"https:\/\/www.aeplima.pt\/aeplima\/wp-json\/wp\/v2\/users\/1"}],"replies":[{"embeddable":true,"href":"https:\/\/www.aeplima.pt\/aeplima\/wp-json\/wp\/v2\/comments?post=395"}],"version-history":[{"count":1,"href":"https:\/\/www.aeplima.pt\/aeplima\/wp-json\/wp\/v2\/pages\/395\/revisions"}],"predecessor-version":[{"id":11464,"href":"https:\/\/www.aeplima.pt\/aeplima\/wp-json\/wp\/v2\/pages\/395\/revisions\/11464"}],"up":[{"embeddable":true,"href":"https:\/\/www.aeplima.pt\/aeplima\/wp-json\/wp\/v2\/pages\/116"}],"wp:attachment":[{"href":"https:\/\/www.aeplima.pt\/aeplima\/wp-json\/wp\/v2\/media?parent=395"}],"curies":[{"name":"wp","href":"https:\/\/api.w.org\/{rel}","templated":true}]}}