{"id":3313,"date":"2023-04-06T15:46:14","date_gmt":"2023-04-06T15:46:14","guid":{"rendered":"https:\/\/www.aeplima.pt\/aeplima\/?page_id=3313"},"modified":"2026-03-17T12:26:30","modified_gmt":"2026-03-17T12:26:30","slug":"relatorios-de-progresso-anual","status":"publish","type":"page","link":"https:\/\/www.aeplima.pt\/aeplima\/relatorios-de-progresso-anual\/","title":{"rendered":"Relat\u00f3rios de Progresso Anual"},"content":{"rendered":"\n<div data-wp-interactive=\"core\/file\" class=\"wp-block-file\"><object data-wp-bind--hidden=\"!state.hasPdfPreview\" hidden class=\"wp-block-file__embed\" data=\"https:\/\/www.aeplima.pt\/aeplima\/wp-content\/uploads\/2026\/03\/Relatorio-progressoa-anual-1-297-23025-assinado.pdf\" type=\"application\/pdf\" style=\"width:100%;height:600px\" aria-label=\"Incorpora\u00e7\u00e3o de Relat\u00f3rio progresso anual 1-297-23025.\"><\/object><a id=\"wp-block-file--media-5f3f5d9b-d538-45c1-86cf-63675e73a053\" href=\"https:\/\/www.aeplima.pt\/aeplima\/wp-content\/uploads\/2026\/03\/Relatorio-progressoa-anual-1-297-23025-assinado.pdf\">Relat\u00f3rio progresso anual 1-297-23025<\/a><a href=\"https:\/\/www.aeplima.pt\/aeplima\/wp-content\/uploads\/2026\/03\/Relatorio-progressoa-anual-1-297-23025-assinado.pdf\" class=\"wp-block-file__button wp-element-button\" download aria-describedby=\"wp-block-file--media-5f3f5d9b-d538-45c1-86cf-63675e73a053\">Descarregar<\/a><\/div>\n\n\n\n<div data-wp-interactive=\"core\/file\" class=\"wp-block-file\"><object data-wp-bind--hidden=\"!state.hasPdfPreview\" hidden class=\"wp-block-file__embed\" data=\"https:\/\/www.aeplima.pt\/aeplima\/wp-content\/uploads\/2024\/02\/Relatorio-Progresso-Anual-2024.pdf\" type=\"application\/pdf\" style=\"width:100%;height:600px\" aria-label=\"Incorpora\u00e7\u00e3o de Relatorio-Progresso-Anual-2024.\"><\/object><a id=\"wp-block-file--media-85b5b1f4-8115-4d30-941f-c8e74e46dea9\" href=\"https:\/\/www.aeplima.pt\/aeplima\/wp-content\/uploads\/2024\/02\/Relatorio-Progresso-Anual-2024.pdf\">Relatorio-Progresso-Anual-2024<\/a><a href=\"https:\/\/www.aeplima.pt\/aeplima\/wp-content\/uploads\/2024\/02\/Relatorio-Progresso-Anual-2024.pdf\" class=\"wp-block-file__button wp-element-button\" download aria-describedby=\"wp-block-file--media-85b5b1f4-8115-4d30-941f-c8e74e46dea9\">Descarregar<\/a><\/div>\n\n\n\n<div data-wp-interactive=\"core\/file\" class=\"wp-block-file\"><object data-wp-bind--hidden=\"!state.hasPdfPreview\" hidden class=\"wp-block-file__embed\" data=\"https:\/\/www.aeplima.pt\/aeplima\/wp-content\/uploads\/2023\/04\/Relatorios-de-Progresso-Anual-N.o-2-\u2013-Selo-EQAVET-Certificado-no-2972021-de-25-de-Fevereiro.pdf\" type=\"application\/pdf\" style=\"width:100%;height:600px\" aria-label=\"Incorpora\u00e7\u00e3o de Relatorios-de-Progresso-Anual-N.o-2-\u2013-Selo-EQAVET-Certificado-no-2972021-de-25-de-Fevereiro.\"><\/object><a id=\"wp-block-file--media-6b8fdc6a-07b7-40cf-8b2d-c9e4a03b8722\" href=\"https:\/\/www.aeplima.pt\/aeplima\/wp-content\/uploads\/2023\/04\/Relatorios-de-Progresso-Anual-N.o-2-\u2013-Selo-EQAVET-Certificado-no-2972021-de-25-de-Fevereiro.pdf\">Relatorios-de-Progresso-Anual-N.o-2-\u2013-Selo-EQAVET-Certificado-no-2972021-de-25-de-Fevereiro<\/a><a href=\"https:\/\/www.aeplima.pt\/aeplima\/wp-content\/uploads\/2023\/04\/Relatorios-de-Progresso-Anual-N.o-2-\u2013-Selo-EQAVET-Certificado-no-2972021-de-25-de-Fevereiro.pdf\" class=\"wp-block-file__button wp-element-button\" download aria-describedby=\"wp-block-file--media-6b8fdc6a-07b7-40cf-8b2d-c9e4a03b8722\">Descarregar<\/a><\/div>\n\n\n\n<div data-wp-interactive=\"core\/file\" class=\"wp-block-file\"><object data-wp-bind--hidden=\"!state.hasPdfPreview\" hidden class=\"wp-block-file__embed\" data=\"https:\/\/www.aeplima.pt\/aeplima\/wp-content\/uploads\/2023\/04\/Relatorios-de-Progresso-Anual-N.o-1-\u2013-Selo-EQAVET-Certificado-no-2972021-de-25-de-Fevereiro.pdf\" type=\"application\/pdf\" style=\"width:100%;height:600px\" aria-label=\"Incorpora\u00e7\u00e3o de Relatorios-de-Progresso-Anual-N.o-1-\u2013-Selo-EQAVET-Certificado-no-2972021-de-25-de-Fevereiro.\"><\/object><a id=\"wp-block-file--media-f745d8c7-a286-4e34-85d6-220234335944\" href=\"https:\/\/www.aeplima.pt\/aeplima\/wp-content\/uploads\/2023\/04\/Relatorios-de-Progresso-Anual-N.o-1-\u2013-Selo-EQAVET-Certificado-no-2972021-de-25-de-Fevereiro.pdf\">Relatorios-de-Progresso-Anual-N.o-1-\u2013-Selo-EQAVET-Certificado-no-2972021-de-25-de-Fevereiro<\/a><a href=\"https:\/\/www.aeplima.pt\/aeplima\/wp-content\/uploads\/2023\/04\/Relatorios-de-Progresso-Anual-N.o-1-\u2013-Selo-EQAVET-Certificado-no-2972021-de-25-de-Fevereiro.pdf\" class=\"wp-block-file__button wp-element-button\" download aria-describedby=\"wp-block-file--media-f745d8c7-a286-4e34-85d6-220234335944\">Descarregar<\/a><\/div>\n","protected":false},"excerpt":{"rendered":"","protected":false},"author":1,"featured_media":0,"parent":0,"menu_order":0,"comment_status":"closed","ping_status":"closed","template":"","meta":{"footnotes":""},"class_list":["post-3313","page","type-page","status-publish","hentry"],"_links":{"self":[{"href":"https:\/\/www.aeplima.pt\/aeplima\/wp-json\/wp\/v2\/pages\/3313","targetHints":{"allow":["GET"]}}],"collection":[{"href":"https:\/\/www.aeplima.pt\/aeplima\/wp-json\/wp\/v2\/pages"}],"about":[{"href":"https:\/\/www.aeplima.pt\/aeplima\/wp-json\/wp\/v2\/types\/page"}],"author":[{"embeddable":true,"href":"https:\/\/www.aeplima.pt\/aeplima\/wp-json\/wp\/v2\/users\/1"}],"replies":[{"embeddable":true,"href":"https:\/\/www.aeplima.pt\/aeplima\/wp-json\/wp\/v2\/comments?post=3313"}],"version-history":[{"count":5,"href":"https:\/\/www.aeplima.pt\/aeplima\/wp-json\/wp\/v2\/pages\/3313\/revisions"}],"predecessor-version":[{"id":15501,"href":"https:\/\/www.aeplima.pt\/aeplima\/wp-json\/wp\/v2\/pages\/3313\/revisions\/15501"}],"wp:attachment":[{"href":"https:\/\/www.aeplima.pt\/aeplima\/wp-json\/wp\/v2\/media?parent=3313"}],"curies":[{"name":"wp","href":"https:\/\/api.w.org\/{rel}","templated":true}]}}