{"id":3311,"date":"2023-04-06T15:45:45","date_gmt":"2023-04-06T15:45:45","guid":{"rendered":"https:\/\/www.aeplima.pt\/aeplima\/?page_id=3311"},"modified":"2026-03-17T12:28:47","modified_gmt":"2026-03-17T12:28:47","slug":"relatorios-de-satisfacao-stakeholders","status":"publish","type":"page","link":"https:\/\/www.aeplima.pt\/aeplima\/relatorios-de-satisfacao-stakeholders\/","title":{"rendered":"Relat\u00f3rios de Satisfa\u00e7\u00e3o &#8211; Stakeholders"},"content":{"rendered":"\n<p><strong>2024\/2025<\/strong>:<\/p>\n\n\n\n<div class=\"wp-block-file\"><a id=\"wp-block-file--media-6632c663-24f3-4462-89ab-de3605d16cfa\" href=\"https:\/\/www.aeplima.pt\/aeplima\/wp-content\/uploads\/2026\/03\/Relatorio-satisfacao-stakeholders-2024-2025-assinado.pdf\">Relat\u00f3rio Stakeholders<\/a><a href=\"https:\/\/www.aeplima.pt\/aeplima\/wp-content\/uploads\/2026\/03\/Relatorio-satisfacao-stakeholders-2024-2025-assinado.pdf\" class=\"wp-block-file__button wp-element-button\" download aria-describedby=\"wp-block-file--media-6632c663-24f3-4462-89ab-de3605d16cfa\">Descarregar<\/a><\/div>\n\n\n\n<p><strong>2023\/2024<\/strong>:<\/p>\n\n\n\n<div class=\"wp-block-file\"><a id=\"wp-block-file--media-25c2596c-f665-423a-a079-3a8e47482464\" href=\"https:\/\/www.aeplima.pt\/aeplima\/wp-content\/uploads\/2025\/01\/Rel.Stakholders.pdf\">Relat\u00f3rio Stakeholders<\/a><a href=\"https:\/\/www.aeplima.pt\/aeplima\/wp-content\/uploads\/2025\/01\/Rel.Stakholders.pdf\" class=\"wp-block-file__button wp-element-button\" download aria-describedby=\"wp-block-file--media-25c2596c-f665-423a-a079-3a8e47482464\">Descarregar<\/a><\/div>\n\n\n\n<p><strong>2022\/2023<\/strong>:<\/p>\n\n\n\n<div class=\"wp-block-file\"><a id=\"wp-block-file--media-bcb7f0b2-f057-49bc-a06a-c84f148495bf\" href=\"https:\/\/www.aeplima.pt\/aeplima\/wp-content\/uploads\/2023\/11\/relatorio-stakholders.pdf\">Relat\u00f3rio Stakeholders<\/a><a href=\"https:\/\/www.aeplima.pt\/aeplima\/wp-content\/uploads\/2023\/11\/relatorio-stakholders.pdf\" class=\"wp-block-file__button wp-element-button\" download aria-describedby=\"wp-block-file--media-bcb7f0b2-f057-49bc-a06a-c84f148495bf\">Descarregar<\/a><\/div>\n\n\n\n<p><strong>2021\/2022<\/strong>:<\/p>\n\n\n\n<div class=\"wp-block-file\"><a id=\"wp-block-file--media-f7759199-bb15-4230-a56d-30b0a54b6997\" href=\"https:\/\/www.aeplima.pt\/aeplima\/wp-content\/uploads\/2023\/04\/RELATORIO-INTERCALAR-DE-PROGRESSAO-1P-2021-2022.pdf\">RELATORIO-INTERCALAR-DE-PROGRESSAO-1P-2021-2022<\/a><a href=\"https:\/\/www.aeplima.pt\/aeplima\/wp-content\/uploads\/2023\/04\/RELATORIO-INTERCALAR-DE-PROGRESSAO-1P-2021-2022.pdf\" class=\"wp-block-file__button wp-element-button\" download aria-describedby=\"wp-block-file--media-f7759199-bb15-4230-a56d-30b0a54b6997\">Descarregar<\/a><\/div>\n\n\n\n<div class=\"wp-block-file\"><a id=\"wp-block-file--media-df9e13a4-3645-4115-9974-68b575deade2\" href=\"https:\/\/www.aeplima.pt\/aeplima\/wp-content\/uploads\/2023\/04\/RELATORIO-INTERCALAR-DE-PROGRESSAO-2P-2021-2022.pdf\">RELATORIO-INTERCALAR-DE-PROGRESSAO-2P-2021-2022<\/a><a href=\"https:\/\/www.aeplima.pt\/aeplima\/wp-content\/uploads\/2023\/04\/RELATORIO-INTERCALAR-DE-PROGRESSAO-2P-2021-2022.pdf\" class=\"wp-block-file__button wp-element-button\" download aria-describedby=\"wp-block-file--media-df9e13a4-3645-4115-9974-68b575deade2\">Descarregar<\/a><\/div>\n\n\n\n<div class=\"wp-block-file\"><a id=\"wp-block-file--media-da6dfaec-6a5b-4cd5-baf1-47a76bdeb947\" href=\"https:\/\/www.aeplima.pt\/aeplima\/wp-content\/uploads\/2023\/04\/Relatorio-de-questionario-de-Expetativas-2021-2022.pdf\">Relatorio-de-questionario-de-Expetativas-2021-2022<\/a><a href=\"https:\/\/www.aeplima.pt\/aeplima\/wp-content\/uploads\/2023\/04\/Relatorio-de-questionario-de-Expetativas-2021-2022.pdf\" class=\"wp-block-file__button wp-element-button\" download aria-describedby=\"wp-block-file--media-da6dfaec-6a5b-4cd5-baf1-47a76bdeb947\">Descarregar<\/a><\/div>\n\n\n\n<div class=\"wp-block-file\"><a id=\"wp-block-file--media-601301bd-d0d2-4ccc-8ad4-feecdf1fa814\" href=\"https:\/\/www.aeplima.pt\/aeplima\/wp-content\/uploads\/2023\/04\/Relatorio-de-questionario-de-satisfacao-com-o-curso-2021-22.pdf\">Relatorio-de-questionario-de-satisfacao-com-o-curso-2021-22<\/a><a href=\"https:\/\/www.aeplima.pt\/aeplima\/wp-content\/uploads\/2023\/04\/Relatorio-de-questionario-de-satisfacao-com-o-curso-2021-22.pdf\" class=\"wp-block-file__button wp-element-button\" download aria-describedby=\"wp-block-file--media-601301bd-d0d2-4ccc-8ad4-feecdf1fa814\">Descarregar<\/a><\/div>\n\n\n\n<div class=\"wp-block-file\"><a id=\"wp-block-file--media-b8d0362b-3f84-40de-bd91-d76881a913ec\" href=\"https:\/\/www.aeplima.pt\/aeplima\/wp-content\/uploads\/2023\/04\/Registo-de-contactos-EE-1oP_2021-2022.pdf\">Registo-de-contactos-EE-1oP_2021-2022<\/a><a href=\"https:\/\/www.aeplima.pt\/aeplima\/wp-content\/uploads\/2023\/04\/Registo-de-contactos-EE-1oP_2021-2022.pdf\" class=\"wp-block-file__button wp-element-button\" download aria-describedby=\"wp-block-file--media-b8d0362b-3f84-40de-bd91-d76881a913ec\">Descarregar<\/a><\/div>\n\n\n\n<div class=\"wp-block-file\"><a id=\"wp-block-file--media-ce5741cc-6709-4425-96ff-0d89574ad662\" href=\"https:\/\/www.aeplima.pt\/aeplima\/wp-content\/uploads\/2023\/04\/Registo-de-contactos-EE-2oP-2021-2022.pdf\">Registo-de-contactos-EE-2oP-2021-2022<\/a><a href=\"https:\/\/www.aeplima.pt\/aeplima\/wp-content\/uploads\/2023\/04\/Registo-de-contactos-EE-2oP-2021-2022.pdf\" class=\"wp-block-file__button wp-element-button\" download aria-describedby=\"wp-block-file--media-ce5741cc-6709-4425-96ff-0d89574ad662\">Descarregar<\/a><\/div>\n\n\n\n<p><strong>2020\/2021<\/strong>:<\/p>\n\n\n\n<div class=\"wp-block-file\"><a id=\"wp-block-file--media-53808dc2-da71-47c3-8df6-1d61c738375e\" href=\"https:\/\/www.aeplima.pt\/aeplima\/wp-content\/uploads\/2023\/04\/LISTA-MELHOR-ALUNO_PREMIO-2020-21.pdf\">LISTA-MELHOR-ALUNO_PREMIO-2020-21<\/a><a href=\"https:\/\/www.aeplima.pt\/aeplima\/wp-content\/uploads\/2023\/04\/LISTA-MELHOR-ALUNO_PREMIO-2020-21.pdf\" class=\"wp-block-file__button wp-element-button\" download aria-describedby=\"wp-block-file--media-53808dc2-da71-47c3-8df6-1d61c738375e\">Descarregar<\/a><\/div>\n\n\n\n<div class=\"wp-block-file\"><a id=\"wp-block-file--media-a9e7f11b-9b67-489c-ab34-2e43db4101bb\" href=\"https:\/\/www.aeplima.pt\/aeplima\/wp-content\/uploads\/2023\/04\/QUADRO-COMPARATIVO-PAP-E-FCT-CICLO-16-19-A-18-21.pdf\">QUADRO-COMPARATIVO-PAP-E-FCT-CICLO-16-19-A-18-21<\/a><a href=\"https:\/\/www.aeplima.pt\/aeplima\/wp-content\/uploads\/2023\/04\/QUADRO-COMPARATIVO-PAP-E-FCT-CICLO-16-19-A-18-21.pdf\" class=\"wp-block-file__button wp-element-button\" download aria-describedby=\"wp-block-file--media-a9e7f11b-9b67-489c-ab34-2e43db4101bb\">Descarregar<\/a><\/div>\n\n\n\n<div class=\"wp-block-file\"><a id=\"wp-block-file--media-c8058314-e049-41f4-9e7b-d583f22e0dbb\" href=\"https:\/\/www.aeplima.pt\/aeplima\/wp-content\/uploads\/2023\/04\/Registo-contactos-EE_2P_EQAVET-2020-21.pdf\">Registo-contactos-EE_2P_EQAVET-2020-21<\/a><a href=\"https:\/\/www.aeplima.pt\/aeplima\/wp-content\/uploads\/2023\/04\/Registo-contactos-EE_2P_EQAVET-2020-21.pdf\" class=\"wp-block-file__button wp-element-button\" download aria-describedby=\"wp-block-file--media-c8058314-e049-41f4-9e7b-d583f22e0dbb\">Descarregar<\/a><\/div>\n\n\n\n<div class=\"wp-block-file\"><a id=\"wp-block-file--media-752a2cc7-989e-4b88-a0b9-86fa7a0ca398\" href=\"https:\/\/www.aeplima.pt\/aeplima\/wp-content\/uploads\/2023\/04\/Registo-contactos-EE_3P_EQAVET-2020-21.pdf\">Registo-contactos-EE_3P_EQAVET-2020-21<\/a><a href=\"https:\/\/www.aeplima.pt\/aeplima\/wp-content\/uploads\/2023\/04\/Registo-contactos-EE_3P_EQAVET-2020-21.pdf\" class=\"wp-block-file__button wp-element-button\" download aria-describedby=\"wp-block-file--media-752a2cc7-989e-4b88-a0b9-86fa7a0ca398\">Descarregar<\/a><\/div>\n\n\n\n<div class=\"wp-block-file\"><a id=\"wp-block-file--media-7fc8d061-f5fe-4f78-aa0a-bd1c0c9d7e3a\" href=\"https:\/\/www.aeplima.pt\/aeplima\/wp-content\/uploads\/2023\/04\/Relatorio-inquerito-aos-Alunos-Formandos-2020-21.pdf\">Relatorio-inquerito-aos-Alunos-Formandos-2020-21<\/a><a href=\"https:\/\/www.aeplima.pt\/aeplima\/wp-content\/uploads\/2023\/04\/Relatorio-inquerito-aos-Alunos-Formandos-2020-21.pdf\" class=\"wp-block-file__button wp-element-button\" download aria-describedby=\"wp-block-file--media-7fc8d061-f5fe-4f78-aa0a-bd1c0c9d7e3a\">Descarregar<\/a><\/div>\n\n\n\n<div class=\"wp-block-file\"><a id=\"wp-block-file--media-c09d0d77-98d9-4bb8-aed4-7f2c4e4b9a04\" href=\"https:\/\/www.aeplima.pt\/aeplima\/wp-content\/uploads\/2023\/04\/Relatorio-inquerito-aos-Docentes-2020-21.pdf\">Relatorio-inquerito-aos-Docentes-2020-21<\/a><a href=\"https:\/\/www.aeplima.pt\/aeplima\/wp-content\/uploads\/2023\/04\/Relatorio-inquerito-aos-Docentes-2020-21.pdf\" class=\"wp-block-file__button wp-element-button\" download aria-describedby=\"wp-block-file--media-c09d0d77-98d9-4bb8-aed4-7f2c4e4b9a04\">Descarregar<\/a><\/div>\n\n\n\n<div class=\"wp-block-file\"><a id=\"wp-block-file--media-dd8e78f2-17b6-4bf4-bfdb-110075d47e4f\" href=\"https:\/\/www.aeplima.pt\/aeplima\/wp-content\/uploads\/2023\/04\/Relatorio-inquerito-aos-pais-e-EE-2020-21.pdf\">Relatorio-inquerito-aos-pais-e-EE-2020-21<\/a><a href=\"https:\/\/www.aeplima.pt\/aeplima\/wp-content\/uploads\/2023\/04\/Relatorio-inquerito-aos-pais-e-EE-2020-21.pdf\" class=\"wp-block-file__button wp-element-button\" download aria-describedby=\"wp-block-file--media-dd8e78f2-17b6-4bf4-bfdb-110075d47e4f\">Descarregar<\/a><\/div>\n\n\n\n<div class=\"wp-block-file\"><a id=\"wp-block-file--media-fb01ce57-d6d3-4430-a52e-557c66fc89f6\" href=\"https:\/\/www.aeplima.pt\/aeplima\/wp-content\/uploads\/2023\/04\/Relatorio-de-questionario-de-Expetativas-Alunos-2020-2021.pdf\">Relatorio-de-questionario-de-Expetativas-Alunos-2020-2021<\/a><a href=\"https:\/\/www.aeplima.pt\/aeplima\/wp-content\/uploads\/2023\/04\/Relatorio-de-questionario-de-Expetativas-Alunos-2020-2021.pdf\" class=\"wp-block-file__button wp-element-button\" download aria-describedby=\"wp-block-file--media-fb01ce57-d6d3-4430-a52e-557c66fc89f6\">Descarregar<\/a><\/div>\n\n\n\n<div class=\"wp-block-file\"><a id=\"wp-block-file--media-53abb655-8653-4bc7-8811-bcae41dd7893\" href=\"https:\/\/www.aeplima.pt\/aeplima\/wp-content\/uploads\/2023\/04\/Relatorio-de-questionario-de-FCT-ALUNOS-2021.pdf\">Relatorio-de-questionario-de-FCT-ALUNOS-2021<\/a><a href=\"https:\/\/www.aeplima.pt\/aeplima\/wp-content\/uploads\/2023\/04\/Relatorio-de-questionario-de-FCT-ALUNOS-2021.pdf\" class=\"wp-block-file__button wp-element-button\" download aria-describedby=\"wp-block-file--media-53abb655-8653-4bc7-8811-bcae41dd7893\">Descarregar<\/a><\/div>\n\n\n\n<div class=\"wp-block-file\"><a id=\"wp-block-file--media-833a4d19-58a5-4fc0-a53f-8169535fee28\" href=\"https:\/\/www.aeplima.pt\/aeplima\/wp-content\/uploads\/2023\/04\/Relatorio-de-questionario-de-FCT-EMPRESAS-2021.pdf\">Relatorio-de-questionario-de-FCT-EMPRESAS-2021<\/a><a href=\"https:\/\/www.aeplima.pt\/aeplima\/wp-content\/uploads\/2023\/04\/Relatorio-de-questionario-de-FCT-EMPRESAS-2021.pdf\" class=\"wp-block-file__button wp-element-button\" download aria-describedby=\"wp-block-file--media-833a4d19-58a5-4fc0-a53f-8169535fee28\">Descarregar<\/a><\/div>\n\n\n\n<div class=\"wp-block-file\"><a id=\"wp-block-file--media-e0989fb8-0cc4-460b-b2c5-7d4d2d0b8330\" href=\"https:\/\/www.aeplima.pt\/aeplima\/wp-content\/uploads\/2023\/04\/Relatorio-de-questionario-de-satisfacao-com-o-curso-Alunos-2020-21.pdf\">Relatorio-de-questionario-de-satisfacao-com-o-curso-Alunos-2020-21<\/a><a href=\"https:\/\/www.aeplima.pt\/aeplima\/wp-content\/uploads\/2023\/04\/Relatorio-de-questionario-de-satisfacao-com-o-curso-Alunos-2020-21.pdf\" class=\"wp-block-file__button wp-element-button\" download aria-describedby=\"wp-block-file--media-e0989fb8-0cc4-460b-b2c5-7d4d2d0b8330\">Descarregar<\/a><\/div>\n\n\n\n<div class=\"wp-block-file\"><a id=\"wp-block-file--media-42ce17a1-cfbe-42b9-b5f6-dba96d8fd44c\" href=\"https:\/\/www.aeplima.pt\/aeplima\/wp-content\/uploads\/2023\/04\/Relatorio-Intercalar-Progressao-1P-2020-21.pdf\">Relatorio-Intercalar-Progressao-1P-2020-21<\/a><a href=\"https:\/\/www.aeplima.pt\/aeplima\/wp-content\/uploads\/2023\/04\/Relatorio-Intercalar-Progressao-1P-2020-21.pdf\" class=\"wp-block-file__button wp-element-button\" download aria-describedby=\"wp-block-file--media-42ce17a1-cfbe-42b9-b5f6-dba96d8fd44c\">Descarregar<\/a><\/div>\n\n\n\n<div class=\"wp-block-file\"><a id=\"wp-block-file--media-50c83190-49bd-4fb1-b91f-0e786728eb68\" href=\"https:\/\/www.aeplima.pt\/aeplima\/wp-content\/uploads\/2023\/04\/Relatorio-Intercalar-Progressao-2P-2020-21.pdf\">Relatorio-Intercalar-Progressao-2P-2020-21<\/a><a href=\"https:\/\/www.aeplima.pt\/aeplima\/wp-content\/uploads\/2023\/04\/Relatorio-Intercalar-Progressao-2P-2020-21.pdf\" class=\"wp-block-file__button wp-element-button\" download aria-describedby=\"wp-block-file--media-50c83190-49bd-4fb1-b91f-0e786728eb68\">Descarregar<\/a><\/div>\n\n\n\n<div class=\"wp-block-file\"><a id=\"wp-block-file--media-394c63a5-86b8-432e-a806-6481a830178c\" href=\"https:\/\/www.aeplima.pt\/aeplima\/wp-content\/uploads\/2023\/04\/Relatorio-Intercalar-Progressao-3P-2020-21.pdf\">Relatorio-Intercalar-Progressao-3P-2020-21<\/a><a href=\"https:\/\/www.aeplima.pt\/aeplima\/wp-content\/uploads\/2023\/04\/Relatorio-Intercalar-Progressao-3P-2020-21.pdf\" class=\"wp-block-file__button wp-element-button\" download aria-describedby=\"wp-block-file--media-394c63a5-86b8-432e-a806-6481a830178c\">Descarregar<\/a><\/div>\n\n\n\n<div class=\"wp-block-file\"><a id=\"wp-block-file--media-b6e10b9b-73c9-4c09-9106-f526371abcb6\" href=\"https:\/\/www.aeplima.pt\/aeplima\/wp-content\/uploads\/2023\/04\/Relatorios-de-Satisfacao-aos-Diversos-Stakeholders-2020-21.pdf\">Relatorios-de-Satisfacao-aos-Diversos-Stakeholders-2020-21<\/a><a href=\"https:\/\/www.aeplima.pt\/aeplima\/wp-content\/uploads\/2023\/04\/Relatorios-de-Satisfacao-aos-Diversos-Stakeholders-2020-21.pdf\" class=\"wp-block-file__button wp-element-button\" download aria-describedby=\"wp-block-file--media-b6e10b9b-73c9-4c09-9106-f526371abcb6\">Descarregar<\/a><\/div>\n\n\n\n<div class=\"wp-block-file\"><a id=\"wp-block-file--media-7e4e3479-17a4-4d98-8a9d-dab0d0f6996c\" href=\"https:\/\/www.aeplima.pt\/aeplima\/wp-content\/uploads\/2023\/04\/Resultados-anuais-e-quadro-de-excelencia-20-21.pdf\">Resultados-anuais-e-quadro-de-excelencia-20-21<\/a><a href=\"https:\/\/www.aeplima.pt\/aeplima\/wp-content\/uploads\/2023\/04\/Resultados-anuais-e-quadro-de-excelencia-20-21.pdf\" class=\"wp-block-file__button wp-element-button\" download aria-describedby=\"wp-block-file--media-7e4e3479-17a4-4d98-8a9d-dab0d0f6996c\">Descarregar<\/a><\/div>\n\n\n\n<p><\/p>\n","protected":false},"excerpt":{"rendered":"<p>2024\/2025: 2023\/2024: 2022\/2023: 2021\/2022: 2020\/2021:<\/p>\n","protected":false},"author":1,"featured_media":0,"parent":0,"menu_order":0,"comment_status":"closed","ping_status":"closed","template":"","meta":{"footnotes":""},"class_list":["post-3311","page","type-page","status-publish","hentry"],"_links":{"self":[{"href":"https:\/\/www.aeplima.pt\/aeplima\/wp-json\/wp\/v2\/pages\/3311","targetHints":{"allow":["GET"]}}],"collection":[{"href":"https:\/\/www.aeplima.pt\/aeplima\/wp-json\/wp\/v2\/pages"}],"about":[{"href":"https:\/\/www.aeplima.pt\/aeplima\/wp-json\/wp\/v2\/types\/page"}],"author":[{"embeddable":true,"href":"https:\/\/www.aeplima.pt\/aeplima\/wp-json\/wp\/v2\/users\/1"}],"replies":[{"embeddable":true,"href":"https:\/\/www.aeplima.pt\/aeplima\/wp-json\/wp\/v2\/comments?post=3311"}],"version-history":[{"count":8,"href":"https:\/\/www.aeplima.pt\/aeplima\/wp-json\/wp\/v2\/pages\/3311\/revisions"}],"predecessor-version":[{"id":15504,"href":"https:\/\/www.aeplima.pt\/aeplima\/wp-json\/wp\/v2\/pages\/3311\/revisions\/15504"}],"wp:attachment":[{"href":"https:\/\/www.aeplima.pt\/aeplima\/wp-json\/wp\/v2\/media?parent=3311"}],"curies":[{"name":"wp","href":"https:\/\/api.w.org\/{rel}","templated":true}]}}