{"id":3309,"date":"2023-04-06T15:44:55","date_gmt":"2023-04-06T15:44:55","guid":{"rendered":"https:\/\/www.aeplima.pt\/aeplima\/?page_id=3309"},"modified":"2026-03-17T12:24:58","modified_gmt":"2026-03-17T12:24:58","slug":"relatorios-de-execucao-do-plano-de-acao-eqavet","status":"publish","type":"page","link":"https:\/\/www.aeplima.pt\/aeplima\/relatorios-de-execucao-do-plano-de-acao-eqavet\/","title":{"rendered":"Relat\u00f3rios de Execu\u00e7\u00e3o do Plano de A\u00e7\u00e3o EQAVET"},"content":{"rendered":"\n<div data-wp-interactive=\"core\/file\" class=\"wp-block-file\"><object data-wp-bind--hidden=\"!state.hasPdfPreview\" hidden class=\"wp-block-file__embed\" data=\"https:\/\/www.aeplima.pt\/aeplima\/wp-content\/uploads\/2026\/03\/relatorio-de-avaliacao-e-revisao-do-plano-de-acao-final-2024-2025-assinado.pdf\" type=\"application\/pdf\" style=\"width:100%;height:600px\" aria-label=\"Incorpora\u00e7\u00e3o de Relat\u00f3rio de avalia\u00e7\u00e3o e revis\u00e3o do plano de a\u00e7\u00e3o final 2024-2025.\"><\/object><a id=\"wp-block-file--media-dbe0934c-f82e-4b55-ae43-5f0b132d9581\" href=\"https:\/\/www.aeplima.pt\/aeplima\/wp-content\/uploads\/2026\/03\/relatorio-de-avaliacao-e-revisao-do-plano-de-acao-final-2024-2025-assinado.pdf\">Relat\u00f3rio de avalia\u00e7\u00e3o e revis\u00e3o do plano de a\u00e7\u00e3o final 2024-2025<\/a><a href=\"https:\/\/www.aeplima.pt\/aeplima\/wp-content\/uploads\/2026\/03\/relatorio-de-avaliacao-e-revisao-do-plano-de-acao-final-2024-2025-assinado.pdf\" class=\"wp-block-file__button wp-element-button\" download aria-describedby=\"wp-block-file--media-dbe0934c-f82e-4b55-ae43-5f0b132d9581\">Descarregar<\/a><\/div>\n\n\n\n<div data-wp-interactive=\"core\/file\" class=\"wp-block-file\"><object data-wp-bind--hidden=\"!state.hasPdfPreview\" hidden class=\"wp-block-file__embed\" data=\"https:\/\/www.aeplima.pt\/aeplima\/wp-content\/uploads\/2025\/07\/Relatorio-de-avaliacao-do-plano-de-acao-2periodo.pdf\" type=\"application\/pdf\" style=\"width:100%;height:600px\" aria-label=\"Incorpora\u00e7\u00e3o de Relat\u00f3rio de avalia\u00e7\u00e3o e revis\u00e3o do plano de a\u00e7\u00e3o 2\u00ba per\u00edodo.\"><\/object><a id=\"wp-block-file--media-b710e726-f53a-482b-8107-e5c856393fba\" href=\"https:\/\/www.aeplima.pt\/aeplima\/wp-content\/uploads\/2025\/07\/Relatorio-de-avaliacao-do-plano-de-acao-2periodo.pdf\">Relat\u00f3rio de avalia\u00e7\u00e3o e revis\u00e3o do plano de a\u00e7\u00e3o 2\u00ba per\u00edodo<\/a><a href=\"https:\/\/www.aeplima.pt\/aeplima\/wp-content\/uploads\/2025\/07\/Relatorio-de-avaliacao-do-plano-de-acao-2periodo.pdf\" class=\"wp-block-file__button wp-element-button\" download aria-describedby=\"wp-block-file--media-b710e726-f53a-482b-8107-e5c856393fba\">Descarregar<\/a><\/div>\n\n\n\n<div data-wp-interactive=\"core\/file\" class=\"wp-block-file\"><object data-wp-bind--hidden=\"!state.hasPdfPreview\" hidden class=\"wp-block-file__embed\" data=\"https:\/\/www.aeplima.pt\/aeplima\/wp-content\/uploads\/2025\/07\/Relatorio-de-avaliacao-e-revisao-do-plano-de-acao-1periodo-1.pdf\" type=\"application\/pdf\" style=\"width:100%;height:600px\" aria-label=\"Incorpora\u00e7\u00e3o de Relat\u00f3rio de avalia\u00e7\u00e3o e revis\u00e3o do plano de a\u00e7\u00e3o 1\u00ba per\u00edodo.\"><\/object><a id=\"wp-block-file--media-36f96295-74f4-48ed-9b7c-e4a0a3db7dd0\" href=\"https:\/\/www.aeplima.pt\/aeplima\/wp-content\/uploads\/2025\/07\/Relatorio-de-avaliacao-e-revisao-do-plano-de-acao-1periodo-1.pdf\">Relat\u00f3rio de avalia\u00e7\u00e3o e revis\u00e3o do plano de a\u00e7\u00e3o 1\u00ba per\u00edodo<\/a><a href=\"https:\/\/www.aeplima.pt\/aeplima\/wp-content\/uploads\/2025\/07\/Relatorio-de-avaliacao-e-revisao-do-plano-de-acao-1periodo-1.pdf\" class=\"wp-block-file__button wp-element-button\" download aria-describedby=\"wp-block-file--media-36f96295-74f4-48ed-9b7c-e4a0a3db7dd0\">Descarregar<\/a><\/div>\n\n\n\n<div data-wp-interactive=\"core\/file\" class=\"wp-block-file\"><object data-wp-bind--hidden=\"!state.hasPdfPreview\" hidden class=\"wp-block-file__embed\" data=\"https:\/\/www.aeplima.pt\/aeplima\/wp-content\/uploads\/2025\/01\/Rel.Plano-Acao-Final.pdf\" type=\"application\/pdf\" style=\"width:100%;height:600px\" aria-label=\"Incorpora\u00e7\u00e3o de Rel.Plano A\u00e7\u00e3o Final.\"><\/object><a id=\"wp-block-file--media-11653c22-8462-434d-bfba-754aa9fb9d77\" href=\"https:\/\/www.aeplima.pt\/aeplima\/wp-content\/uploads\/2025\/01\/Rel.Plano-Acao-Final.pdf\">Rel.Plano A\u00e7\u00e3o Final<\/a><a href=\"https:\/\/www.aeplima.pt\/aeplima\/wp-content\/uploads\/2025\/01\/Rel.Plano-Acao-Final.pdf\" class=\"wp-block-file__button wp-element-button\" download aria-describedby=\"wp-block-file--media-11653c22-8462-434d-bfba-754aa9fb9d77\">Descarregar<\/a><\/div>\n\n\n\n<div data-wp-interactive=\"core\/file\" class=\"wp-block-file\"><object data-wp-bind--hidden=\"!state.hasPdfPreview\" hidden class=\"wp-block-file__embed\" data=\"https:\/\/www.aeplima.pt\/aeplima\/wp-content\/uploads\/2025\/01\/Rel.Plano-Acao-2per.pdf\" type=\"application\/pdf\" style=\"width:100%;height:600px\" aria-label=\"Incorpora\u00e7\u00e3o de Rel.Plano A\u00e7ao 2per..\"><\/object><a id=\"wp-block-file--media-75c63acc-077b-4c83-8d7b-90e67859c1cd\" href=\"https:\/\/www.aeplima.pt\/aeplima\/wp-content\/uploads\/2025\/01\/Rel.Plano-Acao-2per.pdf\">Rel.Plano A\u00e7ao 2per.<\/a><a href=\"https:\/\/www.aeplima.pt\/aeplima\/wp-content\/uploads\/2025\/01\/Rel.Plano-Acao-2per.pdf\" class=\"wp-block-file__button wp-element-button\" download aria-describedby=\"wp-block-file--media-75c63acc-077b-4c83-8d7b-90e67859c1cd\">Descarregar<\/a><\/div>\n\n\n\n<div data-wp-interactive=\"core\/file\" class=\"wp-block-file\"><object data-wp-bind--hidden=\"!state.hasPdfPreview\" hidden class=\"wp-block-file__embed\" data=\"https:\/\/www.aeplima.pt\/aeplima\/wp-content\/uploads\/2024\/02\/Modelo-Relatorio_Revisao-PlanoAcao-1-periodo-23-24-FINAL.pdf\" type=\"application\/pdf\" style=\"width:100%;height:600px\" aria-label=\"Incorpora\u00e7\u00e3o de Relatorio-1\u00ba per\u00edodo-de-avaliacao-e-revisao-do-plano-de-a\u00e7\u00e3o 23-24.\"><\/object><a id=\"wp-block-file--media-4cdb862a-d71a-4a96-85f8-79927a2edbe8\" href=\"https:\/\/www.aeplima.pt\/aeplima\/wp-content\/uploads\/2024\/02\/Modelo-Relatorio_Revisao-PlanoAcao-1-periodo-23-24-FINAL.pdf\">Relatorio-1\u00ba per\u00edodo-de-avaliacao-e-revisao-do-plano-de-a\u00e7\u00e3o 23-24<\/a><a href=\"https:\/\/www.aeplima.pt\/aeplima\/wp-content\/uploads\/2024\/02\/Modelo-Relatorio_Revisao-PlanoAcao-1-periodo-23-24-FINAL.pdf\" class=\"wp-block-file__button wp-element-button\" download aria-describedby=\"wp-block-file--media-4cdb862a-d71a-4a96-85f8-79927a2edbe8\">Descarregar<\/a><\/div>\n\n\n\n<p><\/p>\n\n\n\n<div data-wp-interactive=\"core\/file\" class=\"wp-block-file\"><object data-wp-bind--hidden=\"!state.hasPdfPreview\" hidden class=\"wp-block-file__embed\" data=\"https:\/\/www.aeplima.pt\/aeplima\/wp-content\/uploads\/2023\/11\/Relatorio-final-de-avaliacao-e-revisao-do-plano-de-acao22-23.pdf\" type=\"application\/pdf\" style=\"width:100%;height:600px\" aria-label=\"Incorpora\u00e7\u00e3o de Relatorio-final-de-avaliacao-e-revisao-do-plano-de-a\u00e7\u00e3o 22-23.\"><\/object><a id=\"wp-block-file--media-5855438d-84d7-4a14-adf6-fac1572970a0\" href=\"https:\/\/www.aeplima.pt\/aeplima\/wp-content\/uploads\/2023\/11\/Relatorio-final-de-avaliacao-e-revisao-do-plano-de-acao22-23.pdf\">Relatorio-final-de-avaliacao-e-revisao-do-plano-de-a\u00e7\u00e3o 22-23<\/a><a href=\"https:\/\/www.aeplima.pt\/aeplima\/wp-content\/uploads\/2023\/11\/Relatorio-final-de-avaliacao-e-revisao-do-plano-de-acao22-23.pdf\" class=\"wp-block-file__button wp-element-button\" download aria-describedby=\"wp-block-file--media-5855438d-84d7-4a14-adf6-fac1572970a0\">Descarregar<\/a><\/div>\n\n\n\n<div data-wp-interactive=\"core\/file\" class=\"wp-block-file\"><object data-wp-bind--hidden=\"!state.hasPdfPreview\" hidden class=\"wp-block-file__embed\" data=\"https:\/\/www.aeplima.pt\/aeplima\/wp-content\/uploads\/2023\/11\/Relatorio-de-avaliacao-do-plano-acao-1o-e-2o-periodos-22-23.pdf\" type=\"application\/pdf\" style=\"width:100%;height:600px\" aria-label=\"Incorpora\u00e7\u00e3o de Relatorio-de-avaliacao-do-plano-acao-1o-e-2o-periodos-22-23.\"><\/object><a id=\"wp-block-file--media-83e10998-1074-4400-a685-4b66ce9f582d\" href=\"https:\/\/www.aeplima.pt\/aeplima\/wp-content\/uploads\/2023\/11\/Relatorio-de-avaliacao-do-plano-acao-1o-e-2o-periodos-22-23.pdf\">Relatorio-de-avaliacao-do-plano-acao-1o-e-2o-periodos-22-23<\/a><a href=\"https:\/\/www.aeplima.pt\/aeplima\/wp-content\/uploads\/2023\/11\/Relatorio-de-avaliacao-do-plano-acao-1o-e-2o-periodos-22-23.pdf\" class=\"wp-block-file__button wp-element-button\" download aria-describedby=\"wp-block-file--media-83e10998-1074-4400-a685-4b66ce9f582d\">Descarregar<\/a><\/div>\n\n\n\n<div data-wp-interactive=\"core\/file\" class=\"wp-block-file\"><object data-wp-bind--hidden=\"!state.hasPdfPreview\" hidden class=\"wp-block-file__embed\" data=\"https:\/\/www.aeplima.pt\/aeplima\/wp-content\/uploads\/2023\/04\/Relatorio-Avaliacao_Revisao-PlanoAcao-2020-21.pdf\" type=\"application\/pdf\" style=\"width:100%;height:600px\" aria-label=\"Incorpora\u00e7\u00e3o de Relatorio-Avaliacao_Revisao-PlanoAcao-2020-21.\"><\/object><a id=\"wp-block-file--media-55dcab23-e20a-436c-a337-adeee6028788\" href=\"https:\/\/www.aeplima.pt\/aeplima\/wp-content\/uploads\/2023\/04\/Relatorio-Avaliacao_Revisao-PlanoAcao-2020-21.pdf\">Relatorio-Avaliacao_Revisao-PlanoAcao-2020-21<\/a><a href=\"https:\/\/www.aeplima.pt\/aeplima\/wp-content\/uploads\/2023\/04\/Relatorio-Avaliacao_Revisao-PlanoAcao-2020-21.pdf\" class=\"wp-block-file__button wp-element-button\" download aria-describedby=\"wp-block-file--media-55dcab23-e20a-436c-a337-adeee6028788\">Descarregar<\/a><\/div>\n\n\n\n<div data-wp-interactive=\"core\/file\" class=\"wp-block-file\"><object data-wp-bind--hidden=\"!state.hasPdfPreview\" hidden class=\"wp-block-file__embed\" data=\"https:\/\/www.aeplima.pt\/aeplima\/wp-content\/uploads\/2023\/04\/Relatorio-Avaliacao_Revisao-PlanoAcao-2019-20.pdf\" type=\"application\/pdf\" style=\"width:100%;height:600px\" aria-label=\"Incorpora\u00e7\u00e3o de Relatorio-Avaliacao_Revisao-PlanoAcao-2019-20.\"><\/object><a id=\"wp-block-file--media-78b4a4f1-8c33-421c-a3bd-e40a091c8a1c\" href=\"https:\/\/www.aeplima.pt\/aeplima\/wp-content\/uploads\/2023\/04\/Relatorio-Avaliacao_Revisao-PlanoAcao-2019-20.pdf\">Relatorio-Avaliacao_Revisao-PlanoAcao-2019-20<\/a><a href=\"https:\/\/www.aeplima.pt\/aeplima\/wp-content\/uploads\/2023\/04\/Relatorio-Avaliacao_Revisao-PlanoAcao-2019-20.pdf\" class=\"wp-block-file__button wp-element-button\" download aria-describedby=\"wp-block-file--media-78b4a4f1-8c33-421c-a3bd-e40a091c8a1c\">Descarregar<\/a><\/div>\n","protected":false},"excerpt":{"rendered":"","protected":false},"author":1,"featured_media":0,"parent":0,"menu_order":0,"comment_status":"closed","ping_status":"closed","template":"","meta":{"footnotes":""},"class_list":["post-3309","page","type-page","status-publish","hentry"],"_links":{"self":[{"href":"https:\/\/www.aeplima.pt\/aeplima\/wp-json\/wp\/v2\/pages\/3309","targetHints":{"allow":["GET"]}}],"collection":[{"href":"https:\/\/www.aeplima.pt\/aeplima\/wp-json\/wp\/v2\/pages"}],"about":[{"href":"https:\/\/www.aeplima.pt\/aeplima\/wp-json\/wp\/v2\/types\/page"}],"author":[{"embeddable":true,"href":"https:\/\/www.aeplima.pt\/aeplima\/wp-json\/wp\/v2\/users\/1"}],"replies":[{"embeddable":true,"href":"https:\/\/www.aeplima.pt\/aeplima\/wp-json\/wp\/v2\/comments?post=3309"}],"version-history":[{"count":8,"href":"https:\/\/www.aeplima.pt\/aeplima\/wp-json\/wp\/v2\/pages\/3309\/revisions"}],"predecessor-version":[{"id":15498,"href":"https:\/\/www.aeplima.pt\/aeplima\/wp-json\/wp\/v2\/pages\/3309\/revisions\/15498"}],"wp:attachment":[{"href":"https:\/\/www.aeplima.pt\/aeplima\/wp-json\/wp\/v2\/media?parent=3309"}],"curies":[{"name":"wp","href":"https:\/\/api.w.org\/{rel}","templated":true}]}}