{"id":328,"date":"2023-02-28T11:50:53","date_gmt":"2023-02-28T11:50:53","guid":{"rendered":"https:\/\/www.aeplima.pt\/aeplima\/?page_id=328"},"modified":"2023-07-06T09:27:38","modified_gmt":"2023-07-06T09:27:38","slug":"emaei","status":"publish","type":"page","link":"https:\/\/www.aeplima.pt\/aeplima\/educacao-inclusiva\/emaei\/","title":{"rendered":"Equipa Multidisciplinar de Apoio \u00e0 Educa\u00e7\u00e3o Inclusiva"},"content":{"rendered":"<div data-colibri-id=\"328-c1\" class=\"style-1540 style-local-328-c1 position-relative\">\n  <!----><p><\/p>\n<div data-colibri-component=\"section\" data-colibri-id=\"328-c2\" id=\"initial-content\" class=\"h-section h-section-global-spacing d-flex align-items-lg-center align-items-md-center align-items-center style-1541 style-local-328-c2 position-relative\">\n    <!----><br>\n    <!----><p><\/p>\n<div class=\"h-section-grid-container h-section-boxed-container\">\n      <!----><p><\/p>\n<div data-colibri-id=\"328-c3\" class=\"h-row-container gutters-row-lg-2 gutters-row-md-2 gutters-row-0 gutters-row-v-lg-2 gutters-row-v-md-2 gutters-row-v-2 style-1542 style-local-328-c3 position-relative\">\n        <!----><p><\/p>\n<div class=\"h-row justify-content-lg-center justify-content-md-center justify-content-center align-items-lg-stretch align-items-md-stretch align-items-stretch gutters-col-lg-2 gutters-col-md-2 gutters-col-0 gutters-col-v-lg-2 gutters-col-v-md-2 gutters-col-v-2\">\n          <!----><p><\/p>\n<div class=\"h-column h-column-container d-flex h-col-lg-auto h-col-md-auto h-col-auto style-1543-outer style-local-328-c4-outer\">\n<div data-colibri-id=\"328-c4\" class=\"d-flex h-flex-basis h-column__inner h-px-lg-2 h-px-md-2 h-px-2 v-inner-lg-2 v-inner-md-2 v-inner-2 style-1543 style-local-328-c4 position-relative\">\n              <!----><br>\n              <!----><p><\/p>\n<div class=\"w-100 h-y-container h-column__content h-column__v-align flex-basis-100 align-self-lg-start align-self-md-start align-self-start\">\n                <!----><p><\/p>\n<div data-colibri-id=\"328-c5\" class=\"style-1544 style-local-328-c5 position-relative h-element\">\n                  <!----><p><\/p>\n<div><\/div><\/div><\/div><\/div><\/div><\/div><\/div><\/div><\/div><\/div>\n\n\n<p><\/p>\n\n\n\n<div data-wp-interactive=\"core\/file\" class=\"wp-block-file aligncenter\"><object data-wp-bind--hidden=\"!state.hasPdfPreview\" hidden class=\"wp-block-file__embed\" data=\"https:\/\/www.aeplima.pt\/aeplima\/wp-content\/uploads\/2023\/04\/REGIMENTO-DA-EMAEI-1.pdf\" type=\"application\/pdf\" style=\"width:100%;height:600px\" aria-label=\"Incorpora\u00e7\u00e3o de REGIMENTO-DA-EMAEI-1.\"><\/object><a id=\"wp-block-file--media-3006a58b-24e2-4197-9aaf-b23d249f6dfd\" href=\"https:\/\/www.aeplima.pt\/aeplima\/wp-content\/uploads\/2023\/04\/REGIMENTO-DA-EMAEI-1.pdf\">REGIMENTO-DA-EMAEI-1<\/a><a href=\"https:\/\/www.aeplima.pt\/aeplima\/wp-content\/uploads\/2023\/04\/REGIMENTO-DA-EMAEI-1.pdf\" class=\"wp-block-file__button wp-element-button\" download aria-describedby=\"wp-block-file--media-3006a58b-24e2-4197-9aaf-b23d249f6dfd\">Descarregar<\/a><\/div>\n\n\n\n<div data-wp-interactive=\"core\/file\" class=\"wp-block-file\"><object data-wp-bind--hidden=\"!state.hasPdfPreview\" hidden class=\"wp-block-file__embed\" data=\"https:\/\/www.aeplima.pt\/aeplima\/wp-content\/uploads\/2023\/07\/AEPL-Educacao-Inclusiva-Monitorizacao-Google-Forms-1.pdf\" type=\"application\/pdf\" style=\"width:100%;height:600px\" aria-label=\"Incorpora\u00e7\u00e3o de AEPL-Educacao-Inclusiva-Monitorizacao-Google-Forms-1.\"><\/object><a id=\"wp-block-file--media-d549594e-6bff-4f34-b204-b7239fcd2892\" href=\"https:\/\/www.aeplima.pt\/aeplima\/wp-content\/uploads\/2023\/07\/AEPL-Educacao-Inclusiva-Monitorizacao-Google-Forms-1.pdf\">AEPL-Educacao-Inclusiva-Monitorizacao-Google-Forms-1<\/a><a href=\"https:\/\/www.aeplima.pt\/aeplima\/wp-content\/uploads\/2023\/07\/AEPL-Educacao-Inclusiva-Monitorizacao-Google-Forms-1.pdf\" class=\"wp-block-file__button wp-element-button\" download aria-describedby=\"wp-block-file--media-d549594e-6bff-4f34-b204-b7239fcd2892\">Descarregar<\/a><\/div>\n\n\n<p>\u00a0<\/p>\n<p>\u00a0<\/p>\n<p>\u00a0<\/p>\n<p>\u00a0<\/p>\n<p>\u00a0<\/p>\n<p>\u00a0<\/p>\n<p>\u00a0<\/p>\n<div id=\"reusable-sections\" class=\"h-section h-section-global-spacing d-flex align-items-lg-center align-items-md-center align-items-center style-1545 style-local-328-c6 position-relative\" data-colibri-component=\"section\" data-colibri-id=\"328-c6\"><br \/>\n<p>\u00a0<\/p>\n<div class=\"h-section-grid-container h-section-boxed-container\">\n<p>\u00a0<\/p>\n<div class=\"h-row-container gutters-row-lg-2 gutters-row-md-2 gutters-row-0 gutters-row-v-lg-2 gutters-row-v-md-2 gutters-row-v-2 style-1546 style-local-328-c7 position-relative\" data-colibri-id=\"328-c7\">\n<p>\u00a0<\/p>\n<div class=\"h-row justify-content-lg-center justify-content-md-center justify-content-center align-items-lg-stretch align-items-md-stretch align-items-stretch gutters-col-lg-2 gutters-col-md-2 gutters-col-0 gutters-col-v-lg-2 gutters-col-v-md-2 gutters-col-v-2\">\n<p>\u00a0<\/p>\n<div class=\"h-column h-column-container d-flex h-col-lg-auto h-col-md-auto h-col-auto style-1547-outer style-local-328-c8-outer\">\n<div class=\"d-flex h-flex-basis h-column__inner h-px-lg-2 h-px-md-2 h-px-2 v-inner-lg-2 v-inner-md-2 v-inner-2 style-1547 style-local-328-c8 position-relative\" data-colibri-id=\"328-c8\"><br \/>\n<p>\u00a0<\/p>\n<div class=\"w-100 h-y-container h-column__content h-column__v-align flex-basis-100 align-self-lg-start align-self-md-start align-self-start\">\n<p>\u00a0<\/p>\n<div class=\"h-row-container gutters-row-lg-1 gutters-row-md-1 gutters-row-0 gutters-row-v-lg-1 gutters-row-v-md-1 gutters-row-v-1 colibri-dynamic-list style-1548 style-local-328-c9 position-relative\" data-colibri-id=\"328-c9\">\n<p>\u00a0<\/p>\n<div class=\"h-row justify-content-lg-start justify-content-md-start justify-content-start align-items-lg-stretch align-items-md-stretch align-items-stretch gutters-col-lg-1 gutters-col-md-1 gutters-col-0 gutters-col-v-lg-1 gutters-col-v-md-1 gutters-col-v-1 style-1548-row style-local-328-c9-row\" data-colibri-component=\"masonry\">\n        <div class=\"h-column h-column-container d-flex h-col-lg-4 h-col-md-6 h-col-12 post-10400 post type-post status-publish format-standard has-post-thumbnail hentry category-caa category-ebiji-da-correlha category-emaei category-espl category-noticias category-sem-categoria masonry-item style-1549-outer style-local-328-c10-outer\"><div data-colibri-id=\"328-c10\" class=\"d-flex h-flex-basis h-column__inner h-px-lg-2 h-px-md-2 h-px-2 v-inner-lg-2 v-inner-md-2 v-inner-2 style-1549 style-local-328-c10 position-relative\"> <div class=\"w-100 h-y-container h-column__content h-column__v-align flex-basis-100 align-self-lg-start align-self-md-start align-self-start\"> <div data-href=\"https:\/\/www.aeplima.pt\/aeplima\/2024\/05\/29\/alunos-do-aepl-a-surfar\/\" data-colibri-component=\"link\" data-colibri-id=\"328-c11\" class=\"colibri-post-thumbnail colibri-post-has-thumbnail style-1550 style-local-328-c11 h-overflow-hidden position-relative h-element\"><div class=\"h-global-transition-all colibri-post-thumbnail-shortcode style-dynamic-328-c11-height\">            <a href=\"https:\/\/www.aeplima.pt\/aeplima\/2024\/05\/29\/alunos-do-aepl-a-surfar\/\" title=\"Alunos do AEPL a surfar\">\n\t\t\t\t<img decoding=\"async\" src=\"https:\/\/www.aeplima.pt\/aeplima\/wp-content\/uploads\/2024\/05\/IMG_3563-1.jpg\" class=\"attachment-post-thumbnail size-post-thumbnail wp-post-image\" alt=\"\" \/>            <\/a>\n\t\t\t<\/div> <div class=\"colibri-post-thumbnail-content align-items-lg-center align-items-md-center align-items-center flex-basis-100\"><div class=\"w-100 h-y-container\"> <\/div><\/div><\/div><div data-colibri-id=\"328-c12\" class=\"h-row-container gutters-row-lg-2 gutters-row-md-2 gutters-row-2 gutters-row-v-lg-2 gutters-row-v-md-2 gutters-row-v-2 style-1551 style-local-328-c12 position-relative\"><div class=\"h-row justify-content-lg-center justify-content-md-center justify-content-center align-items-lg-stretch align-items-md-stretch align-items-stretch gutters-col-lg-2 gutters-col-md-2 gutters-col-2 gutters-col-v-lg-2 gutters-col-v-md-2 gutters-col-v-2\"> <div class=\"h-column h-column-container d-flex h-col-lg h-col-md h-col-auto style-1552-outer style-local-328-c13-outer\"><div data-colibri-id=\"328-c13\" class=\"d-flex h-flex-basis h-column__inner h-px-lg-2 h-px-md-2 h-px-2 v-inner-lg-2 v-inner-md-2 v-inner-2 style-1552 style-local-328-c13 position-relative\"> <div class=\"w-100 h-y-container h-column__content h-column__v-align flex-basis-100 align-self-lg-start align-self-md-start align-self-start\"> <div data-colibri-id=\"328-c14\" class=\"h-blog-categories style-1553 style-local-328-c14 position-relative h-element\"><div class=\"h-global-transition-all\"><a class=\"d-inline-block colibri-post-category\" href=\"https:\/\/www.aeplima.pt\/aeplima\/category\/caa\/\">CAA<\/a><a class=\"d-inline-block colibri-post-category\" href=\"https:\/\/www.aeplima.pt\/aeplima\/category\/ebiji-da-correlha\/\">EBI\/JI da Correlh\u00e3<\/a><a class=\"d-inline-block colibri-post-category\" href=\"https:\/\/www.aeplima.pt\/aeplima\/category\/emaei\/\">EMAEI<\/a><a class=\"d-inline-block colibri-post-category\" href=\"https:\/\/www.aeplima.pt\/aeplima\/category\/espl\/\">ESPL<\/a><a class=\"d-inline-block colibri-post-category\" href=\"https:\/\/www.aeplima.pt\/aeplima\/category\/noticias\/\">Not\u00edcias<\/a><a class=\"d-inline-block colibri-post-category\" href=\"https:\/\/www.aeplima.pt\/aeplima\/category\/sem-categoria\/\">Sem categoria<\/a><\/div><\/div><div data-colibri-id=\"328-c15\" class=\"h-blog-title style-1554 style-local-328-c15 position-relative h-element\"><div class=\"h-global-transition-all\"><a href=\"https:\/\/www.aeplima.pt\/aeplima\/2024\/05\/29\/alunos-do-aepl-a-surfar\/\"><h4 class=\"colibri-word-wrap\">Alunos do AEPL a surfar<\/h4><\/a><\/div><\/div><div data-colibri-id=\"328-c16\" class=\"style-1555 style-local-328-c16 position-relative h-element\"><div class=\"h-global-transition-all\"><div class=\"colibri-post-excerpt\">No \u00e2mbito do projeto dos CFDDE&#8217;s (Centros de Forma\u00e7\u00e3o Desportiva do Desporto Escolar), alunos que beneficiam de medidas de suporte \u00e0 aprendizagem e inclus\u00e3o do AEPL foram dar os primeiros &#8220;passos&#8221; na modalidade de Surf. Viveram todos uma emocionante experi\u00eancia, em que as condi\u00e7\u00f5es climat\u00e9ricas ajudaram [&hellip;]<\/div><\/div><\/div><\/div><\/div><\/div><\/div><\/div><div data-colibri-id=\"328-c17\" class=\"h-row-container gutters-row-lg-2 gutters-row-md-2 gutters-row-2 gutters-row-v-lg-2 gutters-row-v-md-2 gutters-row-v-2 style-1556 style-local-328-c17 position-relative\"><div class=\"h-row justify-content-lg-center justify-content-md-center justify-content-center align-items-lg-stretch align-items-md-stretch align-items-stretch gutters-col-lg-2 gutters-col-md-2 gutters-col-2 gutters-col-v-lg-2 gutters-col-v-md-2 gutters-col-v-2\"> <div class=\"h-column h-column-container d-flex h-col-lg h-col-md h-col style-1557-outer style-local-328-c18-outer\"><div data-colibri-id=\"328-c18\" class=\"d-flex h-flex-basis h-column__inner h-px-lg-2 h-px-md-2 h-px-2 v-inner-lg-0 v-inner-md-0 v-inner-0 style-1557 style-local-328-c18 position-relative\"> <div class=\"w-100 h-y-container h-column__content h-column__v-align flex-basis-100 align-self-lg-center align-self-md-center align-self-center\"> <div data-colibri-id=\"328-c19\" class=\"h-blog-meta style-1558 style-local-328-c19 position-relative h-element\"><div class=\"metadata-item\"><span class=\"metadata-prefix\">by<\/span> <a href=\"https:\/\/www.aeplima.pt\/aeplima\/author\/gestor\/\">gestor<\/a> <span class=\"meta-separator\"><\/span><\/div><div class=\"metadata-item\"><span class=\"metadata-prefix\">on<\/span> <a href=\"https:\/\/www.aeplima.pt\/aeplima\/2024\/05\/29\/\">Mai 29<\/a><\/div><\/div><\/div><\/div><\/div><div class=\"h-column h-column-container d-flex h-col-lg-auto h-col-md-auto h-col-auto style-1559-outer style-local-328-c20-outer\"><div data-colibri-id=\"328-c20\" class=\"d-flex h-flex-basis h-column__inner h-px-lg-2 h-px-md-2 h-px-2 v-inner-lg-0 v-inner-md-0 v-inner-0 style-1559 style-local-328-c20 position-relative\"> <div class=\"w-100 h-y-container h-column__content h-column__v-align flex-basis-auto align-self-lg-center align-self-md-center align-self-center\"> <div data-colibri-id=\"328-c21\" class=\"h-x-container style-1560 style-local-328-c21 position-relative h-element\"><div class=\"h-x-container-inner style-dynamic-328-c21-group\"><span class=\"h-button__outer style-1561-outer style-local-328-c22-outer d-inline-flex h-element\"><a href=\"https:\/\/www.aeplima.pt\/aeplima\/2024\/05\/29\/alunos-do-aepl-a-surfar\/\" data-colibri-id=\"328-c22\" class=\"d-flex w-100 align-items-center h-button justify-content-lg-center justify-content-md-center justify-content-center style-1561 style-local-328-c22 position-relative\"> <span>Read more<\/span> <span class=\"h-svg-icon h-button__icon style-1561-icon style-local-328-c22-icon\"><svg version=\"1.1\" xmlns=\"http:\/\/www.w3.org\/2000\/svg\" xmlns:xlink=\"http:\/\/www.w3.org\/1999\/xlink\" id=\"arrow-right\" viewBox=\"0 0 512 545.5\"><path d=\"M299.5 140.5l136 136 11 11.5-11 11.5-136 136-23-23L385 304H64v-32h321L276.5 163.5z\"><\/path><\/svg><\/span><\/a><\/span><\/div><\/div><\/div><\/div><\/div><\/div><\/div><\/div><\/div><\/div>\n      \n      <\/div>\n<p>\u00a0<\/p>\n<\/div>\n<p>\u00a0<\/p>\n<\/div>\n<p>\u00a0<\/p>\n<\/div>\n<p>\u00a0<\/p>\n<\/div>\n<p>\u00a0<\/p>\n<\/div>\n<p>\u00a0<\/p>\n<\/div>\n<p>\u00a0<\/p>\n<\/div>\n<p>\u00a0<\/p>\n<\/div>","protected":false},"excerpt":{"rendered":"<p>\u00a0 \u00a0 \u00a0 \u00a0 \u00a0 \u00a0 \u00a0 \u00a0 \u00a0 \u00a0 \u00a0 \u00a0 \u00a0 \u00a0 \u00a0 \u00a0 \u00a0 \u00a0 \u00a0 \u00a0 \u00a0 \u00a0<\/p>\n","protected":false},"author":1,"featured_media":0,"parent":324,"menu_order":0,"comment_status":"closed","ping_status":"closed","template":"page-templates\/full-width-page.php","meta":{"footnotes":""},"class_list":["post-328","page","type-page","status-publish","hentry"],"_links":{"self":[{"href":"https:\/\/www.aeplima.pt\/aeplima\/wp-json\/wp\/v2\/pages\/328","targetHints":{"allow":["GET"]}}],"collection":[{"href":"https:\/\/www.aeplima.pt\/aeplima\/wp-json\/wp\/v2\/pages"}],"about":[{"href":"https:\/\/www.aeplima.pt\/aeplima\/wp-json\/wp\/v2\/types\/page"}],"author":[{"embeddable":true,"href":"https:\/\/www.aeplima.pt\/aeplima\/wp-json\/wp\/v2\/users\/1"}],"replies":[{"embeddable":true,"href":"https:\/\/www.aeplima.pt\/aeplima\/wp-json\/wp\/v2\/comments?post=328"}],"version-history":[{"count":4,"href":"https:\/\/www.aeplima.pt\/aeplima\/wp-json\/wp\/v2\/pages\/328\/revisions"}],"predecessor-version":[{"id":6936,"href":"https:\/\/www.aeplima.pt\/aeplima\/wp-json\/wp\/v2\/pages\/328\/revisions\/6936"}],"up":[{"embeddable":true,"href":"https:\/\/www.aeplima.pt\/aeplima\/wp-json\/wp\/v2\/pages\/324"}],"wp:attachment":[{"href":"https:\/\/www.aeplima.pt\/aeplima\/wp-json\/wp\/v2\/media?parent=328"}],"curies":[{"name":"wp","href":"https:\/\/api.w.org\/{rel}","templated":true}]}}