{"id":326,"date":"2023-02-28T11:50:32","date_gmt":"2023-02-28T11:50:32","guid":{"rendered":"https:\/\/www.aeplima.pt\/aeplima\/?page_id=326"},"modified":"2024-02-26T16:23:25","modified_gmt":"2024-02-26T16:23:25","slug":"caa","status":"publish","type":"page","link":"https:\/\/www.aeplima.pt\/aeplima\/educacao-inclusiva\/caa\/","title":{"rendered":"Centro de Apoio \u00e0 Aprendizagem"},"content":{"rendered":"<div class=\"style-1509 style-local-326-c1 position-relative\" data-colibri-id=\"326-c1\">\n<div id=\"initial-content\" class=\"h-section h-section-global-spacing d-flex align-items-lg-center align-items-md-center align-items-center style-1510 style-local-326-c2 position-relative\" data-colibri-component=\"section\" data-colibri-id=\"326-c2\">\n<div class=\"h-section-grid-container h-section-boxed-container\">\n<div class=\"h-row-container gutters-row-lg-2 gutters-row-md-2 gutters-row-0 gutters-row-v-lg-2 gutters-row-v-md-2 gutters-row-v-2 style-2070 style-local-326-c3 position-relative\" data-colibri-id=\"326-c3\">\n<div class=\"h-row justify-content-lg-center justify-content-md-center justify-content-center align-items-lg-stretch align-items-md-stretch align-items-stretch gutters-col-lg-2 gutters-col-md-2 gutters-col-0 gutters-col-v-lg-2 gutters-col-v-md-2 gutters-col-v-2\">\n<div class=\"h-column h-column-container d-flex h-col-lg-auto h-col-md-auto h-col-auto style-2071-outer style-local-326-c4-outer\">\n<div class=\"d-flex h-flex-basis h-column__inner h-px-lg-2 h-px-md-2 h-px-2 v-inner-lg-2 v-inner-md-2 v-inner-2 style-2071 style-local-326-c4 position-relative\" data-colibri-id=\"326-c4\">\n<div class=\"w-100 h-y-container h-column__content h-column__v-align flex-basis-100 align-self-lg-start align-self-md-start align-self-start\">\n<div class=\"h-text h-text-component style-2072 style-local-326-c5 position-relative h-element\" data-colibri-id=\"326-c5\">\n<div class=\"\">\n<p>De acordo com o Dec. Lei n\u00ba 54\/2018, o Centro de Apoio \u00e0 Aprendizagem (CAA) \u00e9 uma estrutura de apoio din\u00e2mico, agregadora dos recursos de apoio \u00e0 aprendizagem e \u00e0 inclus\u00e3o, designadamente: recursos materiais, humanos e organizacionais,<br \/>existentes na escola, e recursos espec\u00edficos existentes na comunidade. A inclus\u00e3o pressup\u00f5e a flexibilidade curricular, com base no trabalho colaborativo de todos os docentes, t\u00e9cnicos e pais\/encarregados de educa\u00e7\u00e3o, para que todas<br \/>as crian\u00e7as e jovens tenham acesso ao curr\u00edculo numa perspectiva multidimensional, promovendo o seu desenvolvimento de acordo com as suas potencialidades e tendo como referencial \u201cO Perfil do Aluno \u00e0 sa\u00edda da Escolaridade Obrigat\u00f3ria\u201d.<\/p>\n<\/div>\n<\/div>\n<\/div>\n<\/div>\n<\/div>\n<\/div>\n<\/div>\n<\/div>\n<\/div>\n<\/div>\n\n\n<div data-wp-interactive=\"core\/file\" class=\"wp-block-file aligncenter\"><object data-wp-bind--hidden=\"!state.hasPdfPreview\" hidden class=\"wp-block-file__embed\" data=\"https:\/\/www.aeplima.pt\/aeplima\/wp-content\/uploads\/2024\/02\/Regimento-CAA-22-26.pdf\" type=\"application\/pdf\" style=\"width:100%;height:600px\" aria-label=\"Incorpora\u00e7\u00e3o de Regimento-CAA-22-26.\"><\/object><a id=\"wp-block-file--media-312b6a7f-98a9-446e-9169-979872bb9261\" href=\"https:\/\/www.aeplima.pt\/aeplima\/wp-content\/uploads\/2024\/02\/Regimento-CAA-22-26.pdf\">Regimento-CAA-22-26<\/a><a href=\"https:\/\/www.aeplima.pt\/aeplima\/wp-content\/uploads\/2024\/02\/Regimento-CAA-22-26.pdf\" class=\"wp-block-file__button wp-element-button\" download aria-describedby=\"wp-block-file--media-312b6a7f-98a9-446e-9169-979872bb9261\">Descarregar<\/a><\/div>\n\n\n<div id=\"custom\" class=\"h-section h-section-global-spacing d-flex align-items-lg-center align-items-md-center align-items-center style-1523 style-local-326-c9 position-relative\" data-colibri-component=\"section\" data-colibri-id=\"326-c9\"><br \/>\n<div class=\"h-section-grid-container h-section-boxed-container\">\n<div class=\"h-row-container gutters-row-lg-2 gutters-row-md-2 gutters-row-0 gutters-row-v-lg-2 gutters-row-v-md-2 gutters-row-v-2 style-1524 style-local-326-c10 position-relative\" data-colibri-id=\"326-c10\">\n<div class=\"h-row justify-content-lg-center justify-content-md-center justify-content-center align-items-lg-stretch align-items-md-stretch align-items-stretch gutters-col-lg-2 gutters-col-md-2 gutters-col-0 gutters-col-v-lg-2 gutters-col-v-md-2 gutters-col-v-2\">\n<div class=\"h-column h-column-container d-flex h-col-lg-auto h-col-md-auto h-col-auto style-1525-outer style-local-326-c11-outer\">\n<div class=\"d-flex h-flex-basis h-column__inner h-px-lg-2 h-px-md-2 h-px-2 v-inner-lg-2 v-inner-md-2 v-inner-2 style-1525 style-local-326-c11 position-relative\" data-colibri-id=\"326-c11\"><br \/>\n<div class=\"w-100 h-y-container h-column__content h-column__v-align flex-basis-100 align-self-lg-start align-self-md-start align-self-start\">\n<div class=\"h-row-container gutters-row-lg-1 gutters-row-md-1 gutters-row-0 gutters-row-v-lg-1 gutters-row-v-md-1 gutters-row-v-1 colibri-dynamic-list style-1526 style-local-326-c12 position-relative\" data-colibri-id=\"326-c12\">\n<div class=\"h-row justify-content-lg-start justify-content-md-start justify-content-start align-items-lg-stretch align-items-md-stretch align-items-stretch gutters-col-lg-1 gutters-col-md-1 gutters-col-0 gutters-col-v-lg-1 gutters-col-v-md-1 gutters-col-v-1 style-1526-row style-local-326-c12-row\" data-colibri-component=\"masonry\">[<\/div>\n<\/div>\n<\/div>\n<\/div>\n<\/div>\n<\/div>\n<\/div>\n<\/div>\n<\/div>","protected":false},"excerpt":{"rendered":"<p>De acordo com o Dec. Lei n\u00ba 54\/2018, o Centro de Apoio \u00e0 Aprendizagem (CAA) \u00e9 uma estrutura de apoio din\u00e2mico, agregadora dos recursos de apoio \u00e0 aprendizagem e \u00e0 inclus\u00e3o, designadamente: recursos materiais, humanos e organizacionais,existentes na escola, e recursos espec\u00edficos existentes na comunidade. A inclus\u00e3o pressup\u00f5e a flexibilidade curricular, com base no trabalho [&hellip;]<\/p>\n","protected":false},"author":1,"featured_media":0,"parent":324,"menu_order":0,"comment_status":"closed","ping_status":"closed","template":"page-templates\/full-width-page.php","meta":{"footnotes":""},"class_list":["post-326","page","type-page","status-publish","hentry"],"_links":{"self":[{"href":"https:\/\/www.aeplima.pt\/aeplima\/wp-json\/wp\/v2\/pages\/326","targetHints":{"allow":["GET"]}}],"collection":[{"href":"https:\/\/www.aeplima.pt\/aeplima\/wp-json\/wp\/v2\/pages"}],"about":[{"href":"https:\/\/www.aeplima.pt\/aeplima\/wp-json\/wp\/v2\/types\/page"}],"author":[{"embeddable":true,"href":"https:\/\/www.aeplima.pt\/aeplima\/wp-json\/wp\/v2\/users\/1"}],"replies":[{"embeddable":true,"href":"https:\/\/www.aeplima.pt\/aeplima\/wp-json\/wp\/v2\/comments?post=326"}],"version-history":[{"count":19,"href":"https:\/\/www.aeplima.pt\/aeplima\/wp-json\/wp\/v2\/pages\/326\/revisions"}],"predecessor-version":[{"id":8854,"href":"https:\/\/www.aeplima.pt\/aeplima\/wp-json\/wp\/v2\/pages\/326\/revisions\/8854"}],"up":[{"embeddable":true,"href":"https:\/\/www.aeplima.pt\/aeplima\/wp-json\/wp\/v2\/pages\/324"}],"wp:attachment":[{"href":"https:\/\/www.aeplima.pt\/aeplima\/wp-json\/wp\/v2\/media?parent=326"}],"curies":[{"name":"wp","href":"https:\/\/api.w.org\/{rel}","templated":true}]}}