{"id":3183,"date":"2023-04-04T14:58:46","date_gmt":"2023-04-04T14:58:46","guid":{"rendered":"https:\/\/www.aeplima.pt\/aeplima\/?page_id=3183"},"modified":"2023-04-28T10:28:12","modified_gmt":"2023-04-28T10:28:12","slug":"capacitacao-digital-das-escolas","status":"publish","type":"page","link":"https:\/\/www.aeplima.pt\/aeplima\/capacitacao-digital-das-escolas\/","title":{"rendered":"CAPACITA\u00c7\u00c3O DIGITAL DAS ESCOLAS"},"content":{"rendered":"\n<p>O Programa de digitaliza\u00e7\u00e3o para as Escolas, no \u00e2mbito do&nbsp;<strong>Plano de A\u00e7\u00e3o para a Transi\u00e7\u00e3o Digital<\/strong>, de 21 de abril de 2020 (Resolu\u00e7\u00e3o do Conselho de Ministros n.\u00ba 30\/2020), prev\u00ea o desenvolvimento de um programa para a transforma\u00e7\u00e3o digital das escolas.<\/p>\n\n\n\n<p>A <strong>Capacita\u00e7\u00e3o Digital das Escolas<\/strong> pretende impulsionar o desenvolvimento de estrat\u00e9gias inovadoras e indutoras de mudan\u00e7a que ter\u00e3o impacto na melhoria da gest\u00e3o escolar, na qualidade do ensino, nas aprendizagens e nos resultados escolares.<\/p>\n\n\n\n<p>Links:<\/p>\n\n\n\n<ul class=\"wp-block-list\">\n<li><a href=\"https:\/\/erte.dge.mec.pt\/\" target=\"_blank\" rel=\"noreferrer noopener\">EQUIPA DE RECURSOS E TECNOLOGIAS EDUCATIVAS<\/a><\/li>\n\n\n\n<li><a rel=\"noreferrer noopener\" href=\"https:\/\/digital.dge.mec.pt\/\" target=\"_blank\">CAPACITA\u00c7\u00c3O DIGITAL DAS ESCOLAS<\/a><\/li>\n\n\n\n<li><a href=\"https:\/\/redge.dge.mec.pt\/\" target=\"_blank\" rel=\"noreferrer noopener\">RECURSOS EDUCATIVOS DIGITAIS<\/a><\/li>\n\n\n\n<li><a href=\"https:\/\/plataforma.dge.mec.pt\/\" target=\"_blank\" rel=\"noreferrer noopener\">PLATAFORMA DGE (FORMA\u00c7\u00c3O)<\/a><\/li>\n\n\n\n<li><a href=\"http:\/\/www.seguranet.pt\/\" target=\"_blank\" rel=\"noreferrer noopener\">SEGURANET<\/a><\/li>\n\n\n\n<li><a href=\"http:\/\/etwinning.pt\/\" target=\"_blank\" rel=\"noreferrer noopener\">ETWINNING<\/a><\/li>\n\n\n\n<li><a href=\"http:\/\/webinar.dge.mec.pt\/\" target=\"_blank\" rel=\"noreferrer noopener\">WEBINARS DGE<\/a><\/li>\n\n\n\n<li><a href=\"https:\/\/escolamais.dge.mec.pt\/\">PLANO 21|23 ESCOLA+<\/a><\/li>\n\n\n\n<li><a href=\"https:\/\/apoioescolas.dge.mec.pt\/\">APOIO \u00c0S ESCOLAS<\/a><\/li>\n<\/ul>\n\n\n\n<p><\/p>\n\n\n\n<h2 class=\"wp-block-heading\">DOCUMENTOS ORIENTADORES:<\/h2>\n\n\n\n<p><a href=\"https:\/\/area.dge.mec.pt\/download\/DigCompEdu_2018.pdf\">DigCompEdu \u2013 Quadro Europeu de Compet\u00eancia Digital para Educadores<\/a><\/p>\n\n\n\n<p>Apresenta um enquadramento comum para o desenvolvimento da compet\u00eancia digital dos educadores na Europa.<\/p>\n\n\n\n<p><\/p>\n\n\n\n<p><a href=\"https:\/\/erte.dge.mec.pt\/sites\/default\/files\/jrc98209_r_digcomporg_final_0.pdf\">DigCompOrg \u2013 Promoting Effective Digital-Age Learning (Quadro Europeu para Organiza\u00e7\u00f5es Educativas Digitalmente Competentes)<\/a><\/p>\n\n\n\n<p>Convida as escolas para a autorreflex\u00e3o e autoavalia\u00e7\u00e3o, ajudando-as a compreender como a tecnologia est\u00e1 integrada e \u00e9 utilizada. Apoia as institui\u00e7\u00f5es educativas a reverem as suas estrat\u00e9gias de integra\u00e7\u00e3o das tecnologias digitais nas suas pr\u00e1ticas de ensino, aprendizagem e organizativas.<\/p>\n\n\n\n<p><\/p>\n\n\n\n<p><a href=\"https:\/\/eur-lex.europa.eu\/legal-content\/PT\/TXT\/PDF\/?uri=CELEX:52020DC0624&amp;from=EN\">Plano de A\u00e7\u00e3o para a Educa\u00e7\u00e3o Digital 2021-2027<\/a><\/p>\n\n\n\n<p>Comunica\u00e7\u00e3o da Comiss\u00e3o Europeia, de 2020, que apresenta o plano para \u201cReconfigurar a educa\u00e7\u00e3o e a forma\u00e7\u00e3o para a era digital\u201d.<\/p>\n\n\n\n<p><\/p>\n\n\n\n<p><a href=\"https:\/\/www.portugal.gov.pt\/gc22\/portugal-digital\/plano-de-acao-para-a-transicao-digital-pdf.aspx\" target=\"_blank\" rel=\"noreferrer noopener\">Plano de A\u00e7\u00e3o para a Transi\u00e7\u00e3o Digital de Portugal<\/a><\/p>\n\n\n\n<p>Documento estrat\u00e9gico de apoio \u00e0 implementa\u00e7\u00e3o de medidas que visam a transi\u00e7\u00e3o digital do estado, das empresas e do cidad\u00e3o em geral, aprovado pela&nbsp;<a rel=\"noreferrer noopener\" href=\"https:\/\/dre.pt\/dre\/detalhe\/resolucao-conselho-ministros\/30-2020-132133788\" target=\"_blank\">Resolu\u00e7\u00e3o do Conselho de Ministros n.\u00ba 30\/2020<\/a>. Apresenta-se uma breve descri\u00e7\u00e3o sobre as&nbsp;<a rel=\"noreferrer noopener\" href=\"https:\/\/erte.dge.mec.pt\/sites\/default\/files\/ptd_na_educacao.pdf\" target=\"_blank\">implementa\u00e7\u00e3o do plano na educa\u00e7\u00e3o<\/a>&nbsp;e o respetivo&nbsp;<a rel=\"noreferrer noopener\" href=\"https:\/\/erte.dge.mec.pt\/sites\/default\/files\/cronograma_ptd.pdf\" target=\"_blank\">cronograma<\/a>.<\/p>\n","protected":false},"excerpt":{"rendered":"<p>O Programa de digitaliza\u00e7\u00e3o para as Escolas, no \u00e2mbito do&nbsp;Plano de A\u00e7\u00e3o para a Transi\u00e7\u00e3o Digital, de 21 de abril de 2020 (Resolu\u00e7\u00e3o do Conselho de Ministros n.\u00ba 30\/2020), prev\u00ea o desenvolvimento de um programa para a transforma\u00e7\u00e3o digital das escolas. A Capacita\u00e7\u00e3o Digital das Escolas pretende impulsionar o desenvolvimento de estrat\u00e9gias inovadoras e indutoras [&hellip;]<\/p>\n","protected":false},"author":1,"featured_media":0,"parent":0,"menu_order":0,"comment_status":"closed","ping_status":"closed","template":"","meta":{"footnotes":""},"class_list":["post-3183","page","type-page","status-publish","hentry"],"_links":{"self":[{"href":"https:\/\/www.aeplima.pt\/aeplima\/wp-json\/wp\/v2\/pages\/3183","targetHints":{"allow":["GET"]}}],"collection":[{"href":"https:\/\/www.aeplima.pt\/aeplima\/wp-json\/wp\/v2\/pages"}],"about":[{"href":"https:\/\/www.aeplima.pt\/aeplima\/wp-json\/wp\/v2\/types\/page"}],"author":[{"embeddable":true,"href":"https:\/\/www.aeplima.pt\/aeplima\/wp-json\/wp\/v2\/users\/1"}],"replies":[{"embeddable":true,"href":"https:\/\/www.aeplima.pt\/aeplima\/wp-json\/wp\/v2\/comments?post=3183"}],"version-history":[{"count":2,"href":"https:\/\/www.aeplima.pt\/aeplima\/wp-json\/wp\/v2\/pages\/3183\/revisions"}],"predecessor-version":[{"id":5778,"href":"https:\/\/www.aeplima.pt\/aeplima\/wp-json\/wp\/v2\/pages\/3183\/revisions\/5778"}],"wp:attachment":[{"href":"https:\/\/www.aeplima.pt\/aeplima\/wp-json\/wp\/v2\/media?parent=3183"}],"curies":[{"name":"wp","href":"https:\/\/api.w.org\/{rel}","templated":true}]}}