{"id":314,"date":"2023-02-28T11:48:02","date_gmt":"2023-02-28T11:48:02","guid":{"rendered":"https:\/\/www.aeplima.pt\/aeplima\/?page_id=314"},"modified":"2023-04-04T16:06:30","modified_gmt":"2023-04-04T16:06:30","slug":"red","status":"publish","type":"page","link":"https:\/\/www.aeplima.pt\/aeplima\/projetos\/red\/","title":{"rendered":"Recursos Educativos Digitais"},"content":{"rendered":"\n<p class=\"has-medium-font-size\"><\/p>\n\n\n\n<h4 class=\"wp-block-heading\">RECURSOS EDUCATIVOS DIGITAIS<\/h4>\n\n\n\n<p>Acede \u00e0 p\u00e1gina da <a href=\"https:\/\/redge.dge.mec.pt\/site\/\" data-type=\"URL\" data-id=\"https:\/\/redge.dge.mec.pt\/site\/\" target=\"_blank\" rel=\"noreferrer noopener\">DGE &#8211; Recursos Educativos Digitais<\/a><\/p>\n\n\n\n<p><\/p>\n\n\n\n<h4 class=\"wp-block-heading\">RECURSOS ABERTOS<\/h4>\n\n\n\n<p>Acede \u00e0 p\u00e1gina <a rel=\"noreferrer noopener\" href=\"https:\/\/apoioescolas.dge.mec.pt\/recursos\/recursos-educativos-digitais-e-abertos-reda\" data-type=\"URL\" data-id=\"https:\/\/apoioescolas.dge.mec.pt\/recursos\/recursos-educativos-digitais-e-abertos-reda\" target=\"_blank\">Recursos Educativos Digitais e Abertos (REDA)<\/a><\/p>\n\n\n\n<p><\/p>\n\n\n\n<h4 class=\"wp-block-heading\">RECURSOS FECHADOS<\/h4>\n\n\n\n<p>Consulta os recursos partilhados no\u00a0<strong><a rel=\"noreferrer noopener\" href=\"https:\/\/www.microsoft.com\/pt-pt\/microsoft-teams\/log-in\" target=\"_blank\">TEAMS<\/a><\/strong>.<\/p>\n","protected":false},"excerpt":{"rendered":"<p>RECURSOS EDUCATIVOS DIGITAIS Acede \u00e0 p\u00e1gina da DGE &#8211; Recursos Educativos Digitais RECURSOS ABERTOS Acede \u00e0 p\u00e1gina Recursos Educativos Digitais e Abertos (REDA) RECURSOS FECHADOS Consulta os recursos partilhados no\u00a0TEAMS.<\/p>\n","protected":false},"author":1,"featured_media":0,"parent":291,"menu_order":0,"comment_status":"closed","ping_status":"closed","template":"","meta":{"footnotes":""},"class_list":["post-314","page","type-page","status-publish","hentry"],"_links":{"self":[{"href":"https:\/\/www.aeplima.pt\/aeplima\/wp-json\/wp\/v2\/pages\/314","targetHints":{"allow":["GET"]}}],"collection":[{"href":"https:\/\/www.aeplima.pt\/aeplima\/wp-json\/wp\/v2\/pages"}],"about":[{"href":"https:\/\/www.aeplima.pt\/aeplima\/wp-json\/wp\/v2\/types\/page"}],"author":[{"embeddable":true,"href":"https:\/\/www.aeplima.pt\/aeplima\/wp-json\/wp\/v2\/users\/1"}],"replies":[{"embeddable":true,"href":"https:\/\/www.aeplima.pt\/aeplima\/wp-json\/wp\/v2\/comments?post=314"}],"version-history":[{"count":7,"href":"https:\/\/www.aeplima.pt\/aeplima\/wp-json\/wp\/v2\/pages\/314\/revisions"}],"predecessor-version":[{"id":3203,"href":"https:\/\/www.aeplima.pt\/aeplima\/wp-json\/wp\/v2\/pages\/314\/revisions\/3203"}],"up":[{"embeddable":true,"href":"https:\/\/www.aeplima.pt\/aeplima\/wp-json\/wp\/v2\/pages\/291"}],"wp:attachment":[{"href":"https:\/\/www.aeplima.pt\/aeplima\/wp-json\/wp\/v2\/media?parent=314"}],"curies":[{"name":"wp","href":"https:\/\/api.w.org\/{rel}","templated":true}]}}