{"id":298,"date":"2023-02-28T11:44:50","date_gmt":"2023-02-28T11:44:50","guid":{"rendered":"https:\/\/www.aeplima.pt\/aeplima\/?page_id=298"},"modified":"2023-04-13T14:52:50","modified_gmt":"2023-04-13T14:52:50","slug":"pna","status":"publish","type":"page","link":"https:\/\/www.aeplima.pt\/aeplima\/projetos\/pna\/","title":{"rendered":"Plano Nacional da Artes"},"content":{"rendered":"<div data-colibri-id=\"298-c1\" class=\"style-1681 style-local-298-c1 position-relative\">\n  <!---->\n  <div data-colibri-component=\"section\" data-colibri-id=\"298-c2\" id=\"initial-content\" class=\"h-section h-section-global-spacing d-flex align-items-lg-center align-items-md-center align-items-center style-1682 style-local-298-c2 position-relative\">\n    <!---->\n    <!---->\n    <div class=\"h-section-grid-container h-section-boxed-container\">\n      <!---->\n      <div data-colibri-id=\"298-c3\" class=\"h-row-container gutters-row-lg-2 gutters-row-md-2 gutters-row-0 gutters-row-v-lg-2 gutters-row-v-md-2 gutters-row-v-2 style-1683 style-local-298-c3 position-relative\">\n        <!---->\n        <div class=\"h-row justify-content-lg-center justify-content-md-center justify-content-center align-items-lg-stretch align-items-md-stretch align-items-stretch gutters-col-lg-2 gutters-col-md-2 gutters-col-0 gutters-col-v-lg-2 gutters-col-v-md-2 gutters-col-v-2\">\n          <!---->\n          <div class=\"h-column h-column-container d-flex h-col-lg-auto h-col-md-auto h-col-auto style-1684-outer style-local-298-c4-outer\">\n            <div data-colibri-id=\"298-c4\" class=\"d-flex h-flex-basis h-column__inner h-px-lg-2 h-px-md-2 h-px-2 v-inner-lg-2 v-inner-md-2 v-inner-2 style-1684 style-local-298-c4 position-relative\">\n              <!---->\n              <!---->\n              <div class=\"w-100 h-y-container h-column__content h-column__v-align flex-basis-100 align-self-lg-start align-self-md-start align-self-start\">\n                <!---->\n                <div data-colibri-id=\"298-c5\" class=\"style-1685 style-local-298-c5 position-relative h-element\">\n                  <!---->\n                  <div>\n                    \n                    <p>O Plano Nacional das Artes (PNA) tem como objetivo tornar as artes mais acess\u00edveis aos cidad\u00e3os, em particular \u00e0s crian\u00e7as e aos jovens, atrav\u00e9s da comunidade educativa, promovendo a participa\u00e7\u00e3o, frui\u00e7\u00e3o e cria\u00e7\u00e3o cultural, numa l\u00f3gica\n                      de inclus\u00e3o e aprendizagem ao longo da vida. Pretende incentivar o compromisso cultural das comunidades e organiza\u00e7\u00f5es e desenvolver redes de colabora\u00e7\u00e3o e parcerias com entidades p\u00fablicas e privadas, designadamente, trabalhando\n                      em articula\u00e7\u00e3o com os planos, programas e redes pr\u00e9-existentes.<\/p>\n                    \n\n                    \n                    <p>\n                      <a rel=\"noreferrer noopener\" href=\"https:\/\/www.dge.mec.pt\/plano-nacional-das-artes\" data-type=\"URL\" data-id=\"https:\/\/www.dge.mec.pt\/plano-nacional-das-artes\" target=\"_blank\">Plano Nacional das Artes | Dire\u00e7\u00e3o-Geral da Educa\u00e7\u00e3o<\/a>\n                    <\/p>\n                    \n\n                    \n                    <p><\/p>\n                    \n\n                    \n                    <p class=\"has-text-align-center\"><strong>PROJETO CULTURAL DE ESCOLA &#8211; AEPL<\/strong><\/p>\n                    \n\n                    \n                    <div data-wp-interactive=\"core\/file\" class=\"wp-block-file\">\n                      <object data-wp-bind--hidden=\"!state.hasPdfPreview\" hidden class=\"wp-block-file__embed\" data=\"https:\/\/www.aeplima.pt\/aeplima\/wp-content\/uploads\/2023\/04\/PROJETO-CULTURAL-DE-ESCOLA.pdf\" type=\"application\/pdf\" style=\"width:100%;height:600px\" aria-label=\"Incorpora\u00e7\u00e3o de PROJETO-CULTURAL-DE-ESCOLA.\"><\/object>\n                      <a id=\"wp-block-file--media-d3984308-c584-4fe3-8e09-c4d8e24815c1\" href=\"https:\/\/www.aeplima.pt\/aeplima\/wp-content\/uploads\/2023\/04\/PROJETO-CULTURAL-DE-ESCOLA.pdf\">PROJETO-CULTURAL-DE-ESCOLA<\/a>\n                      <a href=\"https:\/\/www.aeplima.pt\/aeplima\/wp-content\/uploads\/2023\/04\/PROJETO-CULTURAL-DE-ESCOLA.pdf\" class=\"wp-block-file__button wp-element-button\" download=\"\" aria-describedby=\"wp-block-file--media-d3984308-c584-4fe3-8e09-c4d8e24815c1\">Descarregar<\/a>\n                    <\/div>\n                    \n                  <\/div>\n                <\/div>\n              <\/div>\n            <\/div>\n          <\/div>\n        <\/div>\n      <\/div>\n    <\/div>\n  <\/div>\n  <div data-colibri-component=\"section\" data-colibri-id=\"298-c6\" id=\"reusable-sections\" class=\"h-section h-section-global-spacing d-flex align-items-lg-center align-items-md-center align-items-center style-1686 style-local-298-c6 position-relative\">\n    <!---->\n    <!---->\n    <div class=\"h-section-grid-container h-section-boxed-container\">\n      <!---->\n      <div data-colibri-id=\"298-c7\" class=\"h-row-container gutters-row-lg-2 gutters-row-md-2 gutters-row-0 gutters-row-v-lg-2 gutters-row-v-md-2 gutters-row-v-2 style-1687 style-local-298-c7 position-relative\">\n        <!---->\n        <div class=\"h-row justify-content-lg-center justify-content-md-center justify-content-center align-items-lg-stretch align-items-md-stretch align-items-stretch gutters-col-lg-2 gutters-col-md-2 gutters-col-0 gutters-col-v-lg-2 gutters-col-v-md-2 gutters-col-v-2\">\n          <!---->\n          <div class=\"h-column h-column-container d-flex h-col-lg-auto h-col-md-auto h-col-auto style-1688-outer style-local-298-c8-outer\">\n            <div data-colibri-id=\"298-c8\" class=\"d-flex h-flex-basis h-column__inner h-px-lg-2 h-px-md-2 h-px-2 v-inner-lg-2 v-inner-md-2 v-inner-2 style-1688 style-local-298-c8 position-relative\">\n              <!---->\n              <!---->\n              <div class=\"w-100 h-y-container h-column__content h-column__v-align flex-basis-100 align-self-lg-start align-self-md-start align-self-start\">\n                <!---->\n                <div data-colibri-id=\"298-c9\" class=\"h-row-container gutters-row-lg-1 gutters-row-md-1 gutters-row-0 gutters-row-v-lg-1 gutters-row-v-md-1 gutters-row-v-1 colibri-dynamic-list style-1689 style-local-298-c9 position-relative\">\n                  <!---->\n                  <div data-colibri-component=\"masonry\" class=\"h-row justify-content-lg-start justify-content-md-start justify-content-start align-items-lg-stretch align-items-md-stretch align-items-stretch gutters-col-lg-1 gutters-col-md-1 gutters-col-0 gutters-col-v-lg-1 gutters-col-v-md-1 gutters-col-v-1 style-1689-row style-local-298-c9-row\">\n                    <!---->          <div>No posts found<\/div>\n        \n                    <\/div>\n                <\/div>\n              <\/div>\n            <\/div>\n          <\/div>\n        <\/div>\n      <\/div>\n    <\/div>\n  <\/div>\n<\/div>","protected":false},"excerpt":{"rendered":"<p>O Plano Nacional das Artes (PNA) tem como objetivo tornar as artes mais acess\u00edveis aos cidad\u00e3os, em particular \u00e0s crian\u00e7as e aos jovens, atrav\u00e9s da comunidade educativa, promovendo a participa\u00e7\u00e3o, frui\u00e7\u00e3o e cria\u00e7\u00e3o cultural, numa l\u00f3gica de inclus\u00e3o e aprendizagem ao longo da vida. Pretende incentivar o compromisso cultural das comunidades e organiza\u00e7\u00f5es e desenvolver [&hellip;]<\/p>\n","protected":false},"author":1,"featured_media":0,"parent":291,"menu_order":0,"comment_status":"closed","ping_status":"closed","template":"page-templates\/full-width-page.php","meta":{"footnotes":""},"class_list":["post-298","page","type-page","status-publish","hentry"],"_links":{"self":[{"href":"https:\/\/www.aeplima.pt\/aeplima\/wp-json\/wp\/v2\/pages\/298","targetHints":{"allow":["GET"]}}],"collection":[{"href":"https:\/\/www.aeplima.pt\/aeplima\/wp-json\/wp\/v2\/pages"}],"about":[{"href":"https:\/\/www.aeplima.pt\/aeplima\/wp-json\/wp\/v2\/types\/page"}],"author":[{"embeddable":true,"href":"https:\/\/www.aeplima.pt\/aeplima\/wp-json\/wp\/v2\/users\/1"}],"replies":[{"embeddable":true,"href":"https:\/\/www.aeplima.pt\/aeplima\/wp-json\/wp\/v2\/comments?post=298"}],"version-history":[{"count":3,"href":"https:\/\/www.aeplima.pt\/aeplima\/wp-json\/wp\/v2\/pages\/298\/revisions"}],"predecessor-version":[{"id":4161,"href":"https:\/\/www.aeplima.pt\/aeplima\/wp-json\/wp\/v2\/pages\/298\/revisions\/4161"}],"up":[{"embeddable":true,"href":"https:\/\/www.aeplima.pt\/aeplima\/wp-json\/wp\/v2\/pages\/291"}],"wp:attachment":[{"href":"https:\/\/www.aeplima.pt\/aeplima\/wp-json\/wp\/v2\/media?parent=298"}],"curies":[{"name":"wp","href":"https:\/\/api.w.org\/{rel}","templated":true}]}}