{"id":289,"date":"2023-02-28T11:41:06","date_gmt":"2023-02-28T11:41:06","guid":{"rendered":"https:\/\/www.aeplima.pt\/aeplima\/?page_id=289"},"modified":"2023-04-18T17:20:46","modified_gmt":"2023-04-18T17:20:46","slug":"manuais-escolares","status":"publish","type":"page","link":"https:\/\/www.aeplima.pt\/aeplima\/manuais-escolares\/","title":{"rendered":"Manuais Escolares"},"content":{"rendered":"<div data-colibri-id=\"289-c1\" class=\"style-1270 style-local-289-c1 position-relative\">\n  <!---->\n  <div data-colibri-component=\"section\" data-colibri-id=\"289-c2\" id=\"initial-content\" class=\"h-section h-section-global-spacing d-flex align-items-lg-center align-items-md-center align-items-center style-1271 style-local-289-c2 position-relative\">\n    <!---->\n    <!---->\n    <div class=\"h-section-grid-container h-section-boxed-container\">\n      <!---->\n      <div data-colibri-id=\"289-c3\" class=\"h-row-container gutters-row-lg-0 gutters-row-md-0 gutters-row-0 gutters-row-v-lg-0 gutters-row-v-md-0 gutters-row-v-0 style-1272 style-local-289-c3 position-relative\">\n        <!---->\n        <div class=\"h-row justify-content-lg-center justify-content-md-center justify-content-center align-items-lg-stretch align-items-md-stretch align-items-stretch gutters-col-lg-0 gutters-col-md-0 gutters-col-0 gutters-col-v-lg-0 gutters-col-v-md-0 gutters-col-v-0\">\n          <!---->\n          <div class=\"h-column h-column-container d-flex h-col-lg-auto h-col-md-auto h-col-auto style-1273-outer style-local-289-c4-outer\">\n            <div data-colibri-id=\"289-c4\" class=\"d-flex h-flex-basis h-column__inner h-px-lg-0 h-px-md-0 h-px-0 v-inner-lg-0 v-inner-md-0 v-inner-0 style-1273 style-local-289-c4 position-relative\">\n              <!---->\n              <!---->\n              <div class=\"w-100 h-y-container h-column__content h-column__v-align flex-basis-100 align-self-lg-start align-self-md-start align-self-start\">\n                <!---->\n                <div data-colibri-id=\"289-c5\" class=\"style-1274 style-local-289-c5 position-relative h-element\">\n                  <!---->\n                  <div>\n                    \n                    <p>A avalia\u00e7\u00e3o e a certifica\u00e7\u00e3o dos manuais escolares do ensino b\u00e1sico e do ensino secund\u00e1rio pretende garantir a qualidade cient\u00edfica e pedag\u00f3gica dos manuais escolares a adotar, assegurar a sua conformidade com os&nbsp;documentos curriculares\n                      de refer\u00eancia em vigor, e atestar que constituem um instrumento adequado de apoio ao ensino e \u00e0 promo\u00e7\u00e3o do sucesso educativo.<\/p>\n                    \n\n                    \n                    <p>Para a operacionaliza\u00e7\u00e3o e gest\u00e3o das atividades atr\u00e1s referidas a DGE disponibiliza a plataforma eletr\u00f3nica \u201c\n                      <a href=\"http:\/\/area.dge.mec.pt\/sime\" target=\"_blank\" rel=\"noreferrer noopener\">Sistema de Informa\u00e7\u00e3o de Manuais Escolares\/SIME<\/a>\u201d. Os alunos, os docentes, as escolas, os editores e o p\u00fablico em geral disp\u00f5em, assim, de informa\u00e7\u00e3o que os habilite a ter conhecimento, designadamente, das entidades acreditadas\n                      e dos manuais avaliados, certificados e adotados.<\/p>\n                    \n\n                    \n                    <p>\n                      <a rel=\"noreferrer noopener\" href=\"http:\/\/area.dge.mec.pt\/sime\" target=\"_blank\">SIME &#8211; Plataforma \u201cSistema de Informa\u00e7\u00e3o de Manuais Escolares\u201d<\/a>\n                    <\/p>\n                    \n\n                    \n                    <p><\/p>\n                    \n                  <\/div>\n                <\/div>\n              <\/div>\n            <\/div>\n          <\/div>\n        <\/div>\n      <\/div>\n    <\/div>\n  <\/div>\n  <div data-colibri-component=\"section\" data-colibri-id=\"289-c6\" id=\"custom\" class=\"h-section h-section-global-spacing d-flex align-items-lg-center align-items-md-center align-items-center style-1365 style-local-289-c6 position-relative\">\n    <!---->\n    <!---->\n    <div class=\"h-section-grid-container h-section-boxed-container\">\n      <!---->\n      <div data-colibri-id=\"289-c7\" class=\"h-row-container gutters-row-lg-2 gutters-row-md-2 gutters-row-0 gutters-row-v-lg-2 gutters-row-v-md-2 gutters-row-v-2 style-1366 style-local-289-c7 position-relative\">\n        <!---->\n        <div class=\"h-row justify-content-lg-center justify-content-md-center justify-content-center align-items-lg-stretch align-items-md-stretch align-items-stretch gutters-col-lg-2 gutters-col-md-2 gutters-col-0 gutters-col-v-lg-2 gutters-col-v-md-2 gutters-col-v-2\">\n          <!---->\n          <div class=\"h-column h-column-container d-flex h-col-lg-auto h-col-md-auto h-col-auto style-1367-outer style-local-289-c8-outer\">\n            <div data-colibri-id=\"289-c8\" class=\"d-flex h-flex-basis h-column__inner h-px-lg-2 h-px-md-2 h-px-2 v-inner-lg-2 v-inner-md-2 v-inner-2 style-1367 style-local-289-c8 position-relative\">\n              <!---->\n              <!---->\n              <div class=\"w-100 h-y-container h-column__content h-column__v-align flex-basis-100 align-self-lg-start align-self-md-start align-self-start\">\n                <!---->\n                <div data-colibri-id=\"289-c9\" class=\"h-row-container gutters-row-lg-1 gutters-row-md-1 gutters-row-0 gutters-row-v-lg-1 gutters-row-v-md-1 gutters-row-v-1 colibri-dynamic-list style-1368 style-local-289-c9 position-relative\">\n                  <!---->\n                  <div data-colibri-component=\"masonry\" class=\"h-row justify-content-lg-start justify-content-md-start justify-content-start align-items-lg-stretch align-items-md-stretch align-items-stretch gutters-col-lg-1 gutters-col-md-1 gutters-col-0 gutters-col-v-lg-1 gutters-col-v-md-1 gutters-col-v-1 style-1368-row style-local-289-c9-row\">\n                    <!---->\n        <div class=\"h-column h-column-container d-flex h-col-lg-4 h-col-md-6 h-col-12 post-14044 post type-post status-publish format-standard has-post-thumbnail hentry category-destaque category-manuais-escolares category-noticias masonry-item style-1369-outer style-local-289-c10-outer\"><div data-colibri-id=\"289-c10\" class=\"d-flex h-flex-basis h-column__inner h-px-lg-2 h-px-md-2 h-px-2 v-inner-lg-2 v-inner-md-2 v-inner-2 style-1369 style-local-289-c10 position-relative\"> <div class=\"w-100 h-y-container h-column__content h-column__v-align flex-basis-100 align-self-lg-start align-self-md-start align-self-start\"> <div data-href=\"https:\/\/www.aeplima.pt\/aeplima\/2025\/07\/07\/lista-de-manuais-escolares-adotados-ano-letivo-2025-2026\/\" data-colibri-component=\"link\" data-colibri-id=\"289-c11\" class=\"colibri-post-thumbnail colibri-post-has-thumbnail colibri-post-thumbnail-has-placeholder style-1370 style-local-289-c11 h-overflow-hidden position-relative h-element\"><div class=\"h-global-transition-all colibri-post-thumbnail-shortcode style-dynamic-289-c11-height\">            <a href=\"https:\/\/www.aeplima.pt\/aeplima\/2025\/07\/07\/lista-de-manuais-escolares-adotados-ano-letivo-2025-2026\/\" title=\"Lista de manuais escolares adotados &#8211; Ano letivo 2025\/2026\">\n\t\t\t\t<img loading=\"lazy\" decoding=\"async\" width=\"736\" height=\"552\" src=\"https:\/\/www.aeplima.pt\/aeplima\/wp-content\/uploads\/2025\/06\/aviso_1_736_2500.png\" class=\"attachment-post-thumbnail size-post-thumbnail wp-post-image\" alt=\"\" srcset=\"https:\/\/www.aeplima.pt\/aeplima\/wp-content\/uploads\/2025\/06\/aviso_1_736_2500.png 736w, https:\/\/www.aeplima.pt\/aeplima\/wp-content\/uploads\/2025\/06\/aviso_1_736_2500-300x225.png 300w\" sizes=\"auto, (max-width: 736px) 100vw, 736px\" \/>            <\/a>\n\t\t\t<\/div> <div class=\"colibri-post-thumbnail-content align-items-lg-center align-items-md-center align-items-center flex-basis-100\"><div class=\"w-100 h-y-container\"> <\/div><\/div><\/div><div data-colibri-id=\"289-c12\" class=\"h-row-container gutters-row-lg-2 gutters-row-md-2 gutters-row-2 gutters-row-v-lg-2 gutters-row-v-md-2 gutters-row-v-2 style-1371 style-local-289-c12 position-relative\"><div class=\"h-row justify-content-lg-center justify-content-md-center justify-content-center align-items-lg-stretch align-items-md-stretch align-items-stretch gutters-col-lg-2 gutters-col-md-2 gutters-col-2 gutters-col-v-lg-2 gutters-col-v-md-2 gutters-col-v-2\"> <div class=\"h-column h-column-container d-flex h-col-lg h-col-md h-col-auto style-1372-outer style-local-289-c13-outer\"><div data-colibri-id=\"289-c13\" class=\"d-flex h-flex-basis h-column__inner h-px-lg-2 h-px-md-2 h-px-2 v-inner-lg-2 v-inner-md-2 v-inner-2 style-1372 style-local-289-c13 position-relative\"> <div class=\"w-100 h-y-container h-column__content h-column__v-align flex-basis-100 align-self-lg-start align-self-md-start align-self-start\"> <div data-colibri-id=\"289-c15\" class=\"h-blog-title style-1374 style-local-289-c15 position-relative h-element\"><div class=\"h-global-transition-all\"><a href=\"https:\/\/www.aeplima.pt\/aeplima\/2025\/07\/07\/lista-de-manuais-escolares-adotados-ano-letivo-2025-2026\/\"><h4 class=\"colibri-word-wrap\">Lista de manuais escolares adotados &#8211; Ano letivo 2025\/2026<\/h4><\/a><\/div><\/div><\/div><\/div><\/div><\/div><\/div><div data-colibri-id=\"289-c16\" class=\"style-1375 style-local-289-c16 position-relative h-element\"><div class=\"h-global-transition-all\"><div class=\"colibri-post-excerpt\"><\/div><\/div><\/div><div data-colibri-id=\"289-c17\" class=\"h-row-container gutters-row-lg-2 gutters-row-md-2 gutters-row-2 gutters-row-v-lg-2 gutters-row-v-md-2 gutters-row-v-2 style-1376 style-local-289-c17 position-relative\"><div class=\"h-row justify-content-lg-center justify-content-md-center justify-content-center align-items-lg-stretch align-items-md-stretch align-items-stretch gutters-col-lg-2 gutters-col-md-2 gutters-col-2 gutters-col-v-lg-2 gutters-col-v-md-2 gutters-col-v-2\"> <div class=\"h-column h-column-container d-flex h-col-lg h-col-md h-col style-1377-outer style-local-289-c18-outer\"><div data-colibri-id=\"289-c18\" class=\"d-flex h-flex-basis h-column__inner h-px-lg-2 h-px-md-2 h-px-2 v-inner-lg-0 v-inner-md-0 v-inner-0 style-1377 style-local-289-c18 position-relative\"> <div class=\"w-100 h-y-container h-column__content h-column__v-align flex-basis-100 align-self-lg-center align-self-md-center align-self-center\"> <div data-colibri-id=\"289-c19\" class=\"h-blog-meta style-1378 style-local-289-c19 position-relative h-element\"><div class=\"metadata-item\"> <a href=\"https:\/\/www.aeplima.pt\/aeplima\/2025\/07\/07\/\">7 Jul<\/a><\/div><\/div><\/div><\/div><\/div><div class=\"h-column h-column-container d-flex h-col-lg-auto h-col-md-auto h-col-auto style-1379-outer style-local-289-c20-outer\"><div data-colibri-id=\"289-c20\" class=\"d-flex h-flex-basis h-column__inner h-px-lg-2 h-px-md-2 h-px-2 v-inner-lg-0 v-inner-md-0 v-inner-0 style-1379 style-local-289-c20 position-relative\"> <div class=\"w-100 h-y-container h-column__content h-column__v-align flex-basis-auto align-self-lg-center align-self-md-center align-self-center\"> <div data-colibri-id=\"289-c21\" class=\"h-x-container style-1380 style-local-289-c21 position-relative h-element\"><div class=\"h-x-container-inner style-dynamic-289-c21-group\"><span class=\"h-button__outer style-1381-outer style-local-289-c22-outer d-inline-flex h-element\"><a href=\"https:\/\/www.aeplima.pt\/aeplima\/2025\/07\/07\/lista-de-manuais-escolares-adotados-ano-letivo-2025-2026\/\" data-colibri-id=\"289-c22\" class=\"d-flex w-100 align-items-center h-button justify-content-lg-center justify-content-md-center justify-content-center style-1381 style-local-289-c22 position-relative\"> <span>Ler mais<\/span> <span class=\"h-svg-icon h-button__icon style-1381-icon style-local-289-c22-icon\"><svg version=\"1.1\" xmlns=\"http:\/\/www.w3.org\/2000\/svg\" xmlns:xlink=\"http:\/\/www.w3.org\/1999\/xlink\" id=\"arrow-right\" viewBox=\"0 0 512 545.5\"><path d=\"M299.5 140.5l136 136 11 11.5-11 11.5-136 136-23-23L385 304H64v-32h321L276.5 163.5z\"><\/path><\/svg><\/span><\/a><\/span><\/div><\/div><\/div><\/div><\/div><\/div><\/div><\/div><\/div><\/div>\n      \n      \n        <div class=\"h-column h-column-container d-flex h-col-lg-4 h-col-md-6 h-col-12 post-10589 post type-post status-publish format-standard has-post-thumbnail hentry category-destaque category-ebiji-da-correlha category-espl category-manuais-escolares category-noticias masonry-item style-1369-outer style-local-289-c10-outer\"><div data-colibri-id=\"289-c10\" class=\"d-flex h-flex-basis h-column__inner h-px-lg-2 h-px-md-2 h-px-2 v-inner-lg-2 v-inner-md-2 v-inner-2 style-1369 style-local-289-c10 position-relative\"> <div class=\"w-100 h-y-container h-column__content h-column__v-align flex-basis-100 align-self-lg-start align-self-md-start align-self-start\"> <div data-href=\"https:\/\/www.aeplima.pt\/aeplima\/2024\/06\/19\/devolucao-de-manuais-2023-24-procedimentos\/\" data-colibri-component=\"link\" data-colibri-id=\"289-c11\" class=\"colibri-post-thumbnail colibri-post-has-thumbnail colibri-post-thumbnail-has-placeholder style-1370 style-local-289-c11 h-overflow-hidden position-relative h-element\"><div class=\"h-global-transition-all colibri-post-thumbnail-shortcode style-dynamic-289-c11-height\">            <a href=\"https:\/\/www.aeplima.pt\/aeplima\/2024\/06\/19\/devolucao-de-manuais-2023-24-procedimentos\/\" title=\"DEVOLU\u00c7\u00c3O DE MANUAIS ESCOLARES 2023\/24 &#8211; AVISO\">\n\t\t\t\t<img loading=\"lazy\" decoding=\"async\" width=\"736\" height=\"552\" src=\"https:\/\/www.aeplima.pt\/aeplima\/wp-content\/uploads\/2024\/06\/aviso_1_736_2500.png\" class=\"attachment-post-thumbnail size-post-thumbnail wp-post-image\" alt=\"\" srcset=\"https:\/\/www.aeplima.pt\/aeplima\/wp-content\/uploads\/2024\/06\/aviso_1_736_2500.png 736w, https:\/\/www.aeplima.pt\/aeplima\/wp-content\/uploads\/2024\/06\/aviso_1_736_2500-300x225.png 300w\" sizes=\"auto, (max-width: 736px) 100vw, 736px\" \/>            <\/a>\n\t\t\t<\/div> <div class=\"colibri-post-thumbnail-content align-items-lg-center align-items-md-center align-items-center flex-basis-100\"><div class=\"w-100 h-y-container\"> <\/div><\/div><\/div><div data-colibri-id=\"289-c12\" class=\"h-row-container gutters-row-lg-2 gutters-row-md-2 gutters-row-2 gutters-row-v-lg-2 gutters-row-v-md-2 gutters-row-v-2 style-1371 style-local-289-c12 position-relative\"><div class=\"h-row justify-content-lg-center justify-content-md-center justify-content-center align-items-lg-stretch align-items-md-stretch align-items-stretch gutters-col-lg-2 gutters-col-md-2 gutters-col-2 gutters-col-v-lg-2 gutters-col-v-md-2 gutters-col-v-2\"> <div class=\"h-column h-column-container d-flex h-col-lg h-col-md h-col-auto style-1372-outer style-local-289-c13-outer\"><div data-colibri-id=\"289-c13\" class=\"d-flex h-flex-basis h-column__inner h-px-lg-2 h-px-md-2 h-px-2 v-inner-lg-2 v-inner-md-2 v-inner-2 style-1372 style-local-289-c13 position-relative\"> <div class=\"w-100 h-y-container h-column__content h-column__v-align flex-basis-100 align-self-lg-start align-self-md-start align-self-start\"> <div data-colibri-id=\"289-c15\" class=\"h-blog-title style-1374 style-local-289-c15 position-relative h-element\"><div class=\"h-global-transition-all\"><a href=\"https:\/\/www.aeplima.pt\/aeplima\/2024\/06\/19\/devolucao-de-manuais-2023-24-procedimentos\/\"><h4 class=\"colibri-word-wrap\">DEVOLU\u00c7\u00c3O DE MANUAIS ESCOLARES 2023\/24 &#8211; AVISO<\/h4><\/a><\/div><\/div><\/div><\/div><\/div><\/div><\/div><div data-colibri-id=\"289-c16\" class=\"style-1375 style-local-289-c16 position-relative h-element\"><div class=\"h-global-transition-all\"><div class=\"colibri-post-excerpt\"><\/div><\/div><\/div><div data-colibri-id=\"289-c17\" class=\"h-row-container gutters-row-lg-2 gutters-row-md-2 gutters-row-2 gutters-row-v-lg-2 gutters-row-v-md-2 gutters-row-v-2 style-1376 style-local-289-c17 position-relative\"><div class=\"h-row justify-content-lg-center justify-content-md-center justify-content-center align-items-lg-stretch align-items-md-stretch align-items-stretch gutters-col-lg-2 gutters-col-md-2 gutters-col-2 gutters-col-v-lg-2 gutters-col-v-md-2 gutters-col-v-2\"> <div class=\"h-column h-column-container d-flex h-col-lg h-col-md h-col style-1377-outer style-local-289-c18-outer\"><div data-colibri-id=\"289-c18\" class=\"d-flex h-flex-basis h-column__inner h-px-lg-2 h-px-md-2 h-px-2 v-inner-lg-0 v-inner-md-0 v-inner-0 style-1377 style-local-289-c18 position-relative\"> <div class=\"w-100 h-y-container h-column__content h-column__v-align flex-basis-100 align-self-lg-center align-self-md-center align-self-center\"> <div data-colibri-id=\"289-c19\" class=\"h-blog-meta style-1378 style-local-289-c19 position-relative h-element\"><div class=\"metadata-item\"> <a href=\"https:\/\/www.aeplima.pt\/aeplima\/2024\/06\/19\/\">19 Jun<\/a><\/div><\/div><\/div><\/div><\/div><div class=\"h-column h-column-container d-flex h-col-lg-auto h-col-md-auto h-col-auto style-1379-outer style-local-289-c20-outer\"><div data-colibri-id=\"289-c20\" class=\"d-flex h-flex-basis h-column__inner h-px-lg-2 h-px-md-2 h-px-2 v-inner-lg-0 v-inner-md-0 v-inner-0 style-1379 style-local-289-c20 position-relative\"> <div class=\"w-100 h-y-container h-column__content h-column__v-align flex-basis-auto align-self-lg-center align-self-md-center align-self-center\"> <div data-colibri-id=\"289-c21\" class=\"h-x-container style-1380 style-local-289-c21 position-relative h-element\"><div class=\"h-x-container-inner style-dynamic-289-c21-group\"><span class=\"h-button__outer style-1381-outer style-local-289-c22-outer d-inline-flex h-element\"><a href=\"https:\/\/www.aeplima.pt\/aeplima\/2024\/06\/19\/devolucao-de-manuais-2023-24-procedimentos\/\" data-colibri-id=\"289-c22\" class=\"d-flex w-100 align-items-center h-button justify-content-lg-center justify-content-md-center justify-content-center style-1381 style-local-289-c22 position-relative\"> <span>Ler mais<\/span> <span class=\"h-svg-icon h-button__icon style-1381-icon style-local-289-c22-icon\"><svg version=\"1.1\" xmlns=\"http:\/\/www.w3.org\/2000\/svg\" xmlns:xlink=\"http:\/\/www.w3.org\/1999\/xlink\" id=\"arrow-right\" viewBox=\"0 0 512 545.5\"><path d=\"M299.5 140.5l136 136 11 11.5-11 11.5-136 136-23-23L385 304H64v-32h321L276.5 163.5z\"><\/path><\/svg><\/span><\/a><\/span><\/div><\/div><\/div><\/div><\/div><\/div><\/div><\/div><\/div><\/div>\n      \n      \n        <div class=\"h-column h-column-container d-flex h-col-lg-4 h-col-md-6 h-col-12 post-7024 post type-post status-publish format-standard has-post-thumbnail hentry category-destaque category-manuais-escolares category-noticias masonry-item style-1369-outer style-local-289-c10-outer\"><div data-colibri-id=\"289-c10\" class=\"d-flex h-flex-basis h-column__inner h-px-lg-2 h-px-md-2 h-px-2 v-inner-lg-2 v-inner-md-2 v-inner-2 style-1369 style-local-289-c10 position-relative\"> <div class=\"w-100 h-y-container h-column__content h-column__v-align flex-basis-100 align-self-lg-start align-self-md-start align-self-start\"> <div data-href=\"https:\/\/www.aeplima.pt\/aeplima\/2023\/08\/11\/levantamento-dos-manuais-reutilizados\/\" data-colibri-component=\"link\" data-colibri-id=\"289-c11\" class=\"colibri-post-thumbnail colibri-post-has-thumbnail colibri-post-thumbnail-has-placeholder style-1370 style-local-289-c11 h-overflow-hidden position-relative h-element\"><div class=\"h-global-transition-all colibri-post-thumbnail-shortcode style-dynamic-289-c11-height\">            <a href=\"https:\/\/www.aeplima.pt\/aeplima\/2023\/08\/11\/levantamento-dos-manuais-reutilizados\/\" title=\"Levantamento dos Manuais Reutilizados\">\n\t\t\t\t<img loading=\"lazy\" decoding=\"async\" width=\"736\" height=\"552\" src=\"https:\/\/www.aeplima.pt\/aeplima\/wp-content\/uploads\/2023\/04\/aviso_1_736_2500.png\" class=\"attachment-post-thumbnail size-post-thumbnail wp-post-image\" alt=\"\" srcset=\"https:\/\/www.aeplima.pt\/aeplima\/wp-content\/uploads\/2023\/04\/aviso_1_736_2500.png 736w, https:\/\/www.aeplima.pt\/aeplima\/wp-content\/uploads\/2023\/04\/aviso_1_736_2500-300x225.png 300w\" sizes=\"auto, (max-width: 736px) 100vw, 736px\" \/>            <\/a>\n\t\t\t<\/div> <div class=\"colibri-post-thumbnail-content align-items-lg-center align-items-md-center align-items-center flex-basis-100\"><div class=\"w-100 h-y-container\"> <\/div><\/div><\/div><div data-colibri-id=\"289-c12\" class=\"h-row-container gutters-row-lg-2 gutters-row-md-2 gutters-row-2 gutters-row-v-lg-2 gutters-row-v-md-2 gutters-row-v-2 style-1371 style-local-289-c12 position-relative\"><div class=\"h-row justify-content-lg-center justify-content-md-center justify-content-center align-items-lg-stretch align-items-md-stretch align-items-stretch gutters-col-lg-2 gutters-col-md-2 gutters-col-2 gutters-col-v-lg-2 gutters-col-v-md-2 gutters-col-v-2\"> <div class=\"h-column h-column-container d-flex h-col-lg h-col-md h-col-auto style-1372-outer style-local-289-c13-outer\"><div data-colibri-id=\"289-c13\" class=\"d-flex h-flex-basis h-column__inner h-px-lg-2 h-px-md-2 h-px-2 v-inner-lg-2 v-inner-md-2 v-inner-2 style-1372 style-local-289-c13 position-relative\"> <div class=\"w-100 h-y-container h-column__content h-column__v-align flex-basis-100 align-self-lg-start align-self-md-start align-self-start\"> <div data-colibri-id=\"289-c15\" class=\"h-blog-title style-1374 style-local-289-c15 position-relative h-element\"><div class=\"h-global-transition-all\"><a href=\"https:\/\/www.aeplima.pt\/aeplima\/2023\/08\/11\/levantamento-dos-manuais-reutilizados\/\"><h4 class=\"colibri-word-wrap\">Levantamento dos Manuais Reutilizados<\/h4><\/a><\/div><\/div><\/div><\/div><\/div><\/div><\/div><div data-colibri-id=\"289-c16\" class=\"style-1375 style-local-289-c16 position-relative h-element\"><div class=\"h-global-transition-all\"><div class=\"colibri-post-excerpt\">Informam-se todos os alunos e encarregados de educa\u00e7\u00e3o do Agrupamento de Escolas de Ponte de Lima que o levantamento dos Manuais Reutilizados poder\u00e1 ser efetuado entre o dia 04\/09\/2023 e o dia 08\/09\/2023. A entrega dos manuais na Secretaria da Escola Secund\u00e1ria de Ponte de Lima [&hellip;]<\/div><\/div><\/div><div data-colibri-id=\"289-c17\" class=\"h-row-container gutters-row-lg-2 gutters-row-md-2 gutters-row-2 gutters-row-v-lg-2 gutters-row-v-md-2 gutters-row-v-2 style-1376 style-local-289-c17 position-relative\"><div class=\"h-row justify-content-lg-center justify-content-md-center justify-content-center align-items-lg-stretch align-items-md-stretch align-items-stretch gutters-col-lg-2 gutters-col-md-2 gutters-col-2 gutters-col-v-lg-2 gutters-col-v-md-2 gutters-col-v-2\"> <div class=\"h-column h-column-container d-flex h-col-lg h-col-md h-col style-1377-outer style-local-289-c18-outer\"><div data-colibri-id=\"289-c18\" class=\"d-flex h-flex-basis h-column__inner h-px-lg-2 h-px-md-2 h-px-2 v-inner-lg-0 v-inner-md-0 v-inner-0 style-1377 style-local-289-c18 position-relative\"> <div class=\"w-100 h-y-container h-column__content h-column__v-align flex-basis-100 align-self-lg-center align-self-md-center align-self-center\"> <div data-colibri-id=\"289-c19\" class=\"h-blog-meta style-1378 style-local-289-c19 position-relative h-element\"><div class=\"metadata-item\"> <a href=\"https:\/\/www.aeplima.pt\/aeplima\/2023\/08\/11\/\">11 Ago<\/a><\/div><\/div><\/div><\/div><\/div><div class=\"h-column h-column-container d-flex h-col-lg-auto h-col-md-auto h-col-auto style-1379-outer style-local-289-c20-outer\"><div data-colibri-id=\"289-c20\" class=\"d-flex h-flex-basis h-column__inner h-px-lg-2 h-px-md-2 h-px-2 v-inner-lg-0 v-inner-md-0 v-inner-0 style-1379 style-local-289-c20 position-relative\"> <div class=\"w-100 h-y-container h-column__content h-column__v-align flex-basis-auto align-self-lg-center align-self-md-center align-self-center\"> <div data-colibri-id=\"289-c21\" class=\"h-x-container style-1380 style-local-289-c21 position-relative h-element\"><div class=\"h-x-container-inner style-dynamic-289-c21-group\"><span class=\"h-button__outer style-1381-outer style-local-289-c22-outer d-inline-flex h-element\"><a href=\"https:\/\/www.aeplima.pt\/aeplima\/2023\/08\/11\/levantamento-dos-manuais-reutilizados\/\" data-colibri-id=\"289-c22\" class=\"d-flex w-100 align-items-center h-button justify-content-lg-center justify-content-md-center justify-content-center style-1381 style-local-289-c22 position-relative\"> <span>Ler mais<\/span> <span class=\"h-svg-icon h-button__icon style-1381-icon style-local-289-c22-icon\"><svg version=\"1.1\" xmlns=\"http:\/\/www.w3.org\/2000\/svg\" xmlns:xlink=\"http:\/\/www.w3.org\/1999\/xlink\" id=\"arrow-right\" viewBox=\"0 0 512 545.5\"><path d=\"M299.5 140.5l136 136 11 11.5-11 11.5-136 136-23-23L385 304H64v-32h321L276.5 163.5z\"><\/path><\/svg><\/span><\/a><\/span><\/div><\/div><\/div><\/div><\/div><\/div><\/div><\/div><\/div><\/div>\n      \n      \n                    <\/div>\n                <\/div>\n              <\/div>\n            <\/div>\n          <\/div>\n        <\/div>\n      <\/div>\n    <\/div>\n  <\/div>\n<\/div>","protected":false},"excerpt":{"rendered":"<p>A avalia\u00e7\u00e3o e a certifica\u00e7\u00e3o dos manuais escolares do ensino b\u00e1sico e do ensino secund\u00e1rio pretende garantir a qualidade cient\u00edfica e pedag\u00f3gica dos manuais escolares a adotar, assegurar a sua conformidade com os&nbsp;documentos curriculares de refer\u00eancia em vigor, e atestar que constituem um instrumento adequado de [&hellip;]<\/p>\n","protected":false},"author":1,"featured_media":0,"parent":0,"menu_order":0,"comment_status":"closed","ping_status":"closed","template":"page-templates\/full-width-page.php","meta":{"footnotes":""},"class_list":["post-289","page","type-page","status-publish","hentry"],"_links":{"self":[{"href":"https:\/\/www.aeplima.pt\/aeplima\/wp-json\/wp\/v2\/pages\/289","targetHints":{"allow":["GET"]}}],"collection":[{"href":"https:\/\/www.aeplima.pt\/aeplima\/wp-json\/wp\/v2\/pages"}],"about":[{"href":"https:\/\/www.aeplima.pt\/aeplima\/wp-json\/wp\/v2\/types\/page"}],"author":[{"embeddable":true,"href":"https:\/\/www.aeplima.pt\/aeplima\/wp-json\/wp\/v2\/users\/1"}],"replies":[{"embeddable":true,"href":"https:\/\/www.aeplima.pt\/aeplima\/wp-json\/wp\/v2\/comments?post=289"}],"version-history":[{"count":9,"href":"https:\/\/www.aeplima.pt\/aeplima\/wp-json\/wp\/v2\/pages\/289\/revisions"}],"predecessor-version":[{"id":4945,"href":"https:\/\/www.aeplima.pt\/aeplima\/wp-json\/wp\/v2\/pages\/289\/revisions\/4945"}],"wp:attachment":[{"href":"https:\/\/www.aeplima.pt\/aeplima\/wp-json\/wp\/v2\/media?parent=289"}],"curies":[{"name":"wp","href":"https:\/\/api.w.org\/{rel}","templated":true}]}}