{"id":276,"date":"2023-02-28T11:34:43","date_gmt":"2023-02-28T11:34:43","guid":{"rendered":"https:\/\/www.aeplima.pt\/aeplima\/?page_id=276"},"modified":"2023-04-21T11:31:25","modified_gmt":"2023-04-21T11:31:25","slug":"servicos-administrativos","status":"publish","type":"page","link":"https:\/\/www.aeplima.pt\/aeplima\/servicos\/servicos-administrativos\/","title":{"rendered":"Servi\u00e7os Administrativos"},"content":{"rendered":"<div data-colibri-id=\"276-c1\" class=\"style-904 style-local-276-c1 position-relative\">\n  <!---->\n  <div data-colibri-component=\"section\" data-colibri-id=\"276-c2\" id=\"custom\" class=\"h-section h-section-global-spacing d-flex align-items-lg-center align-items-md-center align-items-center style-905 style-local-276-c2 position-relative\">\n    <!---->\n    <!---->\n    <div class=\"h-section-grid-container h-section-boxed-container\">\n      <!---->\n      <div data-colibri-id=\"276-c3\" class=\"h-row-container gutters-row-lg-2 gutters-row-md-2 gutters-row-0 gutters-row-v-lg-2 gutters-row-v-md-2 gutters-row-v-2 style-906 style-local-276-c3 position-relative\">\n        <!---->\n        <div class=\"h-row justify-content-lg-center justify-content-md-center justify-content-center align-items-lg-stretch align-items-md-stretch align-items-stretch gutters-col-lg-2 gutters-col-md-2 gutters-col-0 gutters-col-v-lg-2 gutters-col-v-md-2 gutters-col-v-2\">\n          <!---->\n          <div class=\"h-column h-column-container d-flex h-col-lg-auto h-col-md-auto h-col-auto style-907-outer style-local-276-c4-outer\">\n            <div data-colibri-id=\"276-c4\" class=\"d-flex h-flex-basis h-column__inner h-px-lg-2 h-px-md-2 h-px-2 v-inner-lg-2 v-inner-md-2 v-inner-2 style-907 style-local-276-c4 position-relative\">\n              <!---->\n              <!---->\n              <div class=\"w-100 h-y-container h-column__content h-column__v-align flex-basis-100 align-self-lg-center align-self-md-center align-self-center\">\n                <!---->\n                <div data-colibri-id=\"276-c5\" class=\"h-text h-text-component style-908 style-local-276-c5 position-relative h-element\">\n                  <!---->\n                  <!---->\n                  <div class=\"\">\n                    <p>Coordenadora T\u00e9cnica: S\u00f3nia Margarida Rodrigues Pereira<\/p>\n                    <p>Tesouraria &#8211; Jos\u00e9 Lu\u00eds Pereira |&nbsp;Pessoal e Vencimentos \u2013 Dulce Vieira | Alunos &#8211; Helena Costa e Sandra Azevedo<\/p>\n                    <p>A\u00e7\u00e3o Social Escolar &#8211; Madalena Magalh\u00e3es | Contabilidade e POCH &#8211; Nat\u00e1lia Gomes<\/p>\n                    <p>Contabilidade e Economato &#8211; Manuel S\u00e1 | Contabilidade (Refeit\u00f3rios Escolares) &#8211; Irene Lemos<\/p>\n                    <p>Servi\u00e7os Administrativos EBI\/JI da Correlh\u00e3 &#8211; Florinda Costa | CENFIPE &#8211; Maria de F\u00e1tima Pereira<\/p>\n                    <p>\n                      <br>\n                    <\/p>\n                    <p>Hor\u00e1rio de atendimento: Servi\u00e7os Administrativos da Escola Sede: 2.\u00aa a 6.\u00aa \u2013 09:00h \/ 16:00h<\/p>\n                    <p><span style=\"font-weight: 400; font-size: 16px; font-family: &quot;Open Sans&quot;; color: rgb(60, 65, 84);\">e-mail: geral@aeplima.pt<\/span><\/p>\n                    <p><span style=\"color: rgb(60, 65, 84); font-family: &quot;Open Sans&quot;; font-size: 16px; font-weight: 400;\">Hor\u00e1rio de atendimento:&nbsp;Servi\u00e7os Administrativos da EBI\/JI da Correlh\u00e3: 2.\u00aa a 6.\u00aa \u2013 09:00h &#8211; 12:30 \/ 13:30 &#8211; 16:30h<\/span><\/p>\n                    <p>e-mail: ebijicorrelha@aeplima.pt<\/p>\n                    <p>\n                      <br>\n                    <\/p>\n                    <p>Os Servi\u00e7os Administrativos do AEPL est\u00e3o sediados na Escola Secund\u00e1ria de Ponte de Lima e s\u00e3o coordenados pela Coordenadora T\u00e9cnica. Disp\u00f5em tamb\u00e9m de espa\u00e7o pr\u00f3prio na EBI\/JI da Correlh\u00e3, estando-lhe atribu\u00eddo um assistente t\u00e9cnico\n                      que assegura as necessidades ao n\u00edvel da gest\u00e3o dos processos dos alunos e a comunica\u00e7\u00e3o di\u00e1ria com os Servi\u00e7os da escola sede. Para al\u00e9m do apoio \u00e0 Dire\u00e7\u00e3o na gest\u00e3o de recursos humanos, na gest\u00e3o financeira, patrimonial e de aquisi\u00e7\u00f5es\n                      e na gest\u00e3o do expediente e arquivo do AEPL, os Servi\u00e7os Administrativos providenciam os seguintes servi\u00e7os: gest\u00e3o de processos de alunos; gest\u00e3o de processos do pessoal docente e n\u00e3o docente; A\u00e7\u00e3o Social Escolar; tesouraria; gest\u00e3o\n                      do economato; contabilidade e gest\u00e3o dos fundos comunit\u00e1rios; gest\u00e3o das tarefas administrativas do CENFIPE; apoio inform\u00e1tico.<\/p>\n                    <p>O atendimento aos diferentes membros da comunidade escolar e outros utentes est\u00e1 condicionada a um sistema eletr\u00f3nico de senhas, dispon\u00edvel \u00e0 entrada dos Servi\u00e7os Administrativos.<\/p>\n                  <\/div>\n                <\/div>\n              <\/div>\n            <\/div>\n          <\/div>\n        <\/div>\n      <\/div>\n    <\/div>\n  <\/div>\n<\/div>","protected":false},"excerpt":{"rendered":"<p>Coordenadora T\u00e9cnica: S\u00f3nia Margarida Rodrigues Pereira Tesouraria &#8211; Jos\u00e9 Lu\u00eds Pereira |&nbsp;Pessoal e Vencimentos \u2013 Dulce Vieira | Alunos &#8211; Helena Costa e Sandra Azevedo A\u00e7\u00e3o Social Escolar &#8211; Madalena Magalh\u00e3es | Contabilidade e POCH &#8211; Nat\u00e1lia Gomes Contabilidade e Economato &#8211; Manuel S\u00e1 | Contabilidade (Refeit\u00f3rios Escolares) &#8211; Irene Lemos Servi\u00e7os Administrativos EBI\/JI da [&hellip;]<\/p>\n","protected":false},"author":1,"featured_media":0,"parent":264,"menu_order":0,"comment_status":"closed","ping_status":"closed","template":"page-templates\/full-width-page.php","meta":{"footnotes":""},"class_list":["post-276","page","type-page","status-publish","hentry"],"_links":{"self":[{"href":"https:\/\/www.aeplima.pt\/aeplima\/wp-json\/wp\/v2\/pages\/276","targetHints":{"allow":["GET"]}}],"collection":[{"href":"https:\/\/www.aeplima.pt\/aeplima\/wp-json\/wp\/v2\/pages"}],"about":[{"href":"https:\/\/www.aeplima.pt\/aeplima\/wp-json\/wp\/v2\/types\/page"}],"author":[{"embeddable":true,"href":"https:\/\/www.aeplima.pt\/aeplima\/wp-json\/wp\/v2\/users\/1"}],"replies":[{"embeddable":true,"href":"https:\/\/www.aeplima.pt\/aeplima\/wp-json\/wp\/v2\/comments?post=276"}],"version-history":[{"count":11,"href":"https:\/\/www.aeplima.pt\/aeplima\/wp-json\/wp\/v2\/pages\/276\/revisions"}],"predecessor-version":[{"id":5502,"href":"https:\/\/www.aeplima.pt\/aeplima\/wp-json\/wp\/v2\/pages\/276\/revisions\/5502"}],"up":[{"embeddable":true,"href":"https:\/\/www.aeplima.pt\/aeplima\/wp-json\/wp\/v2\/pages\/264"}],"wp:attachment":[{"href":"https:\/\/www.aeplima.pt\/aeplima\/wp-json\/wp\/v2\/media?parent=276"}],"curies":[{"name":"wp","href":"https:\/\/api.w.org\/{rel}","templated":true}]}}