{"id":12733,"date":"2025-02-14T14:46:05","date_gmt":"2025-02-14T14:46:05","guid":{"rendered":"https:\/\/www.aeplima.pt\/aeplima\/?page_id=12733"},"modified":"2025-02-14T14:46:06","modified_gmt":"2025-02-14T14:46:06","slug":"cenarios-de-aprendizagem","status":"publish","type":"page","link":"https:\/\/www.aeplima.pt\/aeplima\/cenarios-de-aprendizagem\/","title":{"rendered":"Cen\u00e1rios de Aprendizagem"},"content":{"rendered":"\n<p>S\u00e3o aqui apresentados cen\u00e1rios\/gui\u00f5es de aprendizagem, disponibilizados pela DGE, aplic\u00e1veis a v\u00e1rios contextos disciplinares e interdisciplinares, para a utiliza\u00e7\u00e3o dos equipamentos\/componentes dispon\u00edveis nos LED:<\/p>\n\n\n\n<p><a href=\"https:\/\/led.dge.medu.pt\/cenarios-de-aprendizagem\">https:\/\/led.dge.medu.pt\/cenarios-de-aprendizagem<\/a><\/p>\n\n\n\n<div data-wp-interactive=\"core\/file\" class=\"wp-block-file\"><object data-wp-bind--hidden=\"!state.hasPdfPreview\" hidden class=\"wp-block-file__embed\" data=\"https:\/\/www.aeplima.pt\/aeplima\/wp-content\/uploads\/2025\/02\/V_05_Cenario_de_Aprendizagem_TIC_FQ_circuitos_eletricos_0.pdf\" type=\"application\/pdf\" style=\"width:100%;height:600px\" aria-label=\"Incorpora\u00e7\u00e3o de Exemplo de um Cen\u00e1rio de Aprendizagem: &quot;ELETrICidade&quot;.\"><\/object><a id=\"wp-block-file--media-6f5b6d19-510e-472c-9414-9f267e951d46\" href=\"https:\/\/www.aeplima.pt\/aeplima\/wp-content\/uploads\/2025\/02\/V_05_Cenario_de_Aprendizagem_TIC_FQ_circuitos_eletricos_0.pdf\">Exemplo de um Cen\u00e1rio de Aprendizagem: &#8220;ELETrICidade&#8221;<\/a><\/div>\n\n\n\n<p><\/p>\n","protected":false},"excerpt":{"rendered":"<p>S\u00e3o aqui apresentados cen\u00e1rios\/gui\u00f5es de aprendizagem, disponibilizados pela DGE, aplic\u00e1veis a v\u00e1rios contextos disciplinares e interdisciplinares, para a utiliza\u00e7\u00e3o dos equipamentos\/componentes dispon\u00edveis nos LED: https:\/\/led.dge.medu.pt\/cenarios-de-aprendizagem<\/p>\n","protected":false},"author":6,"featured_media":0,"parent":0,"menu_order":0,"comment_status":"closed","ping_status":"closed","template":"","meta":{"footnotes":""},"class_list":["post-12733","page","type-page","status-publish","hentry"],"_links":{"self":[{"href":"https:\/\/www.aeplima.pt\/aeplima\/wp-json\/wp\/v2\/pages\/12733","targetHints":{"allow":["GET"]}}],"collection":[{"href":"https:\/\/www.aeplima.pt\/aeplima\/wp-json\/wp\/v2\/pages"}],"about":[{"href":"https:\/\/www.aeplima.pt\/aeplima\/wp-json\/wp\/v2\/types\/page"}],"author":[{"embeddable":true,"href":"https:\/\/www.aeplima.pt\/aeplima\/wp-json\/wp\/v2\/users\/6"}],"replies":[{"embeddable":true,"href":"https:\/\/www.aeplima.pt\/aeplima\/wp-json\/wp\/v2\/comments?post=12733"}],"version-history":[{"count":1,"href":"https:\/\/www.aeplima.pt\/aeplima\/wp-json\/wp\/v2\/pages\/12733\/revisions"}],"predecessor-version":[{"id":12735,"href":"https:\/\/www.aeplima.pt\/aeplima\/wp-json\/wp\/v2\/pages\/12733\/revisions\/12735"}],"wp:attachment":[{"href":"https:\/\/www.aeplima.pt\/aeplima\/wp-json\/wp\/v2\/media?parent=12733"}],"curies":[{"name":"wp","href":"https:\/\/api.w.org\/{rel}","templated":true}]}}