{"id":12721,"date":"2025-02-14T14:06:58","date_gmt":"2025-02-14T14:06:58","guid":{"rendered":"https:\/\/www.aeplima.pt\/aeplima\/?page_id=12721"},"modified":"2025-02-25T12:19:19","modified_gmt":"2025-02-25T12:19:19","slug":"sobre-os-led","status":"publish","type":"page","link":"https:\/\/www.aeplima.pt\/aeplima\/sobre-os-led\/","title":{"rendered":"Sobre os LED"},"content":{"rendered":"<div class=\"wp-block-image\">\n<figure class=\"aligncenter size-large is-resized\"><img loading=\"lazy\" decoding=\"async\" width=\"1024\" height=\"582\" src=\"https:\/\/www.aeplima.pt\/aeplima\/wp-content\/uploads\/2025\/02\/Logo-LED-negro-Tx-negro-HR-1024x582.png\" alt=\"\" class=\"wp-image-12722\" style=\"width:262px;height:auto\" srcset=\"https:\/\/www.aeplima.pt\/aeplima\/wp-content\/uploads\/2025\/02\/Logo-LED-negro-Tx-negro-HR-1024x582.png 1024w, https:\/\/www.aeplima.pt\/aeplima\/wp-content\/uploads\/2025\/02\/Logo-LED-negro-Tx-negro-HR-300x170.png 300w, https:\/\/www.aeplima.pt\/aeplima\/wp-content\/uploads\/2025\/02\/Logo-LED-negro-Tx-negro-HR-768x436.png 768w, https:\/\/www.aeplima.pt\/aeplima\/wp-content\/uploads\/2025\/02\/Logo-LED-negro-Tx-negro-HR-1536x872.png 1536w, https:\/\/www.aeplima.pt\/aeplima\/wp-content\/uploads\/2025\/02\/Logo-LED-negro-Tx-negro-HR-2048x1163.png 2048w\" sizes=\"auto, (max-width: 1024px) 100vw, 1024px\" \/><\/figure>\n<\/div>\n\n\n<p>A instala\u00e7\u00e3o de LED nos estabelecimentos de ensino que abrangem o 2.\u00ba e 3.\u00ba ciclos do ensino b\u00e1sico e\/ou o ensino secund\u00e1rio visa apoiar as escolas na integra\u00e7\u00e3o das tecnologias digitais no processo de ensino e aprendizagem.<\/p>\n\n\n\n<p>O objetivo \u00e9 que os LED funcionem como espa\u00e7os de suporte \u00e0 aprendizagem, proporcionando aos professores e alunos o acesso e a utiliza\u00e7\u00e3o de recursos e equipamentos tecnol\u00f3gicos, de forma articulada com o desenvolvimento de atividades curriculares e\/ou extracurriculares.<\/p>\n\n\n\n<p>Com estes recursos e equipamentos, os alunos podem envolver-se em atividades pr\u00e1ticas, pesquisar e organizar informa\u00e7\u00f5es, modelar conceitos, manipular vari\u00e1veis, realizar experi\u00eancias, analisar resultados, automatizar processos e criar artefactos e solu\u00e7\u00f5es. Dessa forma, enriquecemos a sua experi\u00eancia de aprendizagem e desenvolvemos compet\u00eancias essenciais para o seu percurso educativo.<\/p>\n\n\n\n<div class=\"wp-block-columns is-layout-flex wp-container-core-columns-is-layout-9d6595d7 wp-block-columns-is-layout-flex\">\n<div class=\"wp-block-column is-layout-flow wp-block-column-is-layout-flow\">\n<figure class=\"wp-block-image size-large\"><img loading=\"lazy\" decoding=\"async\" width=\"1024\" height=\"768\" src=\"https:\/\/www.aeplima.pt\/aeplima\/wp-content\/uploads\/2025\/02\/IMG_4712-1024x768.jpeg\" alt=\"\" class=\"wp-image-12822\" srcset=\"https:\/\/www.aeplima.pt\/aeplima\/wp-content\/uploads\/2025\/02\/IMG_4712-1024x768.jpeg 1024w, https:\/\/www.aeplima.pt\/aeplima\/wp-content\/uploads\/2025\/02\/IMG_4712-300x225.jpeg 300w, https:\/\/www.aeplima.pt\/aeplima\/wp-content\/uploads\/2025\/02\/IMG_4712-768x576.jpeg 768w, https:\/\/www.aeplima.pt\/aeplima\/wp-content\/uploads\/2025\/02\/IMG_4712-1536x1152.jpeg 1536w, https:\/\/www.aeplima.pt\/aeplima\/wp-content\/uploads\/2025\/02\/IMG_4712-2048x1536.jpeg 2048w\" sizes=\"auto, (max-width: 1024px) 100vw, 1024px\" \/><\/figure>\n<\/div>\n\n\n\n<div class=\"wp-block-column is-layout-flow wp-block-column-is-layout-flow\">\n<figure class=\"wp-block-image size-large\"><img loading=\"lazy\" decoding=\"async\" width=\"1024\" height=\"768\" src=\"https:\/\/www.aeplima.pt\/aeplima\/wp-content\/uploads\/2025\/02\/IMG_4732-1024x768.jpeg\" alt=\"\" class=\"wp-image-12823\" srcset=\"https:\/\/www.aeplima.pt\/aeplima\/wp-content\/uploads\/2025\/02\/IMG_4732-1024x768.jpeg 1024w, https:\/\/www.aeplima.pt\/aeplima\/wp-content\/uploads\/2025\/02\/IMG_4732-300x225.jpeg 300w, https:\/\/www.aeplima.pt\/aeplima\/wp-content\/uploads\/2025\/02\/IMG_4732-768x576.jpeg 768w, https:\/\/www.aeplima.pt\/aeplima\/wp-content\/uploads\/2025\/02\/IMG_4732-1536x1152.jpeg 1536w, https:\/\/www.aeplima.pt\/aeplima\/wp-content\/uploads\/2025\/02\/IMG_4732-2048x1536.jpeg 2048w\" sizes=\"auto, (max-width: 1024px) 100vw, 1024px\" \/><\/figure>\n<\/div>\n\n\n\n<div class=\"wp-block-column is-layout-flow wp-block-column-is-layout-flow\">\n<figure class=\"wp-block-image size-large\"><img loading=\"lazy\" decoding=\"async\" width=\"1024\" height=\"768\" src=\"https:\/\/www.aeplima.pt\/aeplima\/wp-content\/uploads\/2025\/02\/e3d1049a-d518-4844-8917-54d9de97ce42-1024x768.jpg\" alt=\"\" class=\"wp-image-12925\" srcset=\"https:\/\/www.aeplima.pt\/aeplima\/wp-content\/uploads\/2025\/02\/e3d1049a-d518-4844-8917-54d9de97ce42-1024x768.jpg 1024w, https:\/\/www.aeplima.pt\/aeplima\/wp-content\/uploads\/2025\/02\/e3d1049a-d518-4844-8917-54d9de97ce42-300x225.jpg 300w, https:\/\/www.aeplima.pt\/aeplima\/wp-content\/uploads\/2025\/02\/e3d1049a-d518-4844-8917-54d9de97ce42-768x576.jpg 768w, https:\/\/www.aeplima.pt\/aeplima\/wp-content\/uploads\/2025\/02\/e3d1049a-d518-4844-8917-54d9de97ce42-1536x1152.jpg 1536w, https:\/\/www.aeplima.pt\/aeplima\/wp-content\/uploads\/2025\/02\/e3d1049a-d518-4844-8917-54d9de97ce42.jpg 2000w\" sizes=\"auto, (max-width: 1024px) 100vw, 1024px\" \/><\/figure>\n<\/div>\n<\/div>\n\n\n\n<div class=\"wp-block-columns is-layout-flex wp-container-core-columns-is-layout-9d6595d7 wp-block-columns-is-layout-flex\">\n<div class=\"wp-block-column is-layout-flow wp-block-column-is-layout-flow\">\n<figure class=\"wp-block-image size-large\"><img loading=\"lazy\" decoding=\"async\" width=\"768\" height=\"1024\" src=\"https:\/\/www.aeplima.pt\/aeplima\/wp-content\/uploads\/2025\/02\/IMG_4711-768x1024.jpeg\" alt=\"\" class=\"wp-image-12827\" srcset=\"https:\/\/www.aeplima.pt\/aeplima\/wp-content\/uploads\/2025\/02\/IMG_4711-768x1024.jpeg 768w, https:\/\/www.aeplima.pt\/aeplima\/wp-content\/uploads\/2025\/02\/IMG_4711-225x300.jpeg 225w, https:\/\/www.aeplima.pt\/aeplima\/wp-content\/uploads\/2025\/02\/IMG_4711-1152x1536.jpeg 1152w, https:\/\/www.aeplima.pt\/aeplima\/wp-content\/uploads\/2025\/02\/IMG_4711-1536x2048.jpeg 1536w, https:\/\/www.aeplima.pt\/aeplima\/wp-content\/uploads\/2025\/02\/IMG_4711-scaled.jpeg 1920w\" sizes=\"auto, (max-width: 768px) 100vw, 768px\" \/><\/figure>\n<\/div>\n\n\n\n<div class=\"wp-block-column is-layout-flow wp-block-column-is-layout-flow\">\n<figure class=\"wp-block-image size-large\"><img loading=\"lazy\" decoding=\"async\" width=\"768\" height=\"1024\" src=\"https:\/\/www.aeplima.pt\/aeplima\/wp-content\/uploads\/2025\/02\/IMG_4708-3-768x1024.jpeg\" alt=\"\" class=\"wp-image-12830\" srcset=\"https:\/\/www.aeplima.pt\/aeplima\/wp-content\/uploads\/2025\/02\/IMG_4708-3-768x1024.jpeg 768w, https:\/\/www.aeplima.pt\/aeplima\/wp-content\/uploads\/2025\/02\/IMG_4708-3-225x300.jpeg 225w, https:\/\/www.aeplima.pt\/aeplima\/wp-content\/uploads\/2025\/02\/IMG_4708-3-1152x1536.jpeg 1152w, https:\/\/www.aeplima.pt\/aeplima\/wp-content\/uploads\/2025\/02\/IMG_4708-3-1536x2048.jpeg 1536w, https:\/\/www.aeplima.pt\/aeplima\/wp-content\/uploads\/2025\/02\/IMG_4708-3-scaled.jpeg 1920w\" sizes=\"auto, (max-width: 768px) 100vw, 768px\" \/><\/figure>\n<\/div>\n\n\n\n<div class=\"wp-block-column is-layout-flow wp-block-column-is-layout-flow\">\n<figure class=\"wp-block-image size-large\"><img loading=\"lazy\" decoding=\"async\" width=\"768\" height=\"1024\" src=\"https:\/\/www.aeplima.pt\/aeplima\/wp-content\/uploads\/2025\/02\/IMG_4723-1-768x1024.jpeg\" alt=\"\" class=\"wp-image-12831\" srcset=\"https:\/\/www.aeplima.pt\/aeplima\/wp-content\/uploads\/2025\/02\/IMG_4723-1-768x1024.jpeg 768w, https:\/\/www.aeplima.pt\/aeplima\/wp-content\/uploads\/2025\/02\/IMG_4723-1-225x300.jpeg 225w, https:\/\/www.aeplima.pt\/aeplima\/wp-content\/uploads\/2025\/02\/IMG_4723-1-1152x1536.jpeg 1152w, https:\/\/www.aeplima.pt\/aeplima\/wp-content\/uploads\/2025\/02\/IMG_4723-1-1536x2048.jpeg 1536w, https:\/\/www.aeplima.pt\/aeplima\/wp-content\/uploads\/2025\/02\/IMG_4723-1-scaled.jpeg 1920w\" sizes=\"auto, (max-width: 768px) 100vw, 768px\" \/><\/figure>\n<\/div>\n<\/div>\n\n\n\n<div class=\"wp-block-columns is-layout-flex wp-container-core-columns-is-layout-9d6595d7 wp-block-columns-is-layout-flex\">\n<div class=\"wp-block-column is-layout-flow wp-block-column-is-layout-flow\">\n<figure class=\"wp-block-image size-large\"><img loading=\"lazy\" decoding=\"async\" width=\"768\" height=\"1024\" src=\"https:\/\/www.aeplima.pt\/aeplima\/wp-content\/uploads\/2025\/02\/IMG_4734-768x1024.jpeg\" alt=\"\" class=\"wp-image-12832\" srcset=\"https:\/\/www.aeplima.pt\/aeplima\/wp-content\/uploads\/2025\/02\/IMG_4734-768x1024.jpeg 768w, https:\/\/www.aeplima.pt\/aeplima\/wp-content\/uploads\/2025\/02\/IMG_4734-225x300.jpeg 225w, https:\/\/www.aeplima.pt\/aeplima\/wp-content\/uploads\/2025\/02\/IMG_4734-1152x1536.jpeg 1152w, https:\/\/www.aeplima.pt\/aeplima\/wp-content\/uploads\/2025\/02\/IMG_4734-1536x2048.jpeg 1536w, https:\/\/www.aeplima.pt\/aeplima\/wp-content\/uploads\/2025\/02\/IMG_4734-scaled.jpeg 1920w\" sizes=\"auto, (max-width: 768px) 100vw, 768px\" \/><\/figure>\n<\/div>\n\n\n\n<div class=\"wp-block-column is-layout-flow wp-block-column-is-layout-flow\">\n<figure class=\"wp-block-image size-large\"><img loading=\"lazy\" decoding=\"async\" width=\"768\" height=\"1024\" src=\"https:\/\/www.aeplima.pt\/aeplima\/wp-content\/uploads\/2025\/02\/IMG_4728-768x1024.jpeg\" alt=\"\" class=\"wp-image-12833\" srcset=\"https:\/\/www.aeplima.pt\/aeplima\/wp-content\/uploads\/2025\/02\/IMG_4728-768x1024.jpeg 768w, https:\/\/www.aeplima.pt\/aeplima\/wp-content\/uploads\/2025\/02\/IMG_4728-225x300.jpeg 225w, https:\/\/www.aeplima.pt\/aeplima\/wp-content\/uploads\/2025\/02\/IMG_4728-1152x1536.jpeg 1152w, https:\/\/www.aeplima.pt\/aeplima\/wp-content\/uploads\/2025\/02\/IMG_4728-1536x2048.jpeg 1536w, https:\/\/www.aeplima.pt\/aeplima\/wp-content\/uploads\/2025\/02\/IMG_4728-scaled.jpeg 1920w\" sizes=\"auto, (max-width: 768px) 100vw, 768px\" \/><\/figure>\n<\/div>\n\n\n\n<div class=\"wp-block-column is-layout-flow wp-block-column-is-layout-flow\">\n<figure class=\"wp-block-image size-large\"><img loading=\"lazy\" decoding=\"async\" width=\"768\" height=\"1024\" src=\"https:\/\/www.aeplima.pt\/aeplima\/wp-content\/uploads\/2025\/02\/IMG_4717-768x1024.jpeg\" alt=\"\" class=\"wp-image-12834\" srcset=\"https:\/\/www.aeplima.pt\/aeplima\/wp-content\/uploads\/2025\/02\/IMG_4717-768x1024.jpeg 768w, https:\/\/www.aeplima.pt\/aeplima\/wp-content\/uploads\/2025\/02\/IMG_4717-225x300.jpeg 225w, https:\/\/www.aeplima.pt\/aeplima\/wp-content\/uploads\/2025\/02\/IMG_4717-1152x1536.jpeg 1152w, https:\/\/www.aeplima.pt\/aeplima\/wp-content\/uploads\/2025\/02\/IMG_4717-1536x2048.jpeg 1536w, https:\/\/www.aeplima.pt\/aeplima\/wp-content\/uploads\/2025\/02\/IMG_4717-scaled.jpeg 1920w\" sizes=\"auto, (max-width: 768px) 100vw, 768px\" \/><\/figure>\n<\/div>\n<\/div>\n","protected":false},"excerpt":{"rendered":"<p>A instala\u00e7\u00e3o de LED nos estabelecimentos de ensino que abrangem o 2.\u00ba e 3.\u00ba ciclos do ensino b\u00e1sico e\/ou o ensino secund\u00e1rio visa apoiar as escolas na integra\u00e7\u00e3o das tecnologias digitais no processo de ensino e aprendizagem. O objetivo \u00e9 que os LED funcionem como espa\u00e7os de suporte \u00e0 aprendizagem, proporcionando aos professores e alunos [&hellip;]<\/p>\n","protected":false},"author":6,"featured_media":0,"parent":0,"menu_order":0,"comment_status":"closed","ping_status":"closed","template":"","meta":{"footnotes":""},"class_list":["post-12721","page","type-page","status-publish","hentry"],"_links":{"self":[{"href":"https:\/\/www.aeplima.pt\/aeplima\/wp-json\/wp\/v2\/pages\/12721","targetHints":{"allow":["GET"]}}],"collection":[{"href":"https:\/\/www.aeplima.pt\/aeplima\/wp-json\/wp\/v2\/pages"}],"about":[{"href":"https:\/\/www.aeplima.pt\/aeplima\/wp-json\/wp\/v2\/types\/page"}],"author":[{"embeddable":true,"href":"https:\/\/www.aeplima.pt\/aeplima\/wp-json\/wp\/v2\/users\/6"}],"replies":[{"embeddable":true,"href":"https:\/\/www.aeplima.pt\/aeplima\/wp-json\/wp\/v2\/comments?post=12721"}],"version-history":[{"count":3,"href":"https:\/\/www.aeplima.pt\/aeplima\/wp-json\/wp\/v2\/pages\/12721\/revisions"}],"predecessor-version":[{"id":12927,"href":"https:\/\/www.aeplima.pt\/aeplima\/wp-json\/wp\/v2\/pages\/12721\/revisions\/12927"}],"wp:attachment":[{"href":"https:\/\/www.aeplima.pt\/aeplima\/wp-json\/wp\/v2\/media?parent=12721"}],"curies":[{"name":"wp","href":"https:\/\/api.w.org\/{rel}","templated":true}]}}