{"id":12436,"date":"2025-01-20T11:36:10","date_gmt":"2025-01-20T11:36:10","guid":{"rendered":"https:\/\/www.aeplima.pt\/aeplima\/?page_id=12436"},"modified":"2025-03-24T10:15:55","modified_gmt":"2025-03-24T10:15:55","slug":"laboratorio-de-linguas","status":"publish","type":"page","link":"https:\/\/www.aeplima.pt\/aeplima\/laboratorio-de-linguas\/","title":{"rendered":"O Laborat\u00f3rio de L\u00ednguas vai ao pr\u00e9-escolar"},"content":{"rendered":"\n<p><strong>Projeto &#8220;O Laborat\u00f3rio de L\u00ednguas Vai ao Pr\u00e9-Escolar&#8221;<\/strong><\/p>\n\n\n\n<div data-wp-interactive=\"core\/file\" class=\"wp-block-file\"><object data-wp-bind--hidden=\"!state.hasPdfPreview\" hidden class=\"wp-block-file__embed\" data=\"https:\/\/www.aeplima.pt\/aeplima\/wp-content\/uploads\/2025\/01\/Projeto-LAB-de-Linguas.pdf\" type=\"application\/pdf\" style=\"width:100%;height:600px\" aria-label=\"Incorpora\u00e7\u00e3o de Projeto-LAB de L\u00ednguas.\"><\/object><a id=\"wp-block-file--media-27910afb-3f13-468a-98f9-9a023d4bd361\" href=\"https:\/\/www.aeplima.pt\/aeplima\/wp-content\/uploads\/2025\/01\/Projeto-LAB-de-Linguas.pdf\">Projeto-LAB de L\u00ednguas<\/a><a href=\"https:\/\/www.aeplima.pt\/aeplima\/wp-content\/uploads\/2025\/01\/Projeto-LAB-de-Linguas.pdf\" class=\"wp-block-file__button wp-element-button\" download aria-describedby=\"wp-block-file--media-27910afb-3f13-468a-98f9-9a023d4bd361\">Descarregar<\/a><\/div>\n","protected":false},"excerpt":{"rendered":"<p>Projeto &#8220;O Laborat\u00f3rio de L\u00ednguas Vai ao Pr\u00e9-Escolar&#8221;<\/p>\n","protected":false},"author":4,"featured_media":0,"parent":0,"menu_order":0,"comment_status":"closed","ping_status":"closed","template":"","meta":{"footnotes":""},"class_list":["post-12436","page","type-page","status-publish","hentry"],"_links":{"self":[{"href":"https:\/\/www.aeplima.pt\/aeplima\/wp-json\/wp\/v2\/pages\/12436","targetHints":{"allow":["GET"]}}],"collection":[{"href":"https:\/\/www.aeplima.pt\/aeplima\/wp-json\/wp\/v2\/pages"}],"about":[{"href":"https:\/\/www.aeplima.pt\/aeplima\/wp-json\/wp\/v2\/types\/page"}],"author":[{"embeddable":true,"href":"https:\/\/www.aeplima.pt\/aeplima\/wp-json\/wp\/v2\/users\/4"}],"replies":[{"embeddable":true,"href":"https:\/\/www.aeplima.pt\/aeplima\/wp-json\/wp\/v2\/comments?post=12436"}],"version-history":[{"count":3,"href":"https:\/\/www.aeplima.pt\/aeplima\/wp-json\/wp\/v2\/pages\/12436\/revisions"}],"predecessor-version":[{"id":13091,"href":"https:\/\/www.aeplima.pt\/aeplima\/wp-json\/wp\/v2\/pages\/12436\/revisions\/13091"}],"wp:attachment":[{"href":"https:\/\/www.aeplima.pt\/aeplima\/wp-json\/wp\/v2\/media?parent=12436"}],"curies":[{"name":"wp","href":"https:\/\/api.w.org\/{rel}","templated":true}]}}