{"id":11261,"date":"2024-10-18T20:39:49","date_gmt":"2024-10-18T20:39:49","guid":{"rendered":"https:\/\/www.aeplima.pt\/aeplima\/?page_id=11261"},"modified":"2024-10-24T10:58:18","modified_gmt":"2024-10-24T10:58:18","slug":"erasmus","status":"publish","type":"page","link":"https:\/\/www.aeplima.pt\/aeplima\/projetos\/erasmus\/","title":{"rendered":"ERASMUS"},"content":{"rendered":"\n<p>O Gabinete de Projetos Europeus (GPE) coordena a organiza\u00e7\u00e3o, planifica\u00e7\u00e3o, execu\u00e7\u00e3o, monitoriza\u00e7\u00e3o e avalia\u00e7\u00e3o do&nbsp;<strong>Projeto Erasmus+<\/strong>&nbsp;do Agrupamento de Escolas de Ponte de Lima, dando cumprimento ao&nbsp;<strong>Plano Erasmus do AEPL<\/strong>.<\/p>\n\n\n\n<p>Regista-se que o AEPL tem Acredita\u00e7\u00e3o Erasmus nos dom\u00ednios do ensino escolar.<\/p>\n\n\n\n<p><\/p>\n\n\n\n<p><strong>Objetivos do Programa:<\/strong><\/p>\n\n\n\n<ul class=\"wp-block-list\">\n<li><strong>DESENVOLVER A EUROPA DO CONHECIMENTO<\/strong><\/li>\n<\/ul>\n\n\n\n<p>Promover o desenvolvimento de uma Europa do conhecimento, a todos os n\u00edveis da educa\u00e7\u00e3o e forma\u00e7\u00e3o.<\/p>\n\n\n\n<ul class=\"wp-block-list\">\n<li><strong>INTERNACIONALIZAR<\/strong><\/li>\n<\/ul>\n\n\n\n<p>Contribuir para a internacionaliza\u00e7\u00e3o e a excel\u00eancia do ensino e forma\u00e7\u00e3o na Uni\u00e3o Europeia, incentivando a criatividade, a inova\u00e7\u00e3o e o esp\u00edrito empreendedor, e promovendo a igualdade, a coes\u00e3o social e a cidadania ativa.<\/p>\n\n\n\n<ul class=\"wp-block-list\">\n<li><strong>APOIAR O CRESCIMENTO INTELIGENTE<\/strong><\/li>\n<\/ul>\n\n\n\n<p>Contribuir para alcan\u00e7ar os objetivos de crescimento inteligente, sustent\u00e1vel e inclusivo da Estrat\u00e9gia Europa 2020, atrav\u00e9s do desenvolvimento do ensino pr\u00e9-escolar, diminui\u00e7\u00e3o do abandono escolar, melhoria da forma\u00e7\u00e3o profissional,<br>aumento do n\u00famero de licenciados na Europa, e aumento da empregabilidade de jovens e adultos.<\/p>\n\n\n\n<p><a href=\"https:\/\/www.programa21-27.erasmusmais.pt\/o-programa\" target=\"_blank\" rel=\"noreferrer noopener\">O programa E+ Educa\u00e7\u00e3o e Forma\u00e7\u00e3o<\/a><\/p>\n\n\n\n<p><a href=\"https:\/\/erasmusmais.pt\/\" target=\"_blank\" rel=\"noreferrer noopener\"><em>Ag\u00eancia Nacional Erasmus+<\/em>&nbsp;Educa\u00e7\u00e3o e Forma\u00e7\u00e3o<\/a><\/p>\n\n\n\n<div data-wp-interactive=\"core\/file\" class=\"wp-block-file\"><object data-wp-bind--hidden=\"!state.hasPdfPreview\" hidden class=\"wp-block-file__embed\" data=\"https:\/\/www.aeplima.pt\/aeplima\/wp-content\/uploads\/2024\/01\/1_1_KA120-SCH-7046E3D2.pdf\" type=\"application\/pdf\" style=\"width:100%;height:600px\" aria-label=\"Incorpora\u00e7\u00e3o de 1_1_KA120-SCH-7046E3D2.\"><\/object><a id=\"wp-block-file--media-c9cdd81b-83c9-445c-9a4c-8f5a33c85eec\" href=\"https:\/\/www.aeplima.pt\/aeplima\/wp-content\/uploads\/2024\/01\/1_1_KA120-SCH-7046E3D2.pdf\">1_1_KA120-SCH-7046E3D2<\/a><\/div>\n\n\n\n<div data-wp-interactive=\"core\/file\" class=\"wp-block-file\"><object data-wp-bind--hidden=\"!state.hasPdfPreview\" hidden class=\"wp-block-file__embed\" data=\"https:\/\/www.aeplima.pt\/aeplima\/wp-content\/uploads\/2024\/01\/1_1_KA120-SCH-7046E3D2_web_escola.pdf\" type=\"application\/pdf\" style=\"width:100%;height:600px\" aria-label=\"Incorpora\u00e7\u00e3o de 1_1_KA120-SCH-7046E3D2_web_escola.\"><\/object><a id=\"wp-block-file--media-6369c716-2115-4b4a-b60d-767f94de2780\" href=\"https:\/\/www.aeplima.pt\/aeplima\/wp-content\/uploads\/2024\/01\/1_1_KA120-SCH-7046E3D2_web_escola.pdf\">1_1_KA120-SCH-7046E3D2_web_escola<\/a><\/div>\n\n\n\n<div data-wp-interactive=\"core\/file\" class=\"wp-block-file\"><object data-wp-bind--hidden=\"!state.hasPdfPreview\" hidden class=\"wp-block-file__embed\" data=\"https:\/\/www.aeplima.pt\/aeplima\/wp-content\/uploads\/2024\/01\/lista_alunos_mobilidade_noruega__02_24.pdf\" type=\"application\/pdf\" style=\"width:100%;height:600px\" aria-label=\"Incorpora\u00e7\u00e3o de lista_alunos_mobilidade_noruega__02_24.\"><\/object><a id=\"wp-block-file--media-bc18193d-5661-4d70-bf41-c8ec3545f45f\" href=\"https:\/\/www.aeplima.pt\/aeplima\/wp-content\/uploads\/2024\/01\/lista_alunos_mobilidade_noruega__02_24.pdf\">lista_alunos_mobilidade_noruega__02_24<\/a><\/div>\n","protected":false},"excerpt":{"rendered":"<p>O Gabinete de Projetos Europeus (GPE) coordena a organiza\u00e7\u00e3o, planifica\u00e7\u00e3o, execu\u00e7\u00e3o, monitoriza\u00e7\u00e3o e avalia\u00e7\u00e3o do&nbsp;Projeto Erasmus+&nbsp;do Agrupamento de Escolas de Ponte de Lima, dando cumprimento ao&nbsp;Plano Erasmus do AEPL. Regista-se que o AEPL tem Acredita\u00e7\u00e3o Erasmus nos dom\u00ednios do ensino escolar. Objetivos do Programa: Promover o desenvolvimento de uma Europa do conhecimento, a todos os [&hellip;]<\/p>\n","protected":false},"author":5,"featured_media":0,"parent":291,"menu_order":0,"comment_status":"closed","ping_status":"closed","template":"","meta":{"footnotes":""},"class_list":["post-11261","page","type-page","status-publish","hentry"],"_links":{"self":[{"href":"https:\/\/www.aeplima.pt\/aeplima\/wp-json\/wp\/v2\/pages\/11261","targetHints":{"allow":["GET"]}}],"collection":[{"href":"https:\/\/www.aeplima.pt\/aeplima\/wp-json\/wp\/v2\/pages"}],"about":[{"href":"https:\/\/www.aeplima.pt\/aeplima\/wp-json\/wp\/v2\/types\/page"}],"author":[{"embeddable":true,"href":"https:\/\/www.aeplima.pt\/aeplima\/wp-json\/wp\/v2\/users\/5"}],"replies":[{"embeddable":true,"href":"https:\/\/www.aeplima.pt\/aeplima\/wp-json\/wp\/v2\/comments?post=11261"}],"version-history":[{"count":4,"href":"https:\/\/www.aeplima.pt\/aeplima\/wp-json\/wp\/v2\/pages\/11261\/revisions"}],"predecessor-version":[{"id":11374,"href":"https:\/\/www.aeplima.pt\/aeplima\/wp-json\/wp\/v2\/pages\/11261\/revisions\/11374"}],"up":[{"embeddable":true,"href":"https:\/\/www.aeplima.pt\/aeplima\/wp-json\/wp\/v2\/pages\/291"}],"wp:attachment":[{"href":"https:\/\/www.aeplima.pt\/aeplima\/wp-json\/wp\/v2\/media?parent=11261"}],"curies":[{"name":"wp","href":"https:\/\/api.w.org\/{rel}","templated":true}]}}