{"id":11030,"date":"2024-09-30T10:58:58","date_gmt":"2024-09-30T10:58:58","guid":{"rendered":"https:\/\/www.aeplima.pt\/aeplima\/?page_id=11030"},"modified":"2026-01-28T10:49:02","modified_gmt":"2026-01-28T10:49:02","slug":"recuperacao-integral-do-tempo-de-servico-rits","status":"publish","type":"page","link":"https:\/\/www.aeplima.pt\/aeplima\/recuperacao-integral-do-tempo-de-servico-rits\/","title":{"rendered":"Recupera\u00e7\u00e3o Integral do Tempo de Servi\u00e7o (RITS)"},"content":{"rendered":"\n<div data-wp-interactive=\"core\/file\" class=\"wp-block-file\"><object data-wp-bind--hidden=\"!state.hasPdfPreview\" hidden class=\"wp-block-file__embed\" data=\"https:\/\/www.aeplima.pt\/aeplima\/wp-content\/uploads\/2026\/01\/DL-48B-2024-de-25-de-julho.pdf\" type=\"application\/pdf\" style=\"width:100%;height:600px\" aria-label=\"Incorpora\u00e7\u00e3o de DL 48B-2024 de 25 de julho.\"><\/object><a id=\"wp-block-file--media-e69841ea-20a8-4531-bd89-71a59c73d5cf\" href=\"https:\/\/www.aeplima.pt\/aeplima\/wp-content\/uploads\/2026\/01\/DL-48B-2024-de-25-de-julho.pdf\">DL 48B-2024 de 25 de julho<\/a><a href=\"https:\/\/www.aeplima.pt\/aeplima\/wp-content\/uploads\/2026\/01\/DL-48B-2024-de-25-de-julho.pdf\" class=\"wp-block-file__button wp-element-button\" download aria-describedby=\"wp-block-file--media-e69841ea-20a8-4531-bd89-71a59c73d5cf\">Descarregar<\/a><\/div>\n\n\n\n<div class=\"wp-block-columns is-layout-flex wp-container-core-columns-is-layout-9d6595d7 wp-block-columns-is-layout-flex\">\n<div class=\"wp-block-column is-layout-flow wp-block-column-is-layout-flow\">\n<div data-wp-interactive=\"core\/file\" class=\"wp-block-file\"><object data-wp-bind--hidden=\"!state.hasPdfPreview\" hidden class=\"wp-block-file__embed\" data=\"https:\/\/www.aeplima.pt\/aeplima\/wp-content\/uploads\/2026\/01\/DL-15-2025-17-marco.pdf\" type=\"application\/pdf\" style=\"width:100%;height:600px\" aria-label=\"Incorpora\u00e7\u00e3o de DL 15-2025 17 mar\u00e7o.\"><\/object><a id=\"wp-block-file--media-41a61444-a9a0-4e96-bde3-cdff96f5a6bf\" href=\"https:\/\/www.aeplima.pt\/aeplima\/wp-content\/uploads\/2026\/01\/DL-15-2025-17-marco.pdf\">DL 15-2025 17 mar\u00e7o<\/a><\/div>\n<\/div>\n<\/div>\n\n\n\n<div class=\"wp-block-columns has-colibri-color-1-color has-colibri-color-4-background-color has-text-color has-background has-link-color wp-elements-c1bd7bbb0215d0357ecc56b6db8c3367 is-layout-flex wp-container-core-columns-is-layout-9d6595d7 wp-block-columns-is-layout-flex\" style=\"font-size:16px\">\n<div class=\"wp-block-column is-layout-flow wp-block-column-is-layout-flow\">\n<div class=\"wp-block-file\"><a id=\"wp-block-file--media-7aab7d0b-fca9-400a-b8e5-8f81c2934c65\" href=\"https:\/\/www.aeplima.pt\/aeplima\/wp-content\/uploads\/2024\/09\/RITS-Requerimento-para-mobilizacao-da-ultima-avaliacao-Copia.docx\">RITS &#8211; Requerimento para mobiliza\u00e7\u00e3o da \u00faltima avalia\u00e7\u00e3o<\/a><\/div>\n<\/div>\n\n\n\n<div class=\"wp-block-column is-layout-flow wp-block-column-is-layout-flow\">\n<div class=\"wp-block-file\"><a id=\"wp-block-file--media-9d68c1b2-4a25-4e5f-afcf-7ff094c786a0\" href=\"https:\/\/www.aeplima.pt\/aeplima\/wp-content\/uploads\/2024\/09\/RITS-Requerimento-para-mobilizacao-da-ultima-observacao-de-aulas-Copia.docx\">RITS  -Requerimento para mobiliza\u00e7\u00e3o da \u00faltima observa\u00e7\u00e3o de aulas<\/a><\/div>\n<\/div>\n\n\n\n<div class=\"wp-block-column is-layout-flow wp-block-column-is-layout-flow\">\n<div class=\"wp-block-file\"><a id=\"wp-block-file--media-0bad03f0-e54c-438d-825b-8feed33b5e5b\" href=\"https:\/\/www.aeplima.pt\/aeplima\/wp-content\/uploads\/2024\/09\/RITS-Requerimento-para-mobilizacao-de-horas-de-formacao-nao-utilizadas-na-progressao-imediatamente-anterior-Copia.docx\">RITS &#8211; Requerimento para mobiliza\u00e7\u00e3o de horas de forma\u00e7\u00e3o n\u00e3o utilizadas na progress\u00e3o imediatamente anterior<\/a><\/div>\n<\/div>\n<\/div>\n\n\n\n<div class=\"wp-block-columns has-colibri-color-1-color has-colibri-color-4-background-color has-text-color has-background has-link-color wp-elements-e0b9eefe89198163a8fce417a016d8db is-layout-flex wp-container-core-columns-is-layout-9d6595d7 wp-block-columns-is-layout-flex\" style=\"font-size:16px\">\n<div class=\"wp-block-column is-layout-flow wp-block-column-is-layout-flow\">\n<div class=\"wp-block-file\"><a id=\"wp-block-file--media-0f6c5906-258c-431a-8109-4fa09e2d1163\" href=\"https:\/\/www.aeplima.pt\/aeplima\/wp-content\/uploads\/2026\/01\/Requerimento-para-mobilizacao-de-horas-de-formacao-nao-utilizadas-entre-2018-e-2024.docx\">Requerimento-para-mobilizacao-de-horas-de-formacao-nao-utilizadas-entre-2018-e-2024<\/a><\/div>\n<\/div>\n\n\n\n<div class=\"wp-block-column is-layout-flow wp-block-column-is-layout-flow\">\n<div class=\"wp-block-file\"><\/div>\n<\/div>\n\n\n\n<div class=\"wp-block-column is-layout-flow wp-block-column-is-layout-flow\">\n<div class=\"wp-block-file\"><\/div>\n<\/div>\n<\/div>\n\n\n\n<p><\/p>\n","protected":false},"excerpt":{"rendered":"","protected":false},"author":6,"featured_media":0,"parent":0,"menu_order":0,"comment_status":"closed","ping_status":"closed","template":"","meta":{"footnotes":""},"class_list":["post-11030","page","type-page","status-publish","hentry"],"_links":{"self":[{"href":"https:\/\/www.aeplima.pt\/aeplima\/wp-json\/wp\/v2\/pages\/11030","targetHints":{"allow":["GET"]}}],"collection":[{"href":"https:\/\/www.aeplima.pt\/aeplima\/wp-json\/wp\/v2\/pages"}],"about":[{"href":"https:\/\/www.aeplima.pt\/aeplima\/wp-json\/wp\/v2\/types\/page"}],"author":[{"embeddable":true,"href":"https:\/\/www.aeplima.pt\/aeplima\/wp-json\/wp\/v2\/users\/6"}],"replies":[{"embeddable":true,"href":"https:\/\/www.aeplima.pt\/aeplima\/wp-json\/wp\/v2\/comments?post=11030"}],"version-history":[{"count":7,"href":"https:\/\/www.aeplima.pt\/aeplima\/wp-json\/wp\/v2\/pages\/11030\/revisions"}],"predecessor-version":[{"id":15148,"href":"https:\/\/www.aeplima.pt\/aeplima\/wp-json\/wp\/v2\/pages\/11030\/revisions\/15148"}],"wp:attachment":[{"href":"https:\/\/www.aeplima.pt\/aeplima\/wp-json\/wp\/v2\/media?parent=11030"}],"curies":[{"name":"wp","href":"https:\/\/api.w.org\/{rel}","templated":true}]}}