{"id":10497,"date":"2024-06-04T09:38:26","date_gmt":"2024-06-04T09:38:26","guid":{"rendered":"https:\/\/www.aeplima.pt\/aeplima\/?page_id=10497"},"modified":"2024-06-04T09:38:27","modified_gmt":"2024-06-04T09:38:27","slug":"oferta-educativa","status":"publish","type":"page","link":"https:\/\/www.aeplima.pt\/aeplima\/oferta-educativa\/","title":{"rendered":"Oferta Educativa"},"content":{"rendered":"\n<div data-wp-interactive=\"core\/file\" class=\"wp-block-file aligncenter\"><object data-wp-bind--hidden=\"!state.hasPdfPreview\" hidden class=\"wp-block-file__embed\" data=\"https:\/\/www.aeplima.pt\/aeplima\/wp-content\/uploads\/2024\/06\/Oferta-Educativa-AEPL.pdf\" type=\"application\/pdf\" style=\"width:100%;height:1197px\" aria-label=\"Incorpora\u00e7\u00e3o de Oferta Educativa AEPL.\"><\/object><a id=\"wp-block-file--media-f5fc8e6e-3198-484b-b872-747e44b15789\" href=\"https:\/\/www.aeplima.pt\/aeplima\/wp-content\/uploads\/2024\/06\/Oferta-Educativa-AEPL.pdf\">Oferta Educativa AEPL<\/a><\/div>\n\n\n\n<div data-wp-interactive=\"core\/file\" class=\"wp-block-file\"><object data-wp-bind--hidden=\"!state.hasPdfPreview\" hidden class=\"wp-block-file__embed\" data=\"https:\/\/www.aeplima.pt\/aeplima\/wp-content\/uploads\/2024\/06\/5-Cursos-Profissionais-ADMNISTRATIVO-1.pdf\" type=\"application\/pdf\" style=\"width:100%;height:600px\" aria-label=\"Incorpora\u00e7\u00e3o de T\u00e9cnico(a) Administrativo(a).\"><\/object><a id=\"wp-block-file--media-58bfc8bf-0231-41d6-a817-ce58312e9cc9\" href=\"https:\/\/www.aeplima.pt\/aeplima\/wp-content\/uploads\/2024\/06\/5-Cursos-Profissionais-ADMNISTRATIVO-1.pdf\">T\u00e9cnico(a) Administrativo(a)<\/a><\/div>\n\n\n\n<div data-wp-interactive=\"core\/file\" class=\"wp-block-file\"><object data-wp-bind--hidden=\"!state.hasPdfPreview\" hidden class=\"wp-block-file__embed\" data=\"https:\/\/www.aeplima.pt\/aeplima\/wp-content\/uploads\/2024\/06\/4-Cursos-Profissionais-Tecnico-Saude-3.pdf\" type=\"application\/pdf\" style=\"width:100%;height:600px\" aria-label=\"Incorpora\u00e7\u00e3o de T\u00e9cnico(a) Auxiliar de Sa\u00fade.\"><\/object><a id=\"wp-block-file--media-bea36e5a-a835-4d3d-a1ec-929a3ac4eae7\" href=\"https:\/\/www.aeplima.pt\/aeplima\/wp-content\/uploads\/2024\/06\/4-Cursos-Profissionais-Tecnico-Saude-3.pdf\">T\u00e9cnico(a) Auxiliar de Sa\u00fade<\/a><\/div>\n\n\n\n<div data-wp-interactive=\"core\/file\" class=\"wp-block-file\"><object data-wp-bind--hidden=\"!state.hasPdfPreview\" hidden class=\"wp-block-file__embed\" data=\"https:\/\/www.aeplima.pt\/aeplima\/wp-content\/uploads\/2024\/06\/2-Cursos-Profissionais-Tecnico-Comercial-Folhetos-com-tres-dobras-1.pdf\" type=\"application\/pdf\" style=\"width:100%;height:600px\" aria-label=\"Incorpora\u00e7\u00e3o de T\u00e9cnico(a) Comercial.\"><\/object><a id=\"wp-block-file--media-897d1a45-c730-45f7-b9db-475590595a8e\" href=\"https:\/\/www.aeplima.pt\/aeplima\/wp-content\/uploads\/2024\/06\/2-Cursos-Profissionais-Tecnico-Comercial-Folhetos-com-tres-dobras-1.pdf\">T\u00e9cnico(a) Comercial<\/a><\/div>\n\n\n\n<div data-wp-interactive=\"core\/file\" class=\"wp-block-file\"><object data-wp-bind--hidden=\"!state.hasPdfPreview\" hidden class=\"wp-block-file__embed\" data=\"https:\/\/www.aeplima.pt\/aeplima\/wp-content\/uploads\/2024\/06\/1-Cursos-Profissionais-Tecnico-de-Desporto-3-1.pdf\" type=\"application\/pdf\" style=\"width:100%;height:600px\" aria-label=\"Incorpora\u00e7\u00e3o de T\u00e9cnico(a) de Desporto.\"><\/object><a id=\"wp-block-file--media-ca000517-7fef-4e95-93cf-c2eaaf425206\" href=\"https:\/\/www.aeplima.pt\/aeplima\/wp-content\/uploads\/2024\/06\/1-Cursos-Profissionais-Tecnico-de-Desporto-3-1.pdf\">T\u00e9cnico(a) de Desporto<\/a><a href=\"https:\/\/www.aeplima.pt\/aeplima\/wp-content\/uploads\/2024\/06\/1-Cursos-Profissionais-Tecnico-de-Desporto-3-1.pdf\" class=\"wp-block-file__button wp-element-button\" download aria-describedby=\"wp-block-file--media-ca000517-7fef-4e95-93cf-c2eaaf425206\">Descarregar<\/a><\/div>\n\n\n\n<div data-wp-interactive=\"core\/file\" class=\"wp-block-file\"><object data-wp-bind--hidden=\"!state.hasPdfPreview\" hidden class=\"wp-block-file__embed\" data=\"https:\/\/www.aeplima.pt\/aeplima\/wp-content\/uploads\/2024\/06\/3-Cursos-Profissionais-Tecnico-Eletricidade-2.pdf\" type=\"application\/pdf\" style=\"width:100%;height:600px\" aria-label=\"Incorpora\u00e7\u00e3o de T\u00e9cnico(a) de Instala\u00e7\u00f5es El\u00e9tricas.\"><\/object><a id=\"wp-block-file--media-2b393975-7ca1-4cec-befe-c323bc17e05f\" href=\"https:\/\/www.aeplima.pt\/aeplima\/wp-content\/uploads\/2024\/06\/3-Cursos-Profissionais-Tecnico-Eletricidade-2.pdf\">T\u00e9cnico(a) de Instala\u00e7\u00f5es El\u00e9tricas<\/a><a href=\"https:\/\/www.aeplima.pt\/aeplima\/wp-content\/uploads\/2024\/06\/3-Cursos-Profissionais-Tecnico-Eletricidade-2.pdf\" class=\"wp-block-file__button wp-element-button\" download aria-describedby=\"wp-block-file--media-2b393975-7ca1-4cec-befe-c323bc17e05f\">Descarregar<\/a><\/div>\n\n\n\n<div data-wp-interactive=\"core\/file\" class=\"wp-block-file\"><object data-wp-bind--hidden=\"!state.hasPdfPreview\" hidden class=\"wp-block-file__embed\" data=\"https:\/\/www.aeplima.pt\/aeplima\/wp-content\/uploads\/2024\/06\/6-Cursos-Profissionais-MECANICA-1-1.pdf\" type=\"application\/pdf\" style=\"width:100%;height:600px\" aria-label=\"Incorpora\u00e7\u00e3o de T\u00e9cnico(a) de Manuten\u00e7\u00e3o Industrial \u2013 Variante Eletromec\u00e2nica.\"><\/object><a id=\"wp-block-file--media-67e3466d-5834-4fb0-8dbd-77031b6e13e7\" href=\"https:\/\/www.aeplima.pt\/aeplima\/wp-content\/uploads\/2024\/06\/6-Cursos-Profissionais-MECANICA-1-1.pdf\">T\u00e9cnico(a) de Manuten\u00e7\u00e3o Industrial \u2013 Variante Eletromec\u00e2nica<\/a><\/div>\n\n\n\n<div data-wp-interactive=\"core\/file\" class=\"wp-block-file\"><object data-wp-bind--hidden=\"!state.hasPdfPreview\" hidden class=\"wp-block-file__embed\" data=\"https:\/\/www.aeplima.pt\/aeplima\/wp-content\/uploads\/2024\/06\/Together-we-are-AEPL.pdf\" type=\"application\/pdf\" style=\"width:100%;height:600px\" aria-label=\"Incorpora\u00e7\u00e3o de Together we are AEPL.\"><\/object><a id=\"wp-block-file--media-ea8a36e2-0757-481b-a0ac-0b780e97c4bb\" href=\"https:\/\/www.aeplima.pt\/aeplima\/wp-content\/uploads\/2024\/06\/Together-we-are-AEPL.pdf\">Together we are AEPL<\/a><\/div>\n","protected":false},"excerpt":{"rendered":"","protected":false},"author":1,"featured_media":0,"parent":0,"menu_order":0,"comment_status":"closed","ping_status":"closed","template":"","meta":{"footnotes":""},"class_list":["post-10497","page","type-page","status-publish","hentry"],"_links":{"self":[{"href":"https:\/\/www.aeplima.pt\/aeplima\/wp-json\/wp\/v2\/pages\/10497","targetHints":{"allow":["GET"]}}],"collection":[{"href":"https:\/\/www.aeplima.pt\/aeplima\/wp-json\/wp\/v2\/pages"}],"about":[{"href":"https:\/\/www.aeplima.pt\/aeplima\/wp-json\/wp\/v2\/types\/page"}],"author":[{"embeddable":true,"href":"https:\/\/www.aeplima.pt\/aeplima\/wp-json\/wp\/v2\/users\/1"}],"replies":[{"embeddable":true,"href":"https:\/\/www.aeplima.pt\/aeplima\/wp-json\/wp\/v2\/comments?post=10497"}],"version-history":[{"count":3,"href":"https:\/\/www.aeplima.pt\/aeplima\/wp-json\/wp\/v2\/pages\/10497\/revisions"}],"predecessor-version":[{"id":10511,"href":"https:\/\/www.aeplima.pt\/aeplima\/wp-json\/wp\/v2\/pages\/10497\/revisions\/10511"}],"wp:attachment":[{"href":"https:\/\/www.aeplima.pt\/aeplima\/wp-json\/wp\/v2\/media?parent=10497"}],"curies":[{"name":"wp","href":"https:\/\/api.w.org\/{rel}","templated":true}]}}